{"id":502939,"date":"2026-03-26T14:49:29","date_gmt":"2026-03-26T13:49:29","guid":{"rendered":"https:\/\/transparentgift.com\/it\/tazza-mamma-cubi-con-quattro-foto-personalizzata\/"},"modified":"2026-04-16T10:38:54","modified_gmt":"2026-04-16T08:38:54","slug":"tazza-mamma-cubi-con-quattro-foto-personalizzata","status":"publish","type":"product","link":"https:\/\/transparentgift.com\/it\/tazza-mamma-cubi-con-quattro-foto-personalizzata\/","title":{"rendered":"Tazza Mamma Cubi con Quattro Foto personalizzata"},"content":{"rendered":"<p>&#8220;Sorprendi la tua mamma con la <strong>tazza personalizzata<\/strong> pi\u00f9 originale che tu possa regalarle. Questo modello ha un design al quale potrai aggiungere le foto che desideri. Essendo una tazza personalizzabile, ogni modello sar\u00e0 unico. La tua mamma potr\u00e0 bere il caff\u00e8 ogni giorno con il ricordo pi\u00f9 emozionante! Oltre a essere il miglior <strong>regalo per la Festa della Mamma<\/strong>, sar\u00e0 anche un bel regalo per la mamma per il suo <strong>compleanno<\/strong> o per qualsiasi occasione speciale.<\/p>\n<p>Come personalizzarla? \u00c8 molto semplice! Potrai <strong>caricare le quattro foto preferite<\/strong> con la tua mamma e compariranno sulla tazza in formato collage, accompagnando la <strong>parola &#8220;&#8221;Mamma&#8221;&#8221; inserita in cubi<\/strong>. Potrai anche <strong>scegliere il colore<\/strong> dei cubi tra due opzioni (verde e rosa). La tua mamma non vorr\u00e0 usare nessun\u2019altra tazza! Questo regalo originale \u00e8 una delle migliori idee per dare il tocco finale alla <strong>colazione o merenda<\/strong>, in compagnia di un buon <strong>caff\u00e8 o t\u00e8<\/strong>.<\/p>\n<p>\u00c8 realizzata in <strong>ceramica di alta qualit\u00e0<\/strong>, adatta al microonde e alla lavastoviglie. <strong>\u00c8 dotata di manico<\/strong> per afferrarla in sicurezza. Inoltre, potrai <strong>riempire la tazza con cioccolatini Kinder<\/strong> con un costo aggiuntivo di 6 euro. Ti baster\u00e0 scegliere questa opzione al momento della personalizzazione.<\/p>\n<p>Non restare senza uno dei migliori <strong>regali originali per le mamme<\/strong>. \u00c8 ideale per dimostrare il tuo affetto alla mamma in un giorno cos\u00ec speciale. La farai sentire la pi\u00f9 fortunata del mondo!<\/p>\n<p><strong>Caratteristiche:<\/strong><\/p>\n<ul>\n<li>Dimensioni: 9,5 x 8 cm<\/li>\n<li>Materiale: Ceramica.<\/li>\n<li>Capacit\u00e0: 333 ml<\/li>\n<li>Manutenzione: Adatta al microonde e alla lavastoviglie.<\/li>\n<li>Extra: Sacchetto con Kinder.<\/li>\n<\/ul>\n<p>&#8220;<\/p>\n","protected":false},"excerpt":{"rendered":"<p>&#8220;Sorprendi la tua mamma con la tazza personalizzata pi\u00f9 originale che tu possa regalarle. Que [&#8230;]<\/p>\n","protected":false},"featured_media":502997,"comment_status":"open","ping_status":"closed","template":"","meta":{"_acf_changed":false},"product_brand":[],"product_cat":[1814],"product_tag":[1688],"class_list":{"0":"post-502939","1":"product","2":"type-product","3":"status-publish","4":"has-post-thumbnail","6":"product_cat-calici-personalizzati","7":"product_tag-mamme","9":"first","10":"instock","11":"taxable","12":"shipping-taxable","13":"purchasable","14":"product-type-simple"},"acf":[],"df_price":14.99,"df_sale_price":"","df_regular_price":14.99,"df_image_link":"https:\/\/transparentgift.com\/it\/wp-content\/uploads\/2026\/03\/Taza-Mama-cubos-vertical_1-300x300.jpg","_links":{"self":[{"href":"https:\/\/transparentgift.com\/it\/wp-json\/wp\/v2\/product\/502939","targetHints":{"allow":["GET"]}}],"collection":[{"href":"https:\/\/transparentgift.com\/it\/wp-json\/wp\/v2\/product"}],"about":[{"href":"https:\/\/transparentgift.com\/it\/wp-json\/wp\/v2\/types\/product"}],"replies":[{"embeddable":true,"href":"https:\/\/transparentgift.com\/it\/wp-json\/wp\/v2\/comments?post=502939"}],"wp:featuredmedia":[{"embeddable":true,"href":"https:\/\/transparentgift.com\/it\/wp-json\/wp\/v2\/media\/502997"}],"wp:attachment":[{"href":"https:\/\/transparentgift.com\/it\/wp-json\/wp\/v2\/media?parent=502939"}],"wp:term":[{"taxonomy":"product_brand","embeddable":true,"href":"https:\/\/transparentgift.com\/it\/wp-json\/wp\/v2\/product_brand?post=502939"},{"taxonomy":"product_cat","embeddable":true,"href":"https:\/\/transparentgift.com\/it\/wp-json\/wp\/v2\/product_cat?post=502939"},{"taxonomy":"product_tag","embeddable":true,"href":"https:\/\/transparentgift.com\/it\/wp-json\/wp\/v2\/product_tag?post=502939"}],"curies":[{"name":"wp","href":"https:\/\/api.w.org\/{rel}","templated":true}]}}