{"id":503778,"date":"2026-04-16T12:14:27","date_gmt":"2026-04-16T10:14:27","guid":{"rendered":"https:\/\/transparentgift.com\/it\/?post_type=product&#038;p=503778"},"modified":"2026-04-26T10:34:12","modified_gmt":"2026-04-26T08:34:12","slug":"carta-regalo-mamma-colori-con-nome-personalizzato","status":"publish","type":"product","link":"https:\/\/transparentgift.com\/it\/carta-regalo-mamma-colori-con-nome-personalizzato\/","title":{"rendered":"Carta Regalo Mamma Colori con Nome personalizzato"},"content":{"rendered":"<p>Aggiungi un tocco unico ai tuoi <strong>regali per la Festa della Mamma<\/strong> con questo <strong>rotolo di carta regalo<\/strong>, che potrai personalizzare aggiungendo i nomi o il testo che desideri. Oltre a utilizzare la carta per avvolgere i regali di questo giorno cos\u00ec speciale, sar\u00e0 utile anche per i <strong>regali di compleanno<\/strong> o di Natale.<\/p>\n<p>\u00c8 totalmente personalizzabile! Ti baster\u00e0 <strong>scrivere il testo o i nomi<\/strong> speciali e resteranno stampati sotto la <strong>parola &#8220;Mamma&#8221; a colori,<\/strong> sul motivo a pois. Potrai avvolgere i regali per tua madre con un tocco unico e personale. Sar\u00e0 felicissima di aprire i suoi regali riconoscendo sulla confezione un design dedicato esclusivamente a lei. Questa divertente carta regalo le far\u00e0 spuntare un grande sorriso!<\/p>\n<p>Questo rotolo di carta da regalo \u00e8 realizzato con <strong>materiali di alta qualit\u00e0<\/strong>, che donano grande vivacit\u00e0 di colore e nitidezza al design.<\/p>\n<p>Non restare senza il tocco personalizzato pi\u00f9 originale per avvolgere i tuoi regali per la Festa della Mamma. \u00c8 ideale per dimostrare il tuo affetto alla mamma in quel giorno cos\u00ec speciale. La farai sentire la pi\u00f9 fortunata del mondo!<\/p>\n<p><strong>Caratteristiche:<\/strong><\/p>\n<ul>\n<li>Dimensioni: 100 x 61 cm<\/li>\n<li>Materiale: Carta da 80 gr<\/li>\n<li>Extra: Possibilit\u00e0 di scegliere da 2 a 5 fogli.<\/li>\n<\/ul>\n","protected":false},"excerpt":{"rendered":"<p>Aggiungi un tocco unico ai tuoi regali per la Festa della Mamma con questo rotolo di carta regalo, c [&#8230;]<\/p>\n","protected":false},"featured_media":503850,"comment_status":"open","ping_status":"closed","template":"","meta":{"_acf_changed":false},"product_brand":[],"product_cat":[1721],"product_tag":[1688,1695],"class_list":{"0":"post-503778","1":"product","2":"type-product","3":"status-publish","4":"has-post-thumbnail","6":"product_cat-carta-regalo-personalizzata","7":"product_tag-mamme","8":"product_tag-natale","10":"first","11":"instock","12":"taxable","13":"shipping-taxable","14":"purchasable","15":"product-type-simple"},"acf":[],"df_price":14.99,"df_sale_price":"","df_regular_price":14.99,"df_image_link":"https:\/\/transparentgift.com\/it\/wp-content\/uploads\/2026\/04\/it_cat-1-3-300x300.jpg","_links":{"self":[{"href":"https:\/\/transparentgift.com\/it\/wp-json\/wp\/v2\/product\/503778","targetHints":{"allow":["GET"]}}],"collection":[{"href":"https:\/\/transparentgift.com\/it\/wp-json\/wp\/v2\/product"}],"about":[{"href":"https:\/\/transparentgift.com\/it\/wp-json\/wp\/v2\/types\/product"}],"replies":[{"embeddable":true,"href":"https:\/\/transparentgift.com\/it\/wp-json\/wp\/v2\/comments?post=503778"}],"wp:featuredmedia":[{"embeddable":true,"href":"https:\/\/transparentgift.com\/it\/wp-json\/wp\/v2\/media\/503850"}],"wp:attachment":[{"href":"https:\/\/transparentgift.com\/it\/wp-json\/wp\/v2\/media?parent=503778"}],"wp:term":[{"taxonomy":"product_brand","embeddable":true,"href":"https:\/\/transparentgift.com\/it\/wp-json\/wp\/v2\/product_brand?post=503778"},{"taxonomy":"product_cat","embeddable":true,"href":"https:\/\/transparentgift.com\/it\/wp-json\/wp\/v2\/product_cat?post=503778"},{"taxonomy":"product_tag","embeddable":true,"href":"https:\/\/transparentgift.com\/it\/wp-json\/wp\/v2\/product_tag?post=503778"}],"curies":[{"name":"wp","href":"https:\/\/api.w.org\/{rel}","templated":true}]}}