{"id":505504,"date":"2026-05-05T11:05:47","date_gmt":"2026-05-05T09:05:47","guid":{"rendered":"https:\/\/transparentgift.com\/it\/?post_type=product&#038;p=505504"},"modified":"2026-05-12T13:05:02","modified_gmt":"2026-05-12T11:05:02","slug":"lampada-infantile-luna-a-colori-con-nome-personalizzata","status":"publish","type":"product","link":"https:\/\/transparentgift.com\/it\/lampada-infantile-luna-a-colori-con-nome-personalizzata\/","title":{"rendered":"Lampada Infantile Luna a Colori con Nome personalizzata"},"content":{"rendered":"<p>Con questa <strong>lampada antipaura con design di luna a colori<\/strong>, potrai dare un tocco originale e unico alla stanza del pi\u00f9 piccolo di casa. \u00c8 il regalo pi\u00f9 originale da fare <strong>per il suo compleanno, a Natale, al rientro a scuola<\/strong> o in qualsiasi celebrazione che lo meriti. Sar\u00e0 anche un dettaglio fantastico per <strong>battesimi o nascite<\/strong>. In ogni caso, l\u2019emozione \u00e8 garantita!<\/p>\n<p>Potrai personalizzarla in modo semplice <strong>aggiungendo il nome<\/strong> del bambino o della bambina dove indicato, che verr\u00e0 inciso all\u2019interno della nuvola su cui riposano la luna colorata e le stelle. Sentir\u00e0 che la lampada \u00e8 dedicata esclusivamente a lui o a lei.<\/p>\n<p>La luce soffusa che emette \u00e8 perfetta per aggiungere un <strong>tocco personale alla cameretta dei bambini<\/strong>. Potr\u00e0 posizionarla sul <strong>comodino<\/strong>, sulla sua <strong>scrivania<\/strong> o su una <strong>mensola<\/strong>. Inoltre, aiuter\u00e0 i pi\u00f9 piccoli a <strong>prendere sonno<\/strong> grazie alla sua luce notturna, che la trasforma in una lampada antipaura. La luce si accende facilmente tramite l\u2019<strong>interruttore di accensione\/spegnimento<\/strong>.<\/p>\n<p>La placca della lampada \u00e8 realizzata in <strong>metacrilato di alta qualit\u00e0<\/strong>, che le conferisce resistenza e durata. La <strong>base<\/strong> su cui si sostiene \u00e8 fatta <strong>in legno<\/strong>, e potrai incidere un <strong>messaggio aggiuntivo<\/strong> con un piccolo extra.<\/p>\n<p>Non restare senza il miglior regalo per rendere felici i pi\u00f9 piccoli. Personalizza la lampada secondo i loro gusti e lascia che la piacevole luce e il vistoso design infantile rendano le loro notti molto pi\u00f9 piacevoli. Ameranno la loro nuova lampada!<\/p>\n<p><strong>Caratteristiche:<\/strong><\/p>\n<ul>\n<li>Dimensioni: 18 \u00d7 14,5 x 4,5 cm<\/li>\n<li>Materiale:\n<ul>\n<li>Placca: metacrilato di alta qualit\u00e0.<\/li>\n<li>Base: legno di alta qualit\u00e0.<\/li>\n<\/ul>\n<\/li>\n<li>Include: luce LED RGB, cavo USB, packaging con scatola regalo.<\/li>\n<li>Manutenzione: si pulisce facilmente con l\u2019aiuto del panno incluso.<\/li>\n<\/ul>\n","protected":false},"excerpt":{"rendered":"<p>Con questa lampada antipaura con design di luna a colori, potrai dare un tocco originale e unico all [&#8230;]<\/p>\n","protected":false},"featured_media":506361,"comment_status":"open","ping_status":"closed","template":"","meta":{"_acf_changed":false},"product_brand":[],"product_cat":[1683,1682],"product_tag":[1684,1685],"class_list":{"0":"post-505504","1":"product","2":"type-product","3":"status-publish","4":"has-post-thumbnail","6":"product_cat-lampade-antipaura-per-bambini-personalizzate","7":"product_cat-lampade-personalizzate","8":"product_tag-bebe","9":"product_tag-infanzia","11":"first","12":"instock","13":"sale","14":"taxable","15":"shipping-taxable","16":"purchasable","17":"product-type-simple"},"acf":[],"df_price":20.99,"df_sale_price":20.99,"df_regular_price":34.99,"df_image_link":"https:\/\/transparentgift.com\/it\/wp-content\/uploads\/2026\/05\/IT_1-3-300x300.jpg","_links":{"self":[{"href":"https:\/\/transparentgift.com\/it\/wp-json\/wp\/v2\/product\/505504","targetHints":{"allow":["GET"]}}],"collection":[{"href":"https:\/\/transparentgift.com\/it\/wp-json\/wp\/v2\/product"}],"about":[{"href":"https:\/\/transparentgift.com\/it\/wp-json\/wp\/v2\/types\/product"}],"replies":[{"embeddable":true,"href":"https:\/\/transparentgift.com\/it\/wp-json\/wp\/v2\/comments?post=505504"}],"wp:featuredmedia":[{"embeddable":true,"href":"https:\/\/transparentgift.com\/it\/wp-json\/wp\/v2\/media\/506361"}],"wp:attachment":[{"href":"https:\/\/transparentgift.com\/it\/wp-json\/wp\/v2\/media?parent=505504"}],"wp:term":[{"taxonomy":"product_brand","embeddable":true,"href":"https:\/\/transparentgift.com\/it\/wp-json\/wp\/v2\/product_brand?post=505504"},{"taxonomy":"product_cat","embeddable":true,"href":"https:\/\/transparentgift.com\/it\/wp-json\/wp\/v2\/product_cat?post=505504"},{"taxonomy":"product_tag","embeddable":true,"href":"https:\/\/transparentgift.com\/it\/wp-json\/wp\/v2\/product_tag?post=505504"}],"curies":[{"name":"wp","href":"https:\/\/api.w.org\/{rel}","templated":true}]}}