{"id":505505,"date":"2026-05-05T11:05:47","date_gmt":"2026-05-05T09:05:47","guid":{"rendered":"https:\/\/transparentgift.com\/it\/?post_type=product&#038;p=505505"},"modified":"2026-05-12T13:05:03","modified_gmt":"2026-05-12T11:05:03","slug":"tazza-con-foto-degli-alunni-e-testo-personalizzata","status":"publish","type":"product","link":"https:\/\/transparentgift.com\/it\/tazza-con-foto-degli-alunni-e-testo-personalizzata\/","title":{"rendered":"Tazza con Foto degli Alunni e Testo personalizzata"},"content":{"rendered":"<p>Sorprendi il tuo insegnante con la <strong>tazza personalizzata<\/strong> pi\u00f9 originale che tu possa regalare. Questo modello ha un design al quale potrai aggiungere le foto e il testo che desideri. Essendo una tazza personalizzabile, ogni modello sar\u00e0 unico. Potr\u00e0 bere il caff\u00e8 ogni giorno con il ricordo pi\u00f9 affettuoso! Sar\u00e0 il miglior <strong>regalo per il tuo maestro o la tua maestra<\/strong> per una <strong>cerimonia di fine studi<\/strong>, una festa di <strong>fine anno scolastico<\/strong> o anche per altre celebrazioni, come il compleanno o il Natale.<\/p>\n<p>Come personalizzarla? \u00c8 molto semplice! Per prima cosa dovrai <strong>aggiungere fino a 25 foto degli alunni<\/strong>, che saranno incorniciate e distribuite in modo divertente sulla tazza. Gli spazi che resteranno senza foto saranno decorati con <strong>cuoricini<\/strong>. A quel punto non rester\u00e0 che <strong>scrivere una dedica, un nome o la promozione<\/strong> di quell\u2019anno scolastico. Tutto rimarr\u00e0 stampato decorando la tazza e creando il miglior design. Non vorr\u00e0 usare un\u2019altra tazza! Questo regalo originale \u00e8 una delle migliori idee per dare un tocco finale alla <strong>colazione<\/strong> o alla <strong>merenda<\/strong>, accompagnata da un buon <strong>caff\u00e8<\/strong> o <strong>t\u00e8<\/strong>.<\/p>\n<p>\u00c8 realizzata in <strong>ceramica di alta qualit\u00e0<\/strong>, adatta al microonde e alla lavastoviglie. <strong>\u00c8 dotata di manico<\/strong> per afferrarla in sicurezza. Inoltre, potrai <strong>riempire la tazza con cioccolatini Kinder<\/strong> con un supplemento di 6 euro. Ti baster\u00e0 selezionare questa opzione al momento della personalizzazione.<\/p>\n<p>Non lasciarti sfuggire uno dei migliori regali originali. \u00c8 ideale per dimostrare il tuo affetto a quella persona speciale che ti ha accompagnato in questo <strong>percorso scolastico<\/strong>. La farai sentire la pi\u00f9 fortunata del mondo!<\/p>\n<p><strong>Caratteristiche:<\/strong><\/p>\n<ul>\n<li>Dimensioni: 9,5 x 8 cm<\/li>\n<li>Materiale: ceramica.<\/li>\n<li>Capacit\u00e0: 333 ml<\/li>\n<li>Manutenzione: adatta a microonde e lavastoviglie.<\/li>\n<li>Extra: sacchetto con Kinder.<\/li>\n<\/ul>\n","protected":false},"excerpt":{"rendered":"<p>Sorprendi il tuo insegnante con la tazza personalizzata pi\u00f9 originale che tu possa regalare. Questo [&#8230;]<\/p>\n","protected":false},"featured_media":506377,"comment_status":"open","ping_status":"closed","template":"","meta":{"_acf_changed":false},"product_brand":[],"product_cat":[1813],"product_tag":[1703],"class_list":{"0":"post-505505","1":"product","2":"type-product","3":"status-publish","4":"has-post-thumbnail","6":"product_cat-tazze-personalizzate","7":"product_tag-professori","9":"first","10":"instock","11":"taxable","12":"shipping-taxable","13":"purchasable","14":"product-type-simple"},"acf":[],"df_price":10.99,"df_sale_price":"","df_regular_price":10.99,"df_image_link":"https:\/\/transparentgift.com\/it\/wp-content\/uploads\/2026\/05\/Taza_fotos_1-1-300x300.jpg","_links":{"self":[{"href":"https:\/\/transparentgift.com\/it\/wp-json\/wp\/v2\/product\/505505","targetHints":{"allow":["GET"]}}],"collection":[{"href":"https:\/\/transparentgift.com\/it\/wp-json\/wp\/v2\/product"}],"about":[{"href":"https:\/\/transparentgift.com\/it\/wp-json\/wp\/v2\/types\/product"}],"replies":[{"embeddable":true,"href":"https:\/\/transparentgift.com\/it\/wp-json\/wp\/v2\/comments?post=505505"}],"wp:featuredmedia":[{"embeddable":true,"href":"https:\/\/transparentgift.com\/it\/wp-json\/wp\/v2\/media\/506377"}],"wp:attachment":[{"href":"https:\/\/transparentgift.com\/it\/wp-json\/wp\/v2\/media?parent=505505"}],"wp:term":[{"taxonomy":"product_brand","embeddable":true,"href":"https:\/\/transparentgift.com\/it\/wp-json\/wp\/v2\/product_brand?post=505505"},{"taxonomy":"product_cat","embeddable":true,"href":"https:\/\/transparentgift.com\/it\/wp-json\/wp\/v2\/product_cat?post=505505"},{"taxonomy":"product_tag","embeddable":true,"href":"https:\/\/transparentgift.com\/it\/wp-json\/wp\/v2\/product_tag?post=505505"}],"curies":[{"name":"wp","href":"https:\/\/api.w.org\/{rel}","templated":true}]}}