{"id":505509,"date":"2026-05-05T11:05:47","date_gmt":"2026-05-05T09:05:47","guid":{"rendered":"https:\/\/transparentgift.com\/it\/?post_type=product&#038;p=505509"},"modified":"2026-05-12T13:05:11","modified_gmt":"2026-05-12T11:05:11","slug":"blocco-note-mani-colorate-con-nomi-e-testo-personalizzato","status":"publish","type":"product","link":"https:\/\/transparentgift.com\/it\/blocco-note-mani-colorate-con-nomi-e-testo-personalizzato\/","title":{"rendered":"Blocco Note Mani Colorate con Nomi e Testo personalizzato"},"content":{"rendered":"<p>Fai il migliore dei <strong>regali per insegnanti<\/strong> con questo <strong>blocco note personalizzato<\/strong> con i nomi e il testo che desideri. \u00c8 il migliore dei regali originali per il giorno di <strong>fine anno scolastico<\/strong>, un <strong>compleanno<\/strong> o persino <strong>Natale<\/strong>. Sar\u00e0 un regalo super utile con un design unico!<\/p>\n<p>Questo quaderno per appunti \u00e8 completamente personalizzabile. Dovrai soltanto <strong>scrivere un testo significativo, un nome o la promozione di quell\u2019anno scolastico<\/strong>. Inoltre, potrai <strong>aggiungere fino a 25 nomi degli alunni<\/strong> sulle <strong>impronte di mani dipinte a colori<\/strong>. Tutto rimarr\u00e0 stampato decorando il blocco e creando il miglior design. Non vorr\u00e0 usare un altro quaderno per appunti! Con questo regalo personalizzato cos\u00ec speciale, il tuo insegnante avr\u00e0 la migliore risorsa per <strong>annotare i suoi compiti<\/strong> e dati rapidi. Ha la dimensione ideale per <strong>essere conservato in tasca, in una borsa o in una valigetta<\/strong> e trasportato ovunque serva. Inoltre, \u00e8 molto comodo per poter scrivere in qualsiasi luogo.<\/p>\n<p>Il blocco note \u00e8 realizzato con <strong>materiali di alta qualit\u00e0<\/strong> che gli conferiscono resistenza e durata. All\u2019interno <strong>contiene 100 fogli di carta<\/strong> e tutto il contenuto pu\u00f2 essere chiuso in sicurezza grazie a una <strong>fascia elastica<\/strong> inclusa.<\/p>\n<p>Non lasciarti sfuggire uno dei <strong>regali per insegnanti<\/strong> pi\u00f9 originali e pratici. \u00c8 ideale per dimostrare il tuo affetto alle maestre della scuola dell\u2019infanzia o primaria in qualsiasi celebrazione. Le farai sentire le pi\u00f9 fortunate del mondo!<\/p>\n<p><strong>Caratteristiche:<\/strong><\/p>\n<ul>\n<li>Dimensioni: 21 x 14,5 cm<\/li>\n<li>Materiale: copertine rigide realizzate in RPET 600D.<\/li>\n<li>Include: 100 fogli lisci. Fascia elastica e segnalibro.<\/li>\n<\/ul>\n","protected":false},"excerpt":{"rendered":"<p>Fai il migliore dei regali per insegnanti con questo blocco note personalizzato con i nomi e il test [&#8230;]<\/p>\n","protected":false},"featured_media":506317,"comment_status":"open","ping_status":"closed","template":"","meta":{"_acf_changed":false},"product_brand":[],"product_cat":[1690],"product_tag":[1703],"class_list":{"0":"post-505509","1":"product","2":"type-product","3":"status-publish","4":"has-post-thumbnail","6":"product_cat-prodotti-originali","7":"product_tag-professori","9":"first","10":"instock","11":"taxable","12":"shipping-taxable","13":"purchasable","14":"product-type-simple"},"acf":[],"df_price":20.99,"df_sale_price":"","df_regular_price":20.99,"df_image_link":"https:\/\/transparentgift.com\/it\/wp-content\/uploads\/2026\/05\/Bloc-notas_Manos_1_Portada-300x300.jpg","_links":{"self":[{"href":"https:\/\/transparentgift.com\/it\/wp-json\/wp\/v2\/product\/505509","targetHints":{"allow":["GET"]}}],"collection":[{"href":"https:\/\/transparentgift.com\/it\/wp-json\/wp\/v2\/product"}],"about":[{"href":"https:\/\/transparentgift.com\/it\/wp-json\/wp\/v2\/types\/product"}],"replies":[{"embeddable":true,"href":"https:\/\/transparentgift.com\/it\/wp-json\/wp\/v2\/comments?post=505509"}],"wp:featuredmedia":[{"embeddable":true,"href":"https:\/\/transparentgift.com\/it\/wp-json\/wp\/v2\/media\/506317"}],"wp:attachment":[{"href":"https:\/\/transparentgift.com\/it\/wp-json\/wp\/v2\/media?parent=505509"}],"wp:term":[{"taxonomy":"product_brand","embeddable":true,"href":"https:\/\/transparentgift.com\/it\/wp-json\/wp\/v2\/product_brand?post=505509"},{"taxonomy":"product_cat","embeddable":true,"href":"https:\/\/transparentgift.com\/it\/wp-json\/wp\/v2\/product_cat?post=505509"},{"taxonomy":"product_tag","embeddable":true,"href":"https:\/\/transparentgift.com\/it\/wp-json\/wp\/v2\/product_tag?post=505509"}],"curies":[{"name":"wp","href":"https:\/\/api.w.org\/{rel}","templated":true}]}}