{"id":505510,"date":"2026-05-05T11:05:47","date_gmt":"2026-05-05T09:05:47","guid":{"rendered":"https:\/\/transparentgift.com\/it\/?post_type=product&#038;p=505510"},"modified":"2026-05-12T13:05:12","modified_gmt":"2026-05-12T11:05:12","slug":"borraccia-pioggia-con-nome-e-testo-personalizzata","status":"publish","type":"product","link":"https:\/\/transparentgift.com\/it\/borraccia-pioggia-con-nome-e-testo-personalizzata\/","title":{"rendered":"Borraccia Pioggia con Nome e Testo personalizzata"},"content":{"rendered":"<p><strong>Una borraccia personalizzata per insegnanti che lasciano il segno<\/strong>. Il design con arcobaleno e gocce con nomi trasforma questo regalo in un ricordo affettuoso.<\/p>\n<p>Colorata, emozionante e unica, questa borraccia personalizzata con il nome del prof e della sua classe \u00e8 perfetta per ringraziare per tutto ci\u00f2 che \u00e8 stato condiviso durante l\u2019anno scolastico. Ogni goccia rappresenta un alunno e l\u2019arcobaleno simboleggia l\u2019impatto positivo dell\u2019insegnante nelle loro vite.<\/p>\n<p>Ideale come regalo di fine anno scolastico per maestre e maestri, sia della scuola dell\u2019infanzia che primaria. La sua capacit\u00e0 di 700 ml e la finitura in acciaio inox la rendono pratica per la vita quotidiana in classe, per le gite o per i momenti di pausa. Un dettaglio funzionale, durevole e ricco di valore emotivo.<\/p>\n<h4><strong>Caratteristiche:<\/strong><\/h4>\n<ul>\n<li>Dimensioni: 26 x 7 cm<\/li>\n<li>Materiale: acciaio inox con finitura bianca<\/li>\n<li>Capacit\u00e0: 700 ml<\/li>\n<li>Personalizzabile con nome dell\u2019insegnante e 26 nomi degli alunni in formato di gocce colorate<\/li>\n<li>Include tappo di sicurezza (non adatta a microonde n\u00e9 lavastoviglie)<\/li>\n<\/ul>\n","protected":false},"excerpt":{"rendered":"<p>Una borraccia personalizzata per insegnanti che lasciano il segno. Il design con arcobaleno e gocce  [&#8230;]<\/p>\n","protected":false},"featured_media":506326,"comment_status":"open","ping_status":"closed","template":"","meta":{"_acf_changed":false},"product_brand":[],"product_cat":[1854],"product_tag":[1703],"class_list":{"0":"post-505510","1":"product","2":"type-product","3":"status-publish","4":"has-post-thumbnail","6":"product_cat-borraccia-personalizzata","7":"product_tag-professori","9":"first","10":"instock","11":"taxable","12":"shipping-taxable","13":"purchasable","14":"product-type-simple"},"acf":[],"df_price":15.99,"df_sale_price":"","df_regular_price":15.99,"df_image_link":"https:\/\/transparentgift.com\/it\/wp-content\/uploads\/2026\/05\/Botella_Lluvia_1-3-300x300.jpg","_links":{"self":[{"href":"https:\/\/transparentgift.com\/it\/wp-json\/wp\/v2\/product\/505510","targetHints":{"allow":["GET"]}}],"collection":[{"href":"https:\/\/transparentgift.com\/it\/wp-json\/wp\/v2\/product"}],"about":[{"href":"https:\/\/transparentgift.com\/it\/wp-json\/wp\/v2\/types\/product"}],"replies":[{"embeddable":true,"href":"https:\/\/transparentgift.com\/it\/wp-json\/wp\/v2\/comments?post=505510"}],"wp:featuredmedia":[{"embeddable":true,"href":"https:\/\/transparentgift.com\/it\/wp-json\/wp\/v2\/media\/506326"}],"wp:attachment":[{"href":"https:\/\/transparentgift.com\/it\/wp-json\/wp\/v2\/media?parent=505510"}],"wp:term":[{"taxonomy":"product_brand","embeddable":true,"href":"https:\/\/transparentgift.com\/it\/wp-json\/wp\/v2\/product_brand?post=505510"},{"taxonomy":"product_cat","embeddable":true,"href":"https:\/\/transparentgift.com\/it\/wp-json\/wp\/v2\/product_cat?post=505510"},{"taxonomy":"product_tag","embeddable":true,"href":"https:\/\/transparentgift.com\/it\/wp-json\/wp\/v2\/product_tag?post=505510"}],"curies":[{"name":"wp","href":"https:\/\/api.w.org\/{rel}","templated":true}]}}