{"id":505516,"date":"2026-05-05T11:05:48","date_gmt":"2026-05-05T09:05:48","guid":{"rendered":"https:\/\/transparentgift.com\/it\/?post_type=product&#038;p=505516"},"modified":"2026-05-12T13:05:22","modified_gmt":"2026-05-12T11:05:22","slug":"scatola-di-dolci-cuori-con-pupazzetti-con-nomi-e-testo-personalizzato","status":"publish","type":"product","link":"https:\/\/transparentgift.com\/it\/scatola-di-dolci-cuori-con-pupazzetti-con-nomi-e-testo-personalizzato\/","title":{"rendered":"Scatola di Dolci Cuori con Pupazzetti con Nomi e Testo personalizzato"},"content":{"rendered":"<p><strong>Un regalo dolce e personalizzato che arriva dritto al cuore<\/strong>. Questa scatola di caramelle con design di cuori e pupazzetti con nomi \u00e8 il dettaglio perfetto per insegnanti speciali.<\/p>\n<p>Piena di colore, affetto e sapore, questa scatola include deliziose caramelle gommose e un coperchio personalizzabile con i nomi degli alunni e il nome del prof, il tutto incorniciato in un grande cuore illustrato. Un design tenero che emoziona e lascia il segno.<\/p>\n<p>Ideale come regalo di fine anno scolastico per maestre e maestri della scuola dell\u2019infanzia e primaria. Disponibile in due dimensioni, \u00e8 un modo creativo e originale per ringraziare con dolcezza per tutto ci\u00f2 che \u00e8 stato vissuto durante l\u2019anno. Perfetta per sorprendere con un messaggio emozionante e un design allegro.<\/p>\n<h4><strong>Caratteristiche:<\/strong><\/h4>\n<ul>\n<li>Dimensioni disponibili: \u00a0\u00a0\u2013 Scatola grande: 28 x 18,5 x 2,5 cm \u00a0\u00a0\u2013 Scatola piccola: 15 x 15 x 2,5 cm<\/li>\n<li>Contenuto: \u00a0\u00a0\u2013 Scatola grande: Caramelle gommose multicolore e cuori \u00a0\u00a0\u2013 Scatola piccola: Caramelle gommose assortite<\/li>\n<li>Materiale: cartone di alta qualit\u00e0<\/li>\n<li>Personalizzazione: con nome del prof e pupazzetti con i nomi degli alunni<\/li>\n<li>Design esterno a forma di cuore con illustrazioni infantili<\/li>\n<\/ul>\n<p><strong>SCATOLA DI CARAMELLE GOMMOSE A CUORE<\/strong><\/p>\n<p><strong>Ingredienti:<\/strong><br \/>\nSciroppo di glucosio, zucchero, acqua, gelatina, umidificante: E420, acidificanti: E330, E270, aromi, correttore di acidit\u00e0: E325, coloranti: E129.<\/p>\n<table style=\"border-collapse: collapse;width: 100%;max-width: 400px\" border=\"1\">\n<thead>\n<tr>\n<th style=\"padding: 6px\">Nutriente<\/th>\n<th style=\"padding: 6px\">Per 100 g di miscela<\/th>\n<\/tr>\n<\/thead>\n<tbody>\n<tr>\n<td style=\"padding: 6px\">Valore energetico<\/td>\n<td style=\"padding: 6px\">1.459 kJ \/ 345 kcal<\/td>\n<\/tr>\n<tr>\n<td style=\"padding: 6px\">Grassi<\/td>\n<td style=\"padding: 6px\">0,2 g<\/td>\n<\/tr>\n<tr>\n<td style=\"padding: 6px\">\u2014 di cui saturi<\/td>\n<td style=\"padding: 6px\">0,1 g<\/td>\n<\/tr>\n<tr>\n<td style=\"padding: 6px\">Carboidrati<\/td>\n<td style=\"padding: 6px\">79,5 g<\/td>\n<\/tr>\n<tr>\n<td style=\"padding: 6px\">\u2014 di cui zuccheri<\/td>\n<td style=\"padding: 6px\">49,4 g<\/td>\n<\/tr>\n<tr>\n<td style=\"padding: 6px\">Proteine<\/td>\n<td style=\"padding: 6px\">4,5 g<\/td>\n<\/tr>\n<tr>\n<td style=\"padding: 6px\">Sale<\/td>\n<td style=\"padding: 6px\">0,02 g<\/td>\n<\/tr>\n<\/tbody>\n<\/table>\n<div style=\"font-family: sans-serif;line-height: 1.6;max-width: 600px\">\n<p><strong>SCATOLA DI CARAMELLE GOMMOSE MULTICOLORE<\/strong><\/p>\n<p><strong>Ingredienti:<\/strong><br \/>\nSciroppo di glucosio, zucchero, acqua, gelatina, umidificante: E420, acidificanti: E330, E270, gelificante: pectina, aromi, correttore di acidit\u00e0: E325, coloranti: E129<\/p>\n<table style=\"border-collapse: collapse;width: 100%\" border=\"1\">\n<thead>\n<tr>\n<th style=\"padding: 6px;text-align: left\">Nutriente<\/th>\n<th style=\"padding: 6px;text-align: left\">Valore per 100 g<\/th>\n<\/tr>\n<\/thead>\n<tbody>\n<tr>\n<td style=\"padding: 6px\">Valore energetico<\/td>\n<td style=\"padding: 6px\">1.441 kJ \/ 344 kcal<\/td>\n<\/tr>\n<tr>\n<td style=\"padding: 6px\">Grassi<\/td>\n<td style=\"padding: 6px\">0,2 g<\/td>\n<\/tr>\n<tr>\n<td style=\"padding: 6px\">\u2014 di cui saturi<\/td>\n<td style=\"padding: 6px\">0,1 g<\/td>\n<\/tr>\n<tr>\n<td style=\"padding: 6px\">Carboidrati<\/td>\n<td style=\"padding: 6px\">80,2 g<\/td>\n<\/tr>\n<tr>\n<td style=\"padding: 6px\">\u2014 di cui zuccheri<\/td>\n<td style=\"padding: 6px\">49,7 g<\/td>\n<\/tr>\n<tr>\n<td style=\"padding: 6px\">Proteine<\/td>\n<td style=\"padding: 6px\">3,8 g<\/td>\n<\/tr>\n<tr>\n<td style=\"padding: 6px\">Sale<\/td>\n<td style=\"padding: 6px\">0,02 g<\/td>\n<\/tr>\n<\/tbody>\n<\/table>\n<\/div>\n<div style=\"font-family: sans-serif;line-height: 1.6;max-width: 700px\">\n<p><strong>SCATOLA DI CIOCCOLATINI KINDER<\/strong><\/p>\n<p><strong>Schoko-Bons:<\/strong> Cioccolato al latte finissimo 50% (zucchero, latte intero in polvere, burro di cacao, pasta di cacao, emulsionanti: lecitine (soia), aromi), zucchero. Latte scremato in polvere, grasso di palma, nocciole (5,8%), burro concentrato, cioccolato fondente (zucchero, pasta di cacao, burro di cacao, emulsionanti: lecitine (soia); aromi), agenti di rivestimento (gomma arabica, gommalacca), sciroppo di glucosio, emulsionanti: lecitine (soia), aromi.<br \/>\n<em>Sul totale: prodotti del latte: 28%, cacao: 16,5%.<\/em><\/p>\n<p><strong>Kinder Bueno:<\/strong> Cioccolato al latte 31% (zucchero, burro di cacao, pasta di cacao, latte scremato in polvere, burro concentrato, emulsionanti: lecitine (soia); vaniglia), zucchero, grasso di palma, farina di frumento, nocciole 10,8%, latte scremato in polvere, latte intero in polvere, cioccolato fondente (zucchero, pasta di cacao, burro di cacao, emulsionanti: lecitine (soia); vaniglia), cacao magro, emulsionanti: lecitine (soia); agente lievitante (carbonato acido di sodio), sale, vaniglia.<br \/>\n<em>Sul totale: prodotti del latte 19%<\/em><\/p>\n<p><strong>Mini Kinder Chocolate:<\/strong><br \/>\nCioccolato al LATTE finissimo 40% (zucchero, LATTE intero in polvere, burro di cacao, pasta di cacao, emulsionanti: lecitine (SOIA), vanillina), zucchero, LATTE scremato in polvere, grasso di palma, BURRO concentrato, emulsionanti: lecitine (SOIA), vanillina.<br \/>\n<em>Sul totale: prodotti del latte 33% (latte scremato in polvere, latte intero in polvere: 27,5%, burro concentrato 5,5%) &#8211; cacao 13%.<\/em><\/p>\n<p><strong>SENZA GLUTINE<\/strong><\/p>\n<table style=\"border-collapse: collapse;width: 100%\" border=\"1\">\n<thead>\n<tr>\n<th style=\"padding: 6px;text-align: left\">Nutriente<\/th>\n<th style=\"padding: 6px;text-align: left\">Valore per 100 g<\/th>\n<\/tr>\n<\/thead>\n<tbody>\n<tr>\n<td style=\"padding: 6px\">Valore energetico<\/td>\n<td style=\"padding: 6px\">2.367 kJ \/ 566 kcal<\/td>\n<\/tr>\n<tr>\n<td style=\"padding: 6px\">Grassi<\/td>\n<td style=\"padding: 6px\">35,1 g<\/td>\n<\/tr>\n<tr>\n<td style=\"padding: 6px\">\u2014 di cui saturi<\/td>\n<td style=\"padding: 6px\">21,6 g<\/td>\n<\/tr>\n<tr>\n<td style=\"padding: 6px\">Carboidrati<\/td>\n<td style=\"padding: 6px\">51,6 g<\/td>\n<\/tr>\n<tr>\n<td style=\"padding: 6px\">\u2014 di cui zuccheri<\/td>\n<td style=\"padding: 6px\">51,7 g<\/td>\n<\/tr>\n<tr>\n<td style=\"padding: 6px\">Proteine<\/td>\n<td style=\"padding: 6px\">7,8 g<\/td>\n<\/tr>\n<tr>\n<td style=\"padding: 6px\">Sale<\/td>\n<td style=\"padding: 6px\">0,2 g<\/td>\n<\/tr>\n<\/tbody>\n<\/table>\n<\/div>\n<div style=\"font-family: sans-serif;line-height: 1.6;max-width: 700px\">\n<p><strong>SCATOLA DI CIOCCOLATINI A CUORE<\/strong><\/p>\n<p><strong>Ingredienti:<\/strong><br \/>\nZucchero, burro di cacao, oli e grassi vegetali (palma, palmisto e soia in proporzioni variabili), siero di latte, pasta di cacao, latte intero in polvere, nocciola 3%, grasso del latte, cacao magro in polvere, emulsionante E-322 (lecitina di soia), aroma naturale di nocciola e vaniglia.<br \/>\nPu\u00f2 contenere tracce di altra frutta a guscio e arachidi. SENZA GLUTINE.<br \/>\nCacao min. &#8211; Cioccolato al latte: 35%<\/p>\n<table style=\"border-collapse: collapse;width: 100%\" border=\"1\">\n<thead>\n<tr>\n<th style=\"padding: 6px;text-align: left\">Nutriente<\/th>\n<th style=\"padding: 6px;text-align: left\">Valore per 100 g<\/th>\n<\/tr>\n<\/thead>\n<tbody>\n<tr>\n<td style=\"padding: 6px\">Valore energetico<\/td>\n<td style=\"padding: 6px\">2.344 kJ \/ 562 kcal<\/td>\n<\/tr>\n<tr>\n<td style=\"padding: 6px\">Grassi<\/td>\n<td style=\"padding: 6px\">35 g<\/td>\n<\/tr>\n<tr>\n<td style=\"padding: 6px\">\u2014 di cui saturi<\/td>\n<td style=\"padding: 6px\">21,8 g<\/td>\n<\/tr>\n<tr>\n<td style=\"padding: 6px\">Carboidrati<\/td>\n<td style=\"padding: 6px\">51,1 g<\/td>\n<\/tr>\n<tr>\n<td style=\"padding: 6px\">\u2014 di cui zuccheri<\/td>\n<td style=\"padding: 6px\">54,5 g<\/td>\n<\/tr>\n<tr>\n<td style=\"padding: 6px\">Proteine<\/td>\n<td style=\"padding: 6px\">5,4 g<\/td>\n<\/tr>\n<tr>\n<td style=\"padding: 6px\">Sale<\/td>\n<td style=\"padding: 6px\">0,17 g<\/td>\n<\/tr>\n<\/tbody>\n<\/table>\n<hr style=\"margin: 30px 0\" \/>\n<p><strong>SCATOLA DI CARAMELLE GOMMOSE<\/strong><\/p>\n<p><strong>Ingredienti:<\/strong><br \/>\nSciroppo di glucosio, zucchero, acqua, gelatina, umidificante: E420, acidificanti: E330, E270, gelificante: pectina, aromi, correttore di acidit\u00e0: E325, coloranti: E129<\/p>\n<table style=\"border-collapse: collapse;width: 100%\" border=\"1\">\n<thead>\n<tr>\n<th style=\"padding: 6px;text-align: left\">Nutriente<\/th>\n<th style=\"padding: 6px;text-align: left\">Valore per 100 g<\/th>\n<\/tr>\n<\/thead>\n<tbody>\n<tr>\n<td style=\"padding: 6px\">Valore energetico<\/td>\n<td style=\"padding: 6px\">1.490 kJ \/ 356 kcal<\/td>\n<\/tr>\n<tr>\n<td style=\"padding: 6px\">Grassi<\/td>\n<td style=\"padding: 6px\">0,3 g<\/td>\n<\/tr>\n<tr>\n<td style=\"padding: 6px\">\u2014 di cui saturi<\/td>\n<td style=\"padding: 6px\">0,1 g<\/td>\n<\/tr>\n<tr>\n<td style=\"padding: 6px\">Carboidrati<\/td>\n<td style=\"padding: 6px\">81,6 g<\/td>\n<\/tr>\n<tr>\n<td style=\"padding: 6px\">\u2014 di cui zuccheri<\/td>\n<td style=\"padding: 6px\">52,3 g<\/td>\n<\/tr>\n<tr>\n<td style=\"padding: 6px\">Proteine<\/td>\n<td style=\"padding: 6px\">5,9 g<\/td>\n<\/tr>\n<tr>\n<td style=\"padding: 6px\">Sale<\/td>\n<td style=\"padding: 6px\">0,2 g<\/td>\n<\/tr>\n<\/tbody>\n<\/table>\n<\/div>\n","protected":false},"excerpt":{"rendered":"<p>Un regalo dolce e personalizzato che arriva dritto al cuore. Questa scatola di caramelle con design  [&#8230;]<\/p>\n","protected":false},"featured_media":506336,"comment_status":"closed","ping_status":"closed","template":"","meta":{"_acf_changed":false},"product_brand":[],"product_cat":[1720],"product_tag":[1703],"class_list":{"0":"post-505516","1":"product","2":"type-product","3":"status-publish","4":"has-post-thumbnail","6":"product_cat-dolci-e-cioccolatini-personalizzati","7":"product_tag-professori","9":"first","10":"instock","11":"taxable","12":"shipping-taxable","13":"purchasable","14":"product-type-simple"},"acf":[],"df_price":14.99,"df_sale_price":"","df_regular_price":14.99,"df_image_link":"https:\/\/transparentgift.com\/it\/wp-content\/uploads\/2026\/05\/Caja-Dulces_corazon-munecos_1-300x300.jpg","_links":{"self":[{"href":"https:\/\/transparentgift.com\/it\/wp-json\/wp\/v2\/product\/505516","targetHints":{"allow":["GET"]}}],"collection":[{"href":"https:\/\/transparentgift.com\/it\/wp-json\/wp\/v2\/product"}],"about":[{"href":"https:\/\/transparentgift.com\/it\/wp-json\/wp\/v2\/types\/product"}],"replies":[{"embeddable":true,"href":"https:\/\/transparentgift.com\/it\/wp-json\/wp\/v2\/comments?post=505516"}],"wp:featuredmedia":[{"embeddable":true,"href":"https:\/\/transparentgift.com\/it\/wp-json\/wp\/v2\/media\/506336"}],"wp:attachment":[{"href":"https:\/\/transparentgift.com\/it\/wp-json\/wp\/v2\/media?parent=505516"}],"wp:term":[{"taxonomy":"product_brand","embeddable":true,"href":"https:\/\/transparentgift.com\/it\/wp-json\/wp\/v2\/product_brand?post=505516"},{"taxonomy":"product_cat","embeddable":true,"href":"https:\/\/transparentgift.com\/it\/wp-json\/wp\/v2\/product_cat?post=505516"},{"taxonomy":"product_tag","embeddable":true,"href":"https:\/\/transparentgift.com\/it\/wp-json\/wp\/v2\/product_tag?post=505516"}],"curies":[{"name":"wp","href":"https:\/\/api.w.org\/{rel}","templated":true}]}}