{"id":176437,"date":"2023-11-13T18:11:36","date_gmt":"2023-11-13T17:11:36","guid":{"rendered":"https:\/\/transparentgift.com\/?page_id=176437"},"modified":"2025-11-20T21:06:50","modified_gmt":"2025-11-20T21:06:50","slug":"produtos","status":"publish","type":"page","link":"https:\/\/transparentgift.com\/pt\/produtos\/","title":{"rendered":"Produtos"},"content":{"rendered":"<h2><strong>Os nossos produtos personalizados<\/strong><\/h2>\n<p>Nesta sec\u00e7\u00e3o encontra todas as categorias de produtos da Transparent Gift dispon\u00edveis para personaliza\u00e7\u00e3o. Explore as diferentes cole\u00e7\u00f5es para descobrir ideias de presentes \u00fanicos criados especialmente para cada ocasi\u00e3o.<\/p>\n","protected":false},"excerpt":{"rendered":"<p>Os nossos produtos personalizados Nesta sec\u00e7\u00e3o encontra todas as categorias de produtos da Transpa [&#8230;]<\/p>\n","protected":false},"author":2,"featured_media":0,"parent":0,"menu_order":0,"comment_status":"closed","ping_status":"closed","template":"landing-page-catalogo.php","meta":{"_acf_changed":false,"footnotes":""},"class_list":["post-176437","page","type-page","status-publish","hentry"],"acf":[],"_links":{"self":[{"href":"https:\/\/transparentgift.com\/pt\/wp-json\/wp\/v2\/pages\/176437","targetHints":{"allow":["GET"]}}],"collection":[{"href":"https:\/\/transparentgift.com\/pt\/wp-json\/wp\/v2\/pages"}],"about":[{"href":"https:\/\/transparentgift.com\/pt\/wp-json\/wp\/v2\/types\/page"}],"author":[{"embeddable":true,"href":"https:\/\/transparentgift.com\/pt\/wp-json\/wp\/v2\/users\/2"}],"replies":[{"embeddable":true,"href":"https:\/\/transparentgift.com\/pt\/wp-json\/wp\/v2\/comments?post=176437"}],"version-history":[{"count":10,"href":"https:\/\/transparentgift.com\/pt\/wp-json\/wp\/v2\/pages\/176437\/revisions"}],"predecessor-version":[{"id":496252,"href":"https:\/\/transparentgift.com\/pt\/wp-json\/wp\/v2\/pages\/176437\/revisions\/496252"}],"wp:attachment":[{"href":"https:\/\/transparentgift.com\/pt\/wp-json\/wp\/v2\/media?parent=176437"}],"curies":[{"name":"wp","href":"https:\/\/api.w.org\/{rel}","templated":true}]}}