{"id":2896,"date":"2021-09-23T08:01:21","date_gmt":"2021-09-23T08:01:21","guid":{"rendered":"https:\/\/transparentgift.com\/?page_id=2896"},"modified":"2026-02-28T02:44:51","modified_gmt":"2026-02-28T02:44:51","slug":"direito-de-livre-resolucao","status":"publish","type":"page","link":"https:\/\/transparentgift.com\/pt\/direito-de-livre-resolucao\/","title":{"rendered":"Direito de livre resolu\u00e7\u00e3o"},"content":{"rendered":"<p><b>EXCLUS\u00c3O DO DIREITO DE LIVRE RESOLU\u00c7\u00c3O<\/b><\/p>\n<p><span style=\"font-weight: 400;\">Nos termos do Decreto-Lei n.\u00ba 24\/2014, o consumidor disp\u00f5e, em regra, de 14 dias para exercer o direito de livre resolu\u00e7\u00e3o.<\/span><\/p>\n<p><span style=\"font-weight: 400;\">Contudo, nos termos do artigo 17.\u00ba, n.\u00ba 1, al\u00ednea c), o direito n\u00e3o se aplica a:<\/span><\/p>\n<p><span style=\"font-weight: 400;\">Bens confeccionados de acordo com especifica\u00e7\u00f5es do consumidor ou manifestamente personalizados.<\/span><\/p>\n<p><span style=\"font-weight: 400;\">Todos os produtos da Transparent Gift s\u00e3o produzidos de forma personalizada sob encomenda.<\/span><\/p>\n<p><span style=\"font-weight: 400;\">Assim:<\/span><\/p>\n<ul>\n<li style=\"font-weight: 400;\" aria-level=\"1\"><span style=\"font-weight: 400;\">N\u00e3o existe direito de livre resolu\u00e7\u00e3o.<\/span><span style=\"font-weight: 400;\">\n<p><\/span><\/li>\n<li style=\"font-weight: 400;\" aria-level=\"1\"><span style=\"font-weight: 400;\">N\u00e3o s\u00e3o aceites devolu\u00e7\u00f5es por mudan\u00e7a de decis\u00e3o.<\/span><span style=\"font-weight: 400;\">\n<p><\/span><\/li>\n<li style=\"font-weight: 400;\" aria-level=\"1\"><span style=\"font-weight: 400;\">A encomenda n\u00e3o pode ser cancelada ap\u00f3s confirma\u00e7\u00e3o.<\/span><span style=\"font-weight: 400;\">\n<p><\/span><\/li>\n<li style=\"font-weight: 400;\" aria-level=\"1\"><span style=\"font-weight: 400;\">O cliente reconhece expressamente esta exclus\u00e3o antes de concluir o pagamento.<\/span><span style=\"font-weight: 400;\">\n<p><\/span><\/li>\n<\/ul>\n<p><span style=\"font-weight: 400;\">Mant\u00eam-se os direitos legais relativos a produtos defeituosos.<\/span><\/p>\n","protected":false},"excerpt":{"rendered":"<p>EXCLUS\u00c3O DO DIREITO DE LIVRE RESOLU\u00c7\u00c3O Nos termos do Decreto-Lei n.\u00ba 24\/2014, o consumidor disp? [&#8230;]<\/p>\n","protected":false},"author":2,"featured_media":0,"parent":0,"menu_order":0,"comment_status":"closed","ping_status":"closed","template":"","meta":{"_acf_changed":false,"footnotes":""},"class_list":["post-2896","page","type-page","status-publish","hentry"],"acf":[],"_links":{"self":[{"href":"https:\/\/transparentgift.com\/pt\/wp-json\/wp\/v2\/pages\/2896","targetHints":{"allow":["GET"]}}],"collection":[{"href":"https:\/\/transparentgift.com\/pt\/wp-json\/wp\/v2\/pages"}],"about":[{"href":"https:\/\/transparentgift.com\/pt\/wp-json\/wp\/v2\/types\/page"}],"author":[{"embeddable":true,"href":"https:\/\/transparentgift.com\/pt\/wp-json\/wp\/v2\/users\/2"}],"replies":[{"embeddable":true,"href":"https:\/\/transparentgift.com\/pt\/wp-json\/wp\/v2\/comments?post=2896"}],"version-history":[{"count":6,"href":"https:\/\/transparentgift.com\/pt\/wp-json\/wp\/v2\/pages\/2896\/revisions"}],"predecessor-version":[{"id":498956,"href":"https:\/\/transparentgift.com\/pt\/wp-json\/wp\/v2\/pages\/2896\/revisions\/498956"}],"wp:attachment":[{"href":"https:\/\/transparentgift.com\/pt\/wp-json\/wp\/v2\/media?parent=2896"}],"curies":[{"name":"wp","href":"https:\/\/api.w.org\/{rel}","templated":true}]}}