{"id":2901,"date":"2021-09-23T08:02:49","date_gmt":"2021-09-23T08:02:49","guid":{"rendered":"https:\/\/transparentgift.com\/?page_id=2901"},"modified":"2025-11-20T20:35:11","modified_gmt":"2025-11-20T20:35:11","slug":"politica-de-cookies","status":"publish","type":"page","link":"https:\/\/transparentgift.com\/pt\/politica-de-cookies\/","title":{"rendered":"Pol\u00edtica de cookies"},"content":{"rendered":"<p id=CookieDeclaration>\n<h3>Aceita\u00e7\u00e3o desta pol\u00edtica de cookies<\/h3>\n<p>Se continuar a navegar em transparentgift.com, consideraremos que aceita a presente pol\u00edtica de cookies.<\/p>\n<p>Para qualquer d\u00favida ou informa\u00e7\u00e3o adicional sobre o uso de cookies, contacte-nos atrav\u00e9s de <strong>hola@transparentgift.com<\/strong>.<\/p>\n","protected":false},"excerpt":{"rendered":"<p>Aceita\u00e7\u00e3o desta pol\u00edtica de cookies Se continuar a navegar em transparentgift.com, consideraremos [&#8230;]<\/p>\n","protected":false},"author":2,"featured_media":0,"parent":0,"menu_order":0,"comment_status":"closed","ping_status":"closed","template":"","meta":{"_acf_changed":false,"footnotes":""},"class_list":["post-2901","page","type-page","status-publish","hentry"],"acf":[],"_links":{"self":[{"href":"https:\/\/transparentgift.com\/pt\/wp-json\/wp\/v2\/pages\/2901","targetHints":{"allow":["GET"]}}],"collection":[{"href":"https:\/\/transparentgift.com\/pt\/wp-json\/wp\/v2\/pages"}],"about":[{"href":"https:\/\/transparentgift.com\/pt\/wp-json\/wp\/v2\/types\/page"}],"author":[{"embeddable":true,"href":"https:\/\/transparentgift.com\/pt\/wp-json\/wp\/v2\/users\/2"}],"replies":[{"embeddable":true,"href":"https:\/\/transparentgift.com\/pt\/wp-json\/wp\/v2\/comments?post=2901"}],"version-history":[{"count":10,"href":"https:\/\/transparentgift.com\/pt\/wp-json\/wp\/v2\/pages\/2901\/revisions"}],"predecessor-version":[{"id":496246,"href":"https:\/\/transparentgift.com\/pt\/wp-json\/wp\/v2\/pages\/2901\/revisions\/496246"}],"wp:attachment":[{"href":"https:\/\/transparentgift.com\/pt\/wp-json\/wp\/v2\/media?parent=2901"}],"curies":[{"name":"wp","href":"https:\/\/api.w.org\/{rel}","templated":true}]}}