{"id":298339,"date":"2026-03-31T10:56:16","date_gmt":"2026-03-31T09:56:16","guid":{"rendered":"https:\/\/transparentgift.com\/?page_id=298339"},"modified":"2026-03-31T10:56:18","modified_gmt":"2026-03-31T09:56:18","slug":"inicio","status":"publish","type":"page","link":"https:\/\/transparentgift.com\/pt\/","title":{"rendered":"Inicio"},"content":{"rendered":"<h1>Los regalos personalizados<br \/>\nm\u00e1s originales<\/h1>\n<p>Encuentra el mejor regalo personalizado para esa persona tan especial<br \/>\n<a href=\"https:\/\/transparentgift.com\/regalos\/originales\/\"><br \/>\nDescubrir ideas<br \/>\n<\/a><br \/>\n<img loading=\"lazy\" decoding=\"async\" src=\"https:\/\/transparentgift.com\/pt\/wp-content\/uploads\/2023\/10\/Vector.png\" alt=\"\" width=\"324\" height=\"57\" title=\"\"><\/p>\n<p><strong>+160.500<\/strong> clientes satisfechos<\/p>\n<figure><img decoding=\"async\" src=\"https:\/\/transparentgift.com\/pt\/wp-content\/uploads\/2024\/09\/Lampara-ilustrada-Homepage-150x150.png\" alt=\"Regalos Originales Personalizados\" title=\"\"><\/figure>\n<figure><img decoding=\"async\" src=\"https:\/\/transparentgift.com\/pt\/wp-content\/uploads\/2024\/05\/Logos_Forbes-36px.png\" alt=\"Logos_Forbes 36px\" title=\"\"><\/figure>\n<figure><img decoding=\"async\" src=\"https:\/\/transparentgift.com\/pt\/wp-content\/uploads\/2024\/05\/Logos_La-vanguardia-36px.png\" alt=\"Logos_La vanguardia 36px\" title=\"\"><\/figure>\n<figure><img decoding=\"async\" src=\"https:\/\/transparentgift.com\/pt\/wp-content\/uploads\/2024\/05\/Logos_El-Pais-36px.png\" alt=\"Logos_El Pais 36px\" title=\"\"><\/figure>\n<figure><img decoding=\"async\" src=\"https:\/\/transparentgift.com\/pt\/wp-content\/uploads\/2024\/05\/Logos_El-mundo-36px.png\" alt=\"Logos_El mundo 36px\" title=\"\"><\/figure>\n<h2>LOS REGALOS M\u00c1S VENDIDOS<\/h2>\n<p>[tp_best_sales_slider]<br \/>\n<a href=\"https:\/\/transparentgift.com\/regalos\/originales\/\"><br \/>\nVer m\u00e1s ideas<br \/>\n<\/a><\/p>\n<h2>IDEAS DE REGALOS PERSONALIZADOS<\/h2>\n<p><a href=\"https:\/\/transparentgift.com\/lamparas-personalizadas\/\"><br \/>\nLAMPARAS PERSONALIZADAS<br \/>\n<\/a><br \/>\n<a href=\"https:\/\/transparentgift.com\/fotos-en-metacrilato\/\"><br \/>\nFOTOS METACRILATO<br \/>\n<\/a><br \/>\n<a href=\"https:\/\/transparentgift.com\/llaveros-personalizados\/\"><br \/>\nLlaveros Personalizados<br \/>\n<\/a><br \/>\n<a href=\"https:\/\/transparentgift.com\/regalos\/originales\"><br \/>\nRegalos originales<br \/>\n<\/a><br \/>\n<a href=\"https:\/\/transparentgift.com\/tazas-personalizadas\/\"><br \/>\nTazas personalizadas<br \/>\n<\/a><br \/>\n<a href=\"https:\/\/transparentgift.com\/regalos\/\"><br \/>\nfechas se\u00f1aladas<br \/>\n<\/a><br \/>\nAnterior<br \/>\nSiguiente<br \/>\n\u00bfA QUI\u00c9N REGALAS?<br \/>\n<img loading=\"lazy\" decoding=\"async\" src=\"https:\/\/transparentgift.com\/pt\/wp-content\/uploads\/2023\/10\/Group-55743674-1.png\" alt=\"\" width=\"108\" height=\"108\" title=\"\"><br \/>\n<img decoding=\"async\" title=\"Group-55744206.png\" src=\"https:\/\/transparentgift.com\/pt\/wp-content\/uploads\/elementor\/thumbs\/Group-55744206-qj2puhds8oqasvkpc9betifxix4x5kezvzdqsvh4og.png\" alt=\"Group-55744206.png\" \/><\/p>\n<h2><a href=\"https:\/\/transparentgift.com\/regalos\/mujeres\/\">Mujer<\/a><\/h2>\n<p><img decoding=\"async\" title=\"Group-55744205.png\" src=\"https:\/\/transparentgift.com\/pt\/wp-content\/uploads\/elementor\/thumbs\/Group-55744205-qj2pucolaijv6trj3pa9z1mmjzs332wc7c4beho3jk.png\" alt=\"Group-55744205.png\" \/><\/p>\n<h2><a href=\"https:\/\/transparentgift.com\/regalos\/hombres\/\">Hombre<\/a><\/h2>\n<p><img decoding=\"async\" title=\"hermana.png\" src=\"https:\/\/transparentgift.com\/pt\/wp-content\/uploads\/elementor\/thumbs\/hermana-qj2pu7zeccdfkrycv5954ktbl2f90ldoiouw03v2eo.png\" alt=\"hermana.png\" \/><\/p>\n<h2><a href=\"https:\/\/transparentgift.com\/regalos\/hermanas\/\">Hermanas<\/a><\/h2>\n<p><img decoding=\"async\" title=\"hermano1.png\" src=\"https:\/\/transparentgift.com\/pt\/wp-content\/uploads\/elementor\/thumbs\/hermano1-qj2pu481l08aac3th3mmulrh7ixs5syr668y300n3k.png\" alt=\"hermano1.png\" \/><\/p>\n<h2><a href=\"https:\/\/transparentgift.com\/regalos\/hermanos\/\">Hermanos<\/a><\/h2>\n<p><img decoding=\"async\" title=\"Group-55744203.png\" src=\"https:\/\/transparentgift.com\/pt\/wp-content\/uploads\/elementor\/thumbs\/Group-55744203-qj2ptziumu1uoaan8jli04y68lky3bg3hiziom7lyo.png\" alt=\"Group-55744203.png\" \/><\/p>\n<h2><a href=\"https:\/\/transparentgift.com\/regalos\/amigas\/\">Amigas<\/a><\/h2>\n<p><img decoding=\"async\" title=\"parjeacama.png\" src=\"https:\/\/transparentgift.com\/pt\/wp-content\/uploads\/elementor\/thumbs\/parjeacama-qj2ptr2axbq9rsmxlxxuvp30w4qn61iigd45d4k5io.png\" alt=\"parjeacama.png\" \/><\/p>\n<h2><a href=\"https:\/\/transparentgift.com\/regalos\/novios\/\">Novios<\/a><\/h2>\n<p><img decoding=\"async\" title=\"Group-55744204.png\" src=\"https:\/\/transparentgift.com\/pt\/wp-content\/uploads\/elementor\/thumbs\/Group-55744204-qj2ptnay5zl4hcse7wbclq16il96b93l3ui7g0pq7k.png\" alt=\"Group-55744204.png\" \/><\/p>\n<h2><a href=\"https:\/\/transparentgift.com\/regalos\/ninos\/\">Ni\u00f1os<\/a><\/h2>\n<p><img decoding=\"async\" title=\"abuelitos.png\" src=\"https:\/\/transparentgift.com\/pt\/wp-content\/uploads\/elementor\/thumbs\/abuelitos-qj2ptilr7teovaz7zca7r97vjnwc8rkxf78s1mwp2o.png\" alt=\"abuelitos.png\" \/><\/p>\n<h2><a href=\"https:\/\/transparentgift.com\/regalos\/abuelos\/\">Abuelos<\/a><\/h2>\n<p><a id=\"desocultar\" role=\"button\"><\/a><br \/>\nVer m\u00e1s ideas<\/p>\n<p>Miles de \u2028personas nos eligen<br \/>\n<a href=\"https:\/\/transparentgift.com\/regalos\/originales\/\"><br \/>\nver productos<br \/>\n<\/a><br \/>\n<img decoding=\"async\" src=\"https:\/\/transparentgift.com\/pt\/wp-content\/uploads\/2023\/10\/Group-55744027.png\" alt=\"\" title=\"\"> 5\/5<br \/>\n<cite>Regalo infantil super original y divertido, mi hijo est\u00e1 encantado&#8230;Maria Ramirez<\/cite><br \/>\n<img decoding=\"async\" src=\"https:\/\/transparentgift.com\/pt\/wp-content\/uploads\/2024\/04\/image-768x768.jpg\" alt=\"Regalo infantil super original y divertido, mi hijo est\u00e1 encantado...\" title=\"\"><br \/>\n<img decoding=\"async\" src=\"https:\/\/transparentgift.com\/pt\/wp-content\/uploads\/2023\/10\/Group-55744027.png\" alt=\"\" title=\"\"> 4.5\/5<br \/>\n<cite>Fue un regalo para mi pareja. La verdad que fueron muy r\u00e1pidos pero adem\u00e1s la calidad de la ilustraci\u00f3n a partir de la fotograf\u00eda es muy buena&#8230;Paco Garc\u00eda<\/cite><br \/>\n<img decoding=\"async\" src=\"https:\/\/transparentgift.com\/pt\/wp-content\/uploads\/2024\/04\/ugc4.png\" alt=\"Fue un regalo para mi pareja. La verdad que fueron muy r\u00e1pidos pero adem\u00e1s la calidad de la ilustraci\u00f3n a partir de la fotograf\u00eda es muy buena...\" title=\"\"><br \/>\n<img decoding=\"async\" src=\"https:\/\/transparentgift.com\/pt\/wp-content\/uploads\/2023\/10\/Group-55744027.png\" alt=\"\" title=\"\"> 5\/5<br \/>\n<cite>Es espectacular. El tama\u00f1o es id\u00f3neo y es m\u00e1s bonito que en fotos. Sin duda un regalazo de aniversario, san Valent\u00edn, para cumplea\u00f1os\u2026 no defrauda. SaludoMerche DG<\/cite><br \/>\n<img decoding=\"async\" src=\"https:\/\/transparentgift.com\/pt\/wp-content\/uploads\/2024\/04\/ugc5.png\" alt=\"Es espectacular. El tama\u00f1o es id\u00f3neo y es m\u00e1s bonito que en fotos. Sin duda un regalazo de aniversario, san Valent\u00edn, para cumplea\u00f1os\u2026 no defrauda. Saludo\" title=\"\"><br \/>\n<img decoding=\"async\" src=\"https:\/\/transparentgift.com\/pt\/wp-content\/uploads\/2023\/10\/Group-55744027.png\" alt=\"\" title=\"\"> 5\/5<br \/>\n<cite>Fue un regalo de cumplea\u00f1os y la verdad le a gustado mucho calidad del acr\u00edlico madre y foto son excelente me gust\u00f3 que se elimina el techo de la casa cuando lo prendes&#8230;Raquel Sanch\u00eds<\/cite><br \/>\n<img decoding=\"async\" src=\"https:\/\/transparentgift.com\/pt\/wp-content\/uploads\/2024\/04\/ugc3.png\" alt=\"Fue un regalo de cumplea\u00f1os y la verdad le a gustado mucho calidad del acr\u00edlico madre y foto son excelente me gust\u00f3 que se elimina el techo de la casa cuando lo prendes...\" title=\"\"><br \/>\n<img decoding=\"async\" src=\"https:\/\/transparentgift.com\/pt\/wp-content\/uploads\/2023\/10\/Group-55744027.png\" alt=\"\" title=\"\"> 4.75\/5<br \/>\n<cite>Pens\u00e9 que no quedar\u00eda del todo buen ya que la foto era en blanco y negro antigua&#8230;sin embargo fue hermosa. Mi mam\u00e1 lloro de emoci\u00f3n al ver a sus padres en la l\u00e1mpara.M\u00aa del mar Esp\u00ed<\/cite><br \/>\n<img decoding=\"async\" src=\"https:\/\/transparentgift.com\/pt\/wp-content\/uploads\/2024\/04\/ugc6.png\" alt=\"Pens\u00e9 que no quedar\u00eda del todo buen ya que la foto era en blanco y negro antigua...sin embargo fue hermosa. Mi mam\u00e1 lloro de emoci\u00f3n al ver a sus padres en la l\u00e1mpara.\" title=\"\"><br \/>\nAnterior<br \/>\nSiguiente<br \/>\n<img decoding=\"async\" src=\"https:\/\/transparentgift.com\/pt\/wp-content\/uploads\/2024\/04\/next.png\" alt=\"&lt;strong&gt;Reacciones&lt;\/strong&gt; positivas\" title=\"\"><br \/>\n<cite><strong>Reacciones<\/strong> positivas<\/cite><br \/>\n<img decoding=\"async\" src=\"https:\/\/transparentgift.com\/pt\/wp-content\/uploads\/2024\/04\/next.png\" alt=\"&lt;strong&gt;ENV\u00cdO GRATIS&lt;\/strong&gt; a partir de 40\u20ac\" title=\"\"><br \/>\n<cite><strong>ENV\u00cdO GRATIS<\/strong> a partir de 40\u20ac<\/cite><br \/>\n<img decoding=\"async\" src=\"https:\/\/transparentgift.com\/pt\/wp-content\/uploads\/2024\/04\/next.png\" alt=\"&lt;strong&gt;Regalo&lt;\/strong&gt; \u00fanico\" title=\"\"><br \/>\n<cite><strong>Regalo<\/strong> \u00fanico<\/cite><br \/>\n<img decoding=\"async\" src=\"https:\/\/transparentgift.com\/pt\/wp-content\/uploads\/2024\/04\/next.png\" alt=\"&lt;strong&gt;Sorprende&lt;\/strong&gt; siempre\" title=\"\"><br \/>\n<cite><strong>Sorprende<\/strong> siempre<\/cite><br \/>\n<img decoding=\"async\" src=\"https:\/\/transparentgift.com\/pt\/wp-content\/uploads\/2024\/04\/next.png\" alt=\"&lt;strong&gt;Reacciones&lt;\/strong&gt; positivas\" title=\"\"><br \/>\n<cite><strong>Reacciones<\/strong> positivas<\/cite><br \/>\n<img decoding=\"async\" src=\"https:\/\/transparentgift.com\/pt\/wp-content\/uploads\/2024\/04\/next.png\" alt=\"&lt;strong&gt;ENV\u00cdO GRATIS&lt;\/strong&gt; a partir de 40\u20ac\" title=\"\"><br \/>\n<cite><strong>ENV\u00cdO GRATIS<\/strong> a partir de 40\u20ac<\/cite><br \/>\n<img decoding=\"async\" src=\"https:\/\/transparentgift.com\/pt\/wp-content\/uploads\/2024\/04\/next.png\" alt=\"&lt;strong&gt;Regalo&lt;\/strong&gt; \u00fanico\" title=\"\"><br \/>\n<cite><strong>Regalo<\/strong> \u00fanico<\/cite><br \/>\n<img decoding=\"async\" src=\"https:\/\/transparentgift.com\/pt\/wp-content\/uploads\/2024\/04\/next.png\" alt=\"&lt;strong&gt;Sorprende&lt;\/strong&gt; siempre\" title=\"\"><br \/>\n<cite><strong>Sorprende<\/strong> siempre<\/cite><br \/>\n<img decoding=\"async\" src=\"https:\/\/transparentgift.com\/pt\/wp-content\/uploads\/2024\/04\/next.png\" alt=\"&lt;strong&gt;Reacciones&lt;\/strong&gt; positivas\" title=\"\"><br \/>\n<cite><strong>Reacciones<\/strong> positivas<\/cite><br \/>\n<img decoding=\"async\" src=\"https:\/\/transparentgift.com\/pt\/wp-content\/uploads\/2024\/04\/next.png\" alt=\"&lt;strong&gt;ENV\u00cdO GRATIS&lt;\/strong&gt; a partir de 40\u20ac\" title=\"\"><br \/>\n<cite><strong>ENV\u00cdO GRATIS<\/strong> a partir de 40\u20ac<\/cite><br \/>\n<img decoding=\"async\" src=\"https:\/\/transparentgift.com\/pt\/wp-content\/uploads\/2024\/04\/next.png\" alt=\"&lt;strong&gt;Regalo&lt;\/strong&gt; \u00fanico\" title=\"\"><br \/>\n<cite><strong>Regalo<\/strong> \u00fanico<\/cite><br \/>\n<img decoding=\"async\" src=\"https:\/\/transparentgift.com\/pt\/wp-content\/uploads\/2024\/04\/next.png\" alt=\"&lt;strong&gt;Sorprende&lt;\/strong&gt; siempre\" title=\"\"><br \/>\n<cite><strong>Sorprende<\/strong> siempre<\/cite><br \/>\n<img decoding=\"async\" src=\"https:\/\/transparentgift.com\/pt\/wp-content\/uploads\/2024\/04\/next.png\" alt=\"&lt;strong&gt;Reacciones&lt;\/strong&gt; positivas\" title=\"\"><br \/>\n<cite><strong>Reacciones<\/strong> positivas<\/cite><br \/>\n<img decoding=\"async\" src=\"https:\/\/transparentgift.com\/pt\/wp-content\/uploads\/2024\/04\/next.png\" alt=\"&lt;strong&gt;ENV\u00cdO GRATIS&lt;\/strong&gt; a partir de 40\u20ac\" title=\"\"><br \/>\n<cite><strong>ENV\u00cdO GRATIS<\/strong> a partir de 40\u20ac<\/cite><br \/>\n<img decoding=\"async\" src=\"https:\/\/transparentgift.com\/pt\/wp-content\/uploads\/2024\/04\/next.png\" alt=\"&lt;strong&gt;Regalo&lt;\/strong&gt; \u00fanico\" title=\"\"><br \/>\n<cite><strong>Regalo<\/strong> \u00fanico<\/cite><br \/>\n<img decoding=\"async\" src=\"https:\/\/transparentgift.com\/pt\/wp-content\/uploads\/2024\/04\/next.png\" alt=\"&lt;strong&gt;Sorprende&lt;\/strong&gt; siempre\" title=\"\"><br \/>\n<cite><strong>Sorprende<\/strong> siempre<\/cite><br \/>\n<img decoding=\"async\" src=\"https:\/\/transparentgift.com\/pt\/wp-content\/uploads\/2024\/04\/next.png\" alt=\"&lt;strong&gt;Reacciones&lt;\/strong&gt; positivas\" title=\"\"><br \/>\n<cite><strong>Reacciones<\/strong> positivas<\/cite><br \/>\n<img decoding=\"async\" src=\"https:\/\/transparentgift.com\/pt\/wp-content\/uploads\/2024\/04\/next.png\" alt=\"&lt;strong&gt;ENV\u00cdO GRATIS&lt;\/strong&gt; a partir de 40\u20ac\" title=\"\"><br \/>\n<cite><strong>ENV\u00cdO GRATIS<\/strong> a partir de 40\u20ac<\/cite><br \/>\n<img decoding=\"async\" src=\"https:\/\/transparentgift.com\/pt\/wp-content\/uploads\/2024\/04\/next.png\" alt=\"&lt;strong&gt;Regalo&lt;\/strong&gt; \u00fanico\" title=\"\"><br \/>\n<cite><strong>Regalo<\/strong> \u00fanico<\/cite><br \/>\n<img decoding=\"async\" src=\"https:\/\/transparentgift.com\/pt\/wp-content\/uploads\/2024\/04\/next.png\" alt=\"&lt;strong&gt;Sorprende&lt;\/strong&gt; siempre\" title=\"\"><br \/>\n<cite><strong>Sorprende<\/strong> siempre<\/cite><br \/>\n<img decoding=\"async\" src=\"https:\/\/transparentgift.com\/pt\/wp-content\/uploads\/2024\/04\/next.png\" alt=\"&lt;strong&gt;Reacciones&lt;\/strong&gt; positivas\" title=\"\"><br \/>\n<cite><strong>Reacciones<\/strong> positivas<\/cite><br \/>\n<img decoding=\"async\" src=\"https:\/\/transparentgift.com\/pt\/wp-content\/uploads\/2024\/04\/next.png\" alt=\"&lt;strong&gt;ENV\u00cdO GRATIS&lt;\/strong&gt; a partir de 40\u20ac\" title=\"\"><br \/>\n<cite><strong>ENV\u00cdO GRATIS<\/strong> a partir de 40\u20ac<\/cite><br \/>\n<img decoding=\"async\" src=\"https:\/\/transparentgift.com\/pt\/wp-content\/uploads\/2024\/04\/next.png\" alt=\"&lt;strong&gt;Regalo&lt;\/strong&gt; \u00fanico\" title=\"\"><br \/>\n<cite><strong>Regalo<\/strong> \u00fanico<\/cite><br \/>\n<img decoding=\"async\" src=\"https:\/\/transparentgift.com\/pt\/wp-content\/uploads\/2024\/04\/next.png\" alt=\"&lt;strong&gt;Sorprende&lt;\/strong&gt; siempre\" title=\"\"><br \/>\n<cite><strong>Sorprende<\/strong> siempre<\/cite><\/p>\n<ul>\n<li>@TRANSPARENTGIFT_ES<\/li>\n<\/ul>\n<p><a href=\"https:\/\/transparentgift.com\/pt\/wp-content\/uploads\/2023\/11\/Mapa-amor.jpg\" data-elementor-open-lightbox=\"yes\" data-elementor-lightbox-slideshow=\"782cc4be\" data-elementor-lightbox-title=\"Mapa amor\" data-e-action-hash=\"#elementor-action%3Aaction%3Dlightbox%26settings%3DeyJpZCI6MTc1NDAxLCJ1cmwiOiJodHRwczpcL1wvdHJhbnNwYXJlbnRnaWZ0LmNvbVwvd3AtY29udGVudFwvdXBsb2Fkc1wvMjAyM1wvMTFcL01hcGEtYW1vci5qcGciLCJzbGlkZXNob3ciOiI3ODJjYzRiZSJ9\" data-elementor-lightbox-video=\"https:\/\/player.vimeo.com\/video\/866679172?autoplay=1&amp;rel=0&amp;controls=0#t=\"><br \/>\nReproducir<br \/>\n<\/a><br \/>\n<a href=\"https:\/\/transparentgift.com\/pt\/wp-content\/uploads\/2023\/11\/Billetera-hombre.jpg\" data-elementor-open-lightbox=\"yes\" data-elementor-lightbox-slideshow=\"782cc4be\" data-elementor-lightbox-title=\"Billetera hombre\" data-e-action-hash=\"#elementor-action%3Aaction%3Dlightbox%26settings%3DeyJpZCI6MTc1Mzk3LCJ1cmwiOiJodHRwczpcL1wvdHJhbnNwYXJlbnRnaWZ0LmNvbVwvd3AtY29udGVudFwvdXBsb2Fkc1wvMjAyM1wvMTFcL0JpbGxldGVyYS1ob21icmUuanBnIiwic2xpZGVzaG93IjoiNzgyY2M0YmUifQ%3D%3D\" data-elementor-lightbox-video=\"https:\/\/player.vimeo.com\/video\/866679142?autoplay=1&amp;rel=0&amp;controls=0#t=\"><br \/>\nReproducir<br \/>\n<\/a><br \/>\n<a href=\"https:\/\/transparentgift.com\/pt\/wp-content\/uploads\/2023\/11\/Placa-twitter.jpg\" data-elementor-open-lightbox=\"yes\" data-elementor-lightbox-slideshow=\"782cc4be\" data-elementor-lightbox-title=\"Placa twitter\" data-e-action-hash=\"#elementor-action%3Aaction%3Dlightbox%26settings%3DeyJpZCI6MTc1NDAzLCJ1cmwiOiJodHRwczpcL1wvdHJhbnNwYXJlbnRnaWZ0LmNvbVwvd3AtY29udGVudFwvdXBsb2Fkc1wvMjAyM1wvMTFcL1BsYWNhLXR3aXR0ZXIuanBnIiwic2xpZGVzaG93IjoiNzgyY2M0YmUifQ%3D%3D\" data-elementor-lightbox-video=\"https:\/\/player.vimeo.com\/video\/866679122?autoplay=1&amp;rel=0&amp;controls=0#t=\"><br \/>\nReproducir<br \/>\n<\/a><br \/>\n<a href=\"https:\/\/transparentgift.com\/pt\/wp-content\/uploads\/2023\/11\/Disco-Spotify.jpg\" data-elementor-open-lightbox=\"yes\" data-elementor-lightbox-slideshow=\"782cc4be\" data-elementor-lightbox-title=\"Disco Spotify\" data-e-action-hash=\"#elementor-action%3Aaction%3Dlightbox%26settings%3DeyJpZCI6MTc1Mzk4LCJ1cmwiOiJodHRwczpcL1wvdHJhbnNwYXJlbnRnaWZ0LmNvbVwvd3AtY29udGVudFwvdXBsb2Fkc1wvMjAyM1wvMTFcL0Rpc2NvLVNwb3RpZnkuanBnIiwic2xpZGVzaG93IjoiNzgyY2M0YmUifQ%3D%3D\" data-elementor-lightbox-video=\"https:\/\/player.vimeo.com\/video\/866679095?autoplay=1&amp;rel=0&amp;controls=0#t=\"><br \/>\nReproducir<br \/>\n<\/a><br \/>\n<a href=\"https:\/\/transparentgift.com\/pt\/wp-content\/uploads\/2023\/11\/Articulos-escolares.jpg\" data-elementor-open-lightbox=\"yes\" data-elementor-lightbox-slideshow=\"782cc4be\" data-elementor-lightbox-title=\"Articulos escolares\" data-e-action-hash=\"#elementor-action%3Aaction%3Dlightbox%26settings%3DeyJpZCI6MTc1Mzk2LCJ1cmwiOiJodHRwczpcL1wvdHJhbnNwYXJlbnRnaWZ0LmNvbVwvd3AtY29udGVudFwvdXBsb2Fkc1wvMjAyM1wvMTFcL0FydGljdWxvcy1lc2NvbGFyZXMuanBnIiwic2xpZGVzaG93IjoiNzgyY2M0YmUifQ%3D%3D\" data-elementor-lightbox-video=\"https:\/\/player.vimeo.com\/video\/866679188?autoplay=1&amp;rel=0&amp;controls=0#t=\"><br \/>\nReproducir<br \/>\n<\/a><br \/>\n<a href=\"https:\/\/transparentgift.com\/pt\/wp-content\/uploads\/2023\/11\/Lampara.jpg\" data-elementor-open-lightbox=\"yes\" data-elementor-lightbox-slideshow=\"782cc4be\" data-elementor-lightbox-title=\"Lampara\" data-e-action-hash=\"#elementor-action%3Aaction%3Dlightbox%26settings%3DeyJpZCI6MTc1NDAwLCJ1cmwiOiJodHRwczpcL1wvdHJhbnNwYXJlbnRnaWZ0LmNvbVwvd3AtY29udGVudFwvdXBsb2Fkc1wvMjAyM1wvMTFcL0xhbXBhcmEuanBnIiwic2xpZGVzaG93IjoiNzgyY2M0YmUifQ%3D%3D\" data-elementor-lightbox-video=\"https:\/\/player.vimeo.com\/video\/866679279?autoplay=1&amp;rel=0&amp;controls=0#t=\"><br \/>\nReproducir<br \/>\n<\/a><br \/>\n<a href=\"https:\/\/transparentgift.com\/pt\/wp-content\/uploads\/2023\/11\/Lampara-Familia.jpg\" data-elementor-open-lightbox=\"yes\" data-elementor-lightbox-slideshow=\"782cc4be\" data-elementor-lightbox-title=\"Lampara Familia\" data-e-action-hash=\"#elementor-action%3Aaction%3Dlightbox%26settings%3DeyJpZCI6MTc1Mzk5LCJ1cmwiOiJodHRwczpcL1wvdHJhbnNwYXJlbnRnaWZ0LmNvbVwvd3AtY29udGVudFwvdXBsb2Fkc1wvMjAyM1wvMTFcL0xhbXBhcmEtRmFtaWxpYS5qcGciLCJzbGlkZXNob3ciOiI3ODJjYzRiZSJ9\" data-elementor-lightbox-video=\"https:\/\/player.vimeo.com\/video\/866679254?autoplay=1&amp;rel=0&amp;controls=0#t=\"><br \/>\nReproducir<br \/>\n<\/a><br \/>\n<a href=\"https:\/\/transparentgift.com\/pt\/wp-content\/uploads\/2023\/11\/alfombra-perro.jpg\" data-elementor-open-lightbox=\"yes\" data-elementor-lightbox-slideshow=\"782cc4be\" data-elementor-lightbox-title=\"alfombra perro\" data-e-action-hash=\"#elementor-action%3Aaction%3Dlightbox%26settings%3DeyJpZCI6MTc1Mzk1LCJ1cmwiOiJodHRwczpcL1wvdHJhbnNwYXJlbnRnaWZ0LmNvbVwvd3AtY29udGVudFwvdXBsb2Fkc1wvMjAyM1wvMTFcL2FsZm9tYnJhLXBlcnJvLmpwZyIsInNsaWRlc2hvdyI6Ijc4MmNjNGJlIn0%3D\" data-elementor-lightbox-video=\"https:\/\/player.vimeo.com\/video\/866679233?autoplay=1&amp;rel=0&amp;controls=0#t=\"><br \/>\nReproducir<br \/>\n<\/a><br \/>\n<a href=\"https:\/\/transparentgift.com\/pt\/wp-content\/uploads\/2023\/11\/Placa-spotify.jpg\" data-elementor-open-lightbox=\"yes\" data-elementor-lightbox-slideshow=\"782cc4be\" data-elementor-lightbox-title=\"Placa spotify\" data-e-action-hash=\"#elementor-action%3Aaction%3Dlightbox%26settings%3DeyJpZCI6MTc1NDAyLCJ1cmwiOiJodHRwczpcL1wvdHJhbnNwYXJlbnRnaWZ0LmNvbVwvd3AtY29udGVudFwvdXBsb2Fkc1wvMjAyM1wvMTFcL1BsYWNhLXNwb3RpZnkuanBnIiwic2xpZGVzaG93IjoiNzgyY2M0YmUifQ%3D%3D\" data-elementor-lightbox-video=\"https:\/\/player.vimeo.com\/video\/866679218?autoplay=1&amp;rel=0&amp;controls=0#t=\"><br \/>\nReproducir<br \/>\n<\/a><\/p>\n","protected":false},"excerpt":{"rendered":"<p>Los regalos personalizados m\u00e1s originales Encuentra el mejor regalo personalizado para esa persona  [&#8230;]<\/p>\n","protected":false},"author":2,"featured_media":0,"parent":0,"menu_order":0,"comment_status":"closed","ping_status":"closed","template":"","meta":{"_acf_changed":false,"footnotes":""},"class_list":["post-298339","page","type-page","status-publish","hentry"],"acf":[],"_links":{"self":[{"href":"https:\/\/transparentgift.com\/pt\/wp-json\/wp\/v2\/pages\/298339","targetHints":{"allow":["GET"]}}],"collection":[{"href":"https:\/\/transparentgift.com\/pt\/wp-json\/wp\/v2\/pages"}],"about":[{"href":"https:\/\/transparentgift.com\/pt\/wp-json\/wp\/v2\/types\/page"}],"author":[{"embeddable":true,"href":"https:\/\/transparentgift.com\/pt\/wp-json\/wp\/v2\/users\/2"}],"replies":[{"embeddable":true,"href":"https:\/\/transparentgift.com\/pt\/wp-json\/wp\/v2\/comments?post=298339"}],"version-history":[{"count":9,"href":"https:\/\/transparentgift.com\/pt\/wp-json\/wp\/v2\/pages\/298339\/revisions"}],"predecessor-version":[{"id":494273,"href":"https:\/\/transparentgift.com\/pt\/wp-json\/wp\/v2\/pages\/298339\/revisions\/494273"}],"wp:attachment":[{"href":"https:\/\/transparentgift.com\/pt\/wp-json\/wp\/v2\/media?parent=298339"}],"curies":[{"name":"wp","href":"https:\/\/api.w.org\/{rel}","templated":true}]}}