{"id":372581,"date":"2024-11-16T13:31:17","date_gmt":"2024-11-16T12:31:17","guid":{"rendered":"https:\/\/transparentgift.com\/?page_id=372581"},"modified":"2025-11-20T21:06:41","modified_gmt":"2025-11-20T21:06:41","slug":"produtos-spotify-personalizados","status":"publish","type":"page","link":"https:\/\/transparentgift.com\/pt\/produtos-spotify-personalizados\/","title":{"rendered":"Produtos Spotify personalizados"},"content":{"rendered":"<h2><strong>Produtos Spotify personalizados<\/strong><\/h2>\n<p>Crie presentes inspirados na sua m\u00fasica favorita com os nossos produtos Spotify personalizados. Pode escolher capas acr\u00edlicas, quadros ou outros suportes onde imprimimos a capa do tema, o nome do artista e o c\u00f3digo Spotify para ouvir a m\u00fasica em qualquer momento.<\/p>\n<p>S\u00e3o detalhes perfeitos para celebrar datas especiais com a sua cara metade, amigos ou fam\u00edlia e recordar sempre aquela can\u00e7\u00e3o que vos une.<\/p>\n","protected":false},"excerpt":{"rendered":"<p>Produtos Spotify personalizados Crie presentes inspirados na sua m\u00fasica favorita com os nossos prod [&#8230;]<\/p>\n","protected":false},"author":2,"featured_media":404319,"parent":0,"menu_order":0,"comment_status":"closed","ping_status":"closed","template":"landing-page.php","meta":{"_acf_changed":false,"footnotes":""},"class_list":["post-372581","page","type-page","status-publish","has-post-thumbnail","hentry"],"acf":[],"_links":{"self":[{"href":"https:\/\/transparentgift.com\/pt\/wp-json\/wp\/v2\/pages\/372581","targetHints":{"allow":["GET"]}}],"collection":[{"href":"https:\/\/transparentgift.com\/pt\/wp-json\/wp\/v2\/pages"}],"about":[{"href":"https:\/\/transparentgift.com\/pt\/wp-json\/wp\/v2\/types\/page"}],"author":[{"embeddable":true,"href":"https:\/\/transparentgift.com\/pt\/wp-json\/wp\/v2\/users\/2"}],"replies":[{"embeddable":true,"href":"https:\/\/transparentgift.com\/pt\/wp-json\/wp\/v2\/comments?post=372581"}],"version-history":[{"count":3,"href":"https:\/\/transparentgift.com\/pt\/wp-json\/wp\/v2\/pages\/372581\/revisions"}],"predecessor-version":[{"id":496251,"href":"https:\/\/transparentgift.com\/pt\/wp-json\/wp\/v2\/pages\/372581\/revisions\/496251"}],"wp:featuredmedia":[{"embeddable":true,"href":"https:\/\/transparentgift.com\/pt\/wp-json\/"}],"wp:attachment":[{"href":"https:\/\/transparentgift.com\/pt\/wp-json\/wp\/v2\/media?parent=372581"}],"curies":[{"name":"wp","href":"https:\/\/api.w.org\/{rel}","templated":true}]}}