{"id":496646,"date":"2025-11-28T21:06:42","date_gmt":"2025-11-28T21:06:42","guid":{"rendered":"https:\/\/transparentgift.com\/pt\/?page_id=496646"},"modified":"2025-11-28T21:06:44","modified_gmt":"2025-11-28T21:06:44","slug":"sobre-nos","status":"publish","type":"page","link":"https:\/\/transparentgift.com\/pt\/sobre-nos\/","title":{"rendered":"Sobre n\u00f3s"},"content":{"rendered":"\n<section class=\"sobre-nosotros-tg\">\n  <style>\n    .sobre-nosotros-tg {\n      margin: 0 0 40px;\n      padding: 0;\n      font-family: system-ui, -apple-system, BlinkMacSystemFont, \"Segoe UI\", sans-serif;\n      line-height: 1.6;\n      text-align: left;\n    }\n\n    .sobre-nosotros-tg p {\n      margin: 0 0 1rem 0;\n      font-size: 1rem;\n    }\n\n    .sobre-nosotros-tg .video-wrapper {\n      margin-top: 1.5rem;\n    }\n\n    .sobre-nosotros-tg video {\n      width: 100%;\n      max-width: 100%;\n      border-radius: 8px;\n      display: block;\n    }\n  <\/style>\n\n  <p>\n    Na Transparent Gift acreditamos que os objetos que o rodeiam devem falar sobre si.\n    Nascemos em Val\u00eancia, em Espanha, e hoje uma equipa de cerca de 30 pessoas dedica-se \u00e0 cria\u00e7\u00e3o\n    de produtos 100&nbsp;% personalizados, pensados tanto para momentos especiais como para o dia a dia.\n  <\/p>\n\n  <p>\n    Com o passar do tempo, torn\u00e1mo-nos a empresa l\u00edder em Espanha (#1) em personaliza\u00e7\u00e3o\n    e uma marca de refer\u00eancia na Europa. Desenvolvemos os nossos designs a partir de Espanha\n    e produzimos nos nossos ateliers em Espanha, Fran\u00e7a, It\u00e1lia, Alemanha e Portugal, o que nos permite\n    produzir por encomenda e oferecer prazos de entrega muito r\u00e1pidos em toda a Europa\n    (24\u201348&nbsp;horas, consoante o pa\u00eds).\n  <\/p>\n\n  <p>\n    Trabalhamos com mais de 1&nbsp;000 produtos diferentes, desde o mais pequeno detalhe at\u00e9 colec\u00e7\u00f5es completas:\n    presentes personalizados, produtos para o regresso \u00e0s aulas, decora\u00e7\u00e3o para a casa e para o escrit\u00f3rio,\n    t\u00eaxteis, papelaria, acess\u00f3rios e muito mais. Tudo o que sai dos nossos ateliers \u00e9 criado pe\u00e7a a pe\u00e7a,\n    com o seu nome, o seu design ou a sua mensagem. Pode contar connosco para presentes de Natal,\n    Dia dos Namorados, Dia do Pai, Dia da M\u00e3e, anivers\u00e1rios e muitas outras ocasi\u00f5es.\n  <\/p>\n\n  <p>\n    Por detr\u00e1s de cada encomenda h\u00e1 pessoas que verificam, ajustam e cuidam de cada detalhe.\n    O nosso objetivo \u00e9 simples: fazer da Transparent Gift a sua marca de refer\u00eancia para tudo o que\n    quiser tornar \u00fanico e 100&nbsp;% seu.\n  <\/p>\n\n  <div class=\"video-wrapper\">\n    <video controls preload=\"metadata\" playsinline>\n      <source src=\"https:\/\/transparentgift.com\/pt\/wp-content\/uploads\/2025\/11\/PORTUGES-Transparent-Gift.mp4\" type=\"video\/mp4\">\n      O seu navegador n\u00e3o suporta a reprodu\u00e7\u00e3o de v\u00eddeo.\n    <\/video>\n  <\/div>\n<\/section>\n","protected":false},"excerpt":{"rendered":"<p>Na Transparent Gift acreditamos que os objetos que o rodeiam devem falar sobre si. Nascemos em Val\u00ea [&#8230;]<\/p>\n","protected":false},"author":2,"featured_media":0,"parent":0,"menu_order":0,"comment_status":"closed","ping_status":"closed","template":"","meta":{"_acf_changed":false,"footnotes":""},"class_list":["post-496646","page","type-page","status-publish","hentry"],"acf":[],"_links":{"self":[{"href":"https:\/\/transparentgift.com\/pt\/wp-json\/wp\/v2\/pages\/496646","targetHints":{"allow":["GET"]}}],"collection":[{"href":"https:\/\/transparentgift.com\/pt\/wp-json\/wp\/v2\/pages"}],"about":[{"href":"https:\/\/transparentgift.com\/pt\/wp-json\/wp\/v2\/types\/page"}],"author":[{"embeddable":true,"href":"https:\/\/transparentgift.com\/pt\/wp-json\/wp\/v2\/users\/2"}],"replies":[{"embeddable":true,"href":"https:\/\/transparentgift.com\/pt\/wp-json\/wp\/v2\/comments?post=496646"}],"version-history":[{"count":1,"href":"https:\/\/transparentgift.com\/pt\/wp-json\/wp\/v2\/pages\/496646\/revisions"}],"predecessor-version":[{"id":496647,"href":"https:\/\/transparentgift.com\/pt\/wp-json\/wp\/v2\/pages\/496646\/revisions\/496647"}],"wp:attachment":[{"href":"https:\/\/transparentgift.com\/pt\/wp-json\/wp\/v2\/media?parent=496646"}],"curies":[{"name":"wp","href":"https:\/\/api.w.org\/{rel}","templated":true}]}}