{"id":498759,"date":"2026-02-20T18:18:28","date_gmt":"2026-02-20T18:18:28","guid":{"rendered":"https:\/\/transparentgift.com\/pt\/?page_id=498759"},"modified":"2026-02-20T18:18:29","modified_gmt":"2026-02-20T18:18:29","slug":"tempos-de-preparacao-e-entrega","status":"publish","type":"page","link":"https:\/\/transparentgift.com\/pt\/ajuda\/tempos-de-preparacao-e-entrega\/","title":{"rendered":"Tempos de prepara\u00e7\u00e3o e entrega"},"content":{"rendered":"\n<p>Queremos que a tua encomenda chegue o mais depressa poss\u00edvel e sem surpresas. Por isso, indicamos com total transpar\u00eancia os tempos estimados de prepara\u00e7\u00e3o e entrega, consoante o tipo de produto e o destino.<\/p>\n\n\n\n<p><strong>Tempos de prepara\u00e7\u00e3o<\/strong><\/p>\n\n\n\n<p>Na maioria dos casos, produzimos a tua encomenda em menos de 12 horas a partir do momento em que a recebemos.<\/p>\n\n\n\n<p>Em \u00e9pocas de maior procura (como o Natal), a prepara\u00e7\u00e3o pode demorar at\u00e9 24 horas.<\/p>\n\n\n\n<p>Alguns produtos mais complexos \u2014 como os que incluem ilustra\u00e7\u00f5es personalizadas ou processos artesanais \u2014 podem exigir um pouco mais de tempo: entre 24 e 48 horas para ficarem prontos antes do envio.<\/p>\n\n\n\n<p><strong>Tempos de envio<\/strong><\/p>\n\n\n\n<p>Assim que a encomenda est\u00e1 produzida e pronta para envio, estes s\u00e3o os prazos de entrega estimados:<\/p>\n\n\n\n<ul class=\"wp-block-list\">\n<li>Normal: 1\u20113 d\u00edas<\/li>\n\n\n\n<li>Urgente: 1\u20112 d\u00edas<\/li>\n\n\n\n<li>Env\u00edo gratis: 1\u20113 d\u00edas (umbral 40\u20ac)<\/li>\n<\/ul>\n\n\n\n<p>Queremos que o teu presente chegue em perfeitas condi\u00e7\u00f5es e a tempo.<\/p>\n\n\n\n<p>Se a tua encomenda tiver uma data especial ou precisares que chegue antes, escreve-nos para&nbsp;<strong>hola@transparentgift.com<\/strong>&nbsp;e faremos tudo o que pudermos para te ajudar.<\/p>\n","protected":false},"excerpt":{"rendered":"<p>Queremos que a tua encomenda chegue o mais depressa poss\u00edvel e sem surpresas. Por isso, indicamos c [&#8230;]<\/p>\n","protected":false},"author":150,"featured_media":0,"parent":498756,"menu_order":0,"comment_status":"closed","ping_status":"closed","template":"help-article.php","meta":{"_acf_changed":false,"footnotes":""},"class_list":["post-498759","page","type-page","status-publish","hentry"],"acf":[],"_links":{"self":[{"href":"https:\/\/transparentgift.com\/pt\/wp-json\/wp\/v2\/pages\/498759","targetHints":{"allow":["GET"]}}],"collection":[{"href":"https:\/\/transparentgift.com\/pt\/wp-json\/wp\/v2\/pages"}],"about":[{"href":"https:\/\/transparentgift.com\/pt\/wp-json\/wp\/v2\/types\/page"}],"author":[{"embeddable":true,"href":"https:\/\/transparentgift.com\/pt\/wp-json\/wp\/v2\/users\/150"}],"replies":[{"embeddable":true,"href":"https:\/\/transparentgift.com\/pt\/wp-json\/wp\/v2\/comments?post=498759"}],"version-history":[{"count":1,"href":"https:\/\/transparentgift.com\/pt\/wp-json\/wp\/v2\/pages\/498759\/revisions"}],"predecessor-version":[{"id":498760,"href":"https:\/\/transparentgift.com\/pt\/wp-json\/wp\/v2\/pages\/498759\/revisions\/498760"}],"up":[{"embeddable":true,"href":"https:\/\/transparentgift.com\/pt\/wp-json\/wp\/v2\/pages\/498756"}],"wp:attachment":[{"href":"https:\/\/transparentgift.com\/pt\/wp-json\/wp\/v2\/media?parent=498759"}],"curies":[{"name":"wp","href":"https:\/\/api.w.org\/{rel}","templated":true}]}}