{"id":498761,"date":"2026-02-20T18:19:21","date_gmt":"2026-02-20T18:19:21","guid":{"rendered":"https:\/\/transparentgift.com\/pt\/?page_id=498761"},"modified":"2026-02-20T18:19:22","modified_gmt":"2026-02-20T18:19:22","slug":"levantamento-num-ponto-de-recolha","status":"publish","type":"page","link":"https:\/\/transparentgift.com\/pt\/ajuda\/levantamento-num-ponto-de-recolha\/","title":{"rendered":"Levantamento num ponto de recolha"},"content":{"rendered":"\n<p>Queremos que a tua experi\u00eancia de compra seja sempre c\u00f3moda e segura. Em alguns casos, a tua encomenda pode ser entregue num ponto de recolha, como um ponto Pickup da DPD ou um cacifo autom\u00e1tico. A seguir explicamos por que motivo o transportador pode optar por esta solu\u00e7\u00e3o e como podes levantar facilmente a tua encomenda.<\/p>\n\n\n\n<h2 class=\"wp-block-heading\" id=\"Porque-se-utilizam-pontos-PUDO-em-Portugal-h3FoV\"><strong>Porque se utilizam pontos em Portugal?<\/strong><\/h2>\n\n\n\n<p><strong>Seguran\u00e7a da encomenda:<\/strong><\/p>\n\n\n\n<p>Os pontos Pickup e cacifos mant\u00eam a encomenda protegida at\u00e9 ao momento do levantamento, reduzindo o risco de extravio ou danos.<\/p>\n\n\n\n<p><strong>Efici\u00eancia na entrega:<\/strong><\/p>\n\n\n\n<p>Os pontos de recolha permitem aos transportadores otimizar rotas e hor\u00e1rios, assegurando entregas pontuais mesmo em zonas de grande volume.<\/p>\n\n\n\n<p><strong>Maior flexibilidade para ti:<\/strong><\/p>\n\n\n\n<p>Estes pontos est\u00e3o muitas vezes localizados em lojas, supermercados ou espa\u00e7os com hor\u00e1rios alargados, permitindo levantar a encomenda quando for mais conveniente.<\/p>\n\n\n\n<p><strong>Redu\u00e7\u00e3o de custos:<\/strong><\/p>\n\n\n\n<p>A consolida\u00e7\u00e3o das entregas melhora a efici\u00eancia log\u00edstica e contribui para manter os custos de envio mais baixos.<\/p>\n\n\n\n<h2 class=\"wp-block-heading\" id=\"Como-levantar-a-tua-encomenda-num-PUDO-_xoSp\"><strong>Como levantar a tua encomenda num<\/strong><\/h2>\n\n\n\n<ol class=\"wp-block-list\">\n<li>Receber\u00e1s uma notifica\u00e7\u00e3o (SMS, email ou app) quando a encomenda estiver dispon\u00edvel.<\/li>\n\n\n\n<li>A mensagem incluir\u00e1 o\u00a0<strong>c\u00f3digo de levantamento<\/strong>, PIN ou QR code.<\/li>\n\n\n\n<li>Dirige-te ao ponto indicado, introduz o c\u00f3digo no cacifo ou apresenta-o ao funcion\u00e1rio da loja para receber a tua encomenda.<\/li>\n<\/ol>\n\n\n\n<h2 class=\"wp-block-heading\" id=\"Notas-importantes-RZ-Ox\"><strong>Notas importantes<\/strong><\/h2>\n\n\n\n<p><strong>C\u00f3digo pessoal e intransmiss\u00edvel:<\/strong><\/p>\n\n\n\n<p>O c\u00f3digo de levantamento \u00e9 apenas para ti \u2014 n\u00e3o o partilhes.<\/p>\n\n\n\n<p><strong>Prazo de levantamento:<\/strong><\/p>\n\n\n\n<p>A encomenda deve ser levantada dentro do prazo indicado. Ap\u00f3s esse per\u00edodo, pode ser devolvida ao remetente e gerar custos adicionais.<\/p>\n\n\n\n<p>Se precisares de ajuda com a recolha em Portugal, contacta-nos atrav\u00e9s de&nbsp;<strong>hola@transparentgift.com<\/strong>.<\/p>\n","protected":false},"excerpt":{"rendered":"<p>Queremos que a tua experi\u00eancia de compra seja sempre c\u00f3moda e segura. Em alguns casos, a tua encom [&#8230;]<\/p>\n","protected":false},"author":150,"featured_media":0,"parent":498756,"menu_order":0,"comment_status":"closed","ping_status":"closed","template":"help-article.php","meta":{"_acf_changed":false,"footnotes":""},"class_list":["post-498761","page","type-page","status-publish","hentry"],"acf":[],"_links":{"self":[{"href":"https:\/\/transparentgift.com\/pt\/wp-json\/wp\/v2\/pages\/498761","targetHints":{"allow":["GET"]}}],"collection":[{"href":"https:\/\/transparentgift.com\/pt\/wp-json\/wp\/v2\/pages"}],"about":[{"href":"https:\/\/transparentgift.com\/pt\/wp-json\/wp\/v2\/types\/page"}],"author":[{"embeddable":true,"href":"https:\/\/transparentgift.com\/pt\/wp-json\/wp\/v2\/users\/150"}],"replies":[{"embeddable":true,"href":"https:\/\/transparentgift.com\/pt\/wp-json\/wp\/v2\/comments?post=498761"}],"version-history":[{"count":1,"href":"https:\/\/transparentgift.com\/pt\/wp-json\/wp\/v2\/pages\/498761\/revisions"}],"predecessor-version":[{"id":498762,"href":"https:\/\/transparentgift.com\/pt\/wp-json\/wp\/v2\/pages\/498761\/revisions\/498762"}],"up":[{"embeddable":true,"href":"https:\/\/transparentgift.com\/pt\/wp-json\/wp\/v2\/pages\/498756"}],"wp:attachment":[{"href":"https:\/\/transparentgift.com\/pt\/wp-json\/wp\/v2\/media?parent=498761"}],"curies":[{"name":"wp","href":"https:\/\/api.w.org\/{rel}","templated":true}]}}