{"id":498765,"date":"2026-02-20T18:20:49","date_gmt":"2026-02-20T18:20:49","guid":{"rendered":"https:\/\/transparentgift.com\/pt\/?page_id=498765"},"modified":"2026-02-20T18:20:50","modified_gmt":"2026-02-20T18:20:50","slug":"o-que-acontece-se-nao-recebi-o-e-mail-de-confirmacao","status":"publish","type":"page","link":"https:\/\/transparentgift.com\/pt\/ajuda\/o-que-acontece-se-nao-recebi-o-e-mail-de-confirmacao\/","title":{"rendered":"O que acontece se n\u00e3o recebi o e-mail de confirma\u00e7\u00e3o?"},"content":{"rendered":"\n<p>O e-mail de confirma\u00e7\u00e3o \u00e9 enviado automaticamente para o endere\u00e7o que indicaste ao finalizares a tua encomenda. Em alguns casos, pode demorar at\u00e9 12 horas a chegar.<\/p>\n\n\n\n<p>Se n\u00e3o o encontrares na caixa de entrada, recomendamos que verifiques tamb\u00e9m as pastas de&nbsp;<strong>Correio n\u00e3o solicitado (SPAM)<\/strong>,&nbsp;<strong>Promo\u00e7\u00f5es<\/strong>&nbsp;ou&nbsp;<strong>Outros<\/strong>, pois por vezes pode ser filtrado para a\u00ed.<\/p>\n\n\n\n<p>Se depois de verificar continuares sem encontrar o e-mail, escreve-nos para&nbsp;<strong>hola@transparentgift.com<\/strong>&nbsp;para que possamos ajudar-te.<\/p>\n\n\n\n<p>Para localizarmos a tua encomenda, precisamos que nos indiques:<\/p>\n\n\n\n<ul class=\"wp-block-list\">\n<li>Nome completo registado<\/li>\n\n\n\n<li>Morada de envio<\/li>\n\n\n\n<li>N\u00famero de telefone associado \u00e0 compra<\/li>\n<\/ul>\n\n\n\n<p>Teremos todo o gosto em ajudar-te.<\/p>\n","protected":false},"excerpt":{"rendered":"<p>O e-mail de confirma\u00e7\u00e3o \u00e9 enviado automaticamente para o endere\u00e7o que indicaste ao finalizares a [&#8230;]<\/p>\n","protected":false},"author":150,"featured_media":0,"parent":498756,"menu_order":0,"comment_status":"closed","ping_status":"closed","template":"help-article.php","meta":{"_acf_changed":false,"footnotes":""},"class_list":["post-498765","page","type-page","status-publish","hentry"],"acf":[],"_links":{"self":[{"href":"https:\/\/transparentgift.com\/pt\/wp-json\/wp\/v2\/pages\/498765","targetHints":{"allow":["GET"]}}],"collection":[{"href":"https:\/\/transparentgift.com\/pt\/wp-json\/wp\/v2\/pages"}],"about":[{"href":"https:\/\/transparentgift.com\/pt\/wp-json\/wp\/v2\/types\/page"}],"author":[{"embeddable":true,"href":"https:\/\/transparentgift.com\/pt\/wp-json\/wp\/v2\/users\/150"}],"replies":[{"embeddable":true,"href":"https:\/\/transparentgift.com\/pt\/wp-json\/wp\/v2\/comments?post=498765"}],"version-history":[{"count":1,"href":"https:\/\/transparentgift.com\/pt\/wp-json\/wp\/v2\/pages\/498765\/revisions"}],"predecessor-version":[{"id":498766,"href":"https:\/\/transparentgift.com\/pt\/wp-json\/wp\/v2\/pages\/498765\/revisions\/498766"}],"up":[{"embeddable":true,"href":"https:\/\/transparentgift.com\/pt\/wp-json\/wp\/v2\/pages\/498756"}],"wp:attachment":[{"href":"https:\/\/transparentgift.com\/pt\/wp-json\/wp\/v2\/media?parent=498765"}],"curies":[{"name":"wp","href":"https:\/\/api.w.org\/{rel}","templated":true}]}}