{"id":498767,"date":"2026-02-20T18:21:31","date_gmt":"2026-02-20T18:21:31","guid":{"rendered":"https:\/\/transparentgift.com\/pt\/?page_id=498767"},"modified":"2026-02-20T18:21:32","modified_gmt":"2026-02-20T18:21:32","slug":"que-metodos-de-pagamento-aceitam","status":"publish","type":"page","link":"https:\/\/transparentgift.com\/pt\/ajuda\/que-metodos-de-pagamento-aceitam\/","title":{"rendered":"Que m\u00e9todos de pagamento aceitam?"},"content":{"rendered":"\n<p>Atualmente, podes realizar as tuas compras na nossa loja utilizando os seguintes m\u00e9todos de pagamento:<\/p>\n\n\n\n<p>\u2022 Cart\u00e3o de cr\u00e9dito ou d\u00e9bito<\/p>\n\n\n\n<p>\u2022 PayPal<\/p>\n\n\n\n<p>Depois de finalizares a tua compra no carrinho, o sistema ir\u00e1 guiar-te passo a passo e mostrar-te as op\u00e7\u00f5es dispon\u00edveis para conclu\u00edres o pagamento com o m\u00e9todo que escolheres.<\/p>\n\n\n\n<p>Tem em conta que&nbsp;<strong>n\u00e3o aceitamos pagamentos \u00e0 cobran\u00e7a<\/strong>.<\/p>\n\n\n\n<p>Se tiveres alguma outra d\u00favida, teremos todo o gosto em ajudar-te em&nbsp;<strong>hola@transparentgift.com<\/strong>.<\/p>\n","protected":false},"excerpt":{"rendered":"<p>Atualmente, podes realizar as tuas compras na nossa loja utilizando os seguintes m\u00e9todos de pagamen [&#8230;]<\/p>\n","protected":false},"author":150,"featured_media":0,"parent":498756,"menu_order":0,"comment_status":"closed","ping_status":"closed","template":"help-article.php","meta":{"_acf_changed":false,"footnotes":""},"class_list":["post-498767","page","type-page","status-publish","hentry"],"acf":[],"_links":{"self":[{"href":"https:\/\/transparentgift.com\/pt\/wp-json\/wp\/v2\/pages\/498767","targetHints":{"allow":["GET"]}}],"collection":[{"href":"https:\/\/transparentgift.com\/pt\/wp-json\/wp\/v2\/pages"}],"about":[{"href":"https:\/\/transparentgift.com\/pt\/wp-json\/wp\/v2\/types\/page"}],"author":[{"embeddable":true,"href":"https:\/\/transparentgift.com\/pt\/wp-json\/wp\/v2\/users\/150"}],"replies":[{"embeddable":true,"href":"https:\/\/transparentgift.com\/pt\/wp-json\/wp\/v2\/comments?post=498767"}],"version-history":[{"count":1,"href":"https:\/\/transparentgift.com\/pt\/wp-json\/wp\/v2\/pages\/498767\/revisions"}],"predecessor-version":[{"id":498768,"href":"https:\/\/transparentgift.com\/pt\/wp-json\/wp\/v2\/pages\/498767\/revisions\/498768"}],"up":[{"embeddable":true,"href":"https:\/\/transparentgift.com\/pt\/wp-json\/wp\/v2\/pages\/498756"}],"wp:attachment":[{"href":"https:\/\/transparentgift.com\/pt\/wp-json\/wp\/v2\/media?parent=498767"}],"curies":[{"name":"wp","href":"https:\/\/api.w.org\/{rel}","templated":true}]}}