{"id":496141,"date":"2025-11-20T17:15:54","date_gmt":"2025-11-20T17:15:54","guid":{"rendered":"https:\/\/transparentgift.com\/pt\/candeeiro-de-presenca-infantil-animais-com-nome-personalizado\/"},"modified":"2026-05-15T09:04:58","modified_gmt":"2026-05-15T08:04:58","slug":"candeeiro-de-presenca-infantil-com-animais-e-nome-personalizado","status":"publish","type":"product","link":"https:\/\/transparentgift.com\/pt\/candeeiro-de-presenca-infantil-com-animais-e-nome-personalizado\/","title":{"rendered":"Candeeiro de Presen\u00e7a Infantil com Animais e Nome Personalizado"},"content":{"rendered":"<p><strong>Candeeiro personalizado com design de animais de presen\u00e7a<\/strong>. A prenda mais terna e original para acompanhar as noites dos mais pequenos.<\/p>\n<p>Este candeeiro infantil combina design, funcionalidade e personaliza\u00e7\u00e3o. Podes escolher entre <strong>12 ador\u00e1veis desenhos de animais de presen\u00e7a<\/strong> e gravar o <strong>nome do menino ou da menina<\/strong>, criando uma pe\u00e7a \u00fanica que ilumina os seus sonhos com do\u00e7ura e seguran\u00e7a.<\/p>\n<p>Perfeito para <strong>anivers\u00e1rios<\/strong>, <strong>Natal<\/strong>, <strong>regresso \u00e0s aulas<\/strong>, <strong>nascimentos<\/strong> ou <strong>batizados<\/strong>. Este candeeiro pode ser colocado na mesa de cabeceira, secret\u00e1ria ou estante, e \u00e9 ideal como <strong>luz de presen\u00e7a<\/strong> gra\u00e7as \u00e0 sua <strong>luz LED RGB suave<\/strong>, perfeita para ajudar a adormecer.<\/p>\n<h4><strong>Caracter\u00edsticas:<\/strong><\/h4>\n<ul>\n<li>Tamanho:<br \/>\n&#8211; Com base: 19 \u00d7 14,5 x 4,5 cm<br \/>\n&#8211; Com moldura: 21 x 17 cm<\/li>\n<li>Material:<br \/>\n&#8211; Placa: Metacrilato de alta qualidade<br \/>\n&#8211; Base: Madeira de alta qualidade<\/li>\n<li>Inclui: Luz LED RGB. Cabo USB. Embalagem com caixa para oferta<\/li>\n<li>Manuten\u00e7\u00e3o: Limpa-se de forma simples com a toalhita inclu\u00edda<\/li>\n<\/ul>\n","protected":false},"excerpt":{"rendered":"<p>Candeeiro personalizado com design de animais de presen\u00e7a. A prenda mais terna e original para acom [&#8230;]<\/p>\n","protected":false},"featured_media":495760,"comment_status":"open","ping_status":"closed","template":"","meta":{"_acf_changed":false},"product_brand":[],"product_cat":[1683,1682],"product_tag":[1684,1677,1685],"class_list":{"0":"post-496141","1":"product","2":"type-product","3":"status-publish","4":"has-post-thumbnail","6":"product_cat-candeeiros-de-presenca-infantis-personalizados","7":"product_cat-candeeiros-personalizados","8":"product_tag-bebes","9":"product_tag-generico","10":"product_tag-infantil","12":"first","13":"instock","14":"sale","15":"taxable","16":"shipping-taxable","17":"purchasable","18":"product-type-simple"},"acf":[],"df_price":10.99,"df_sale_price":10.99,"df_regular_price":16.99,"df_image_link":"https:\/\/transparentgift.com\/pt\/wp-content\/uploads\/2025\/11\/Lampara-Quitamiedos_1_portugal-300x300.jpg","_links":{"self":[{"href":"https:\/\/transparentgift.com\/pt\/wp-json\/wp\/v2\/product\/496141","targetHints":{"allow":["GET"]}}],"collection":[{"href":"https:\/\/transparentgift.com\/pt\/wp-json\/wp\/v2\/product"}],"about":[{"href":"https:\/\/transparentgift.com\/pt\/wp-json\/wp\/v2\/types\/product"}],"replies":[{"embeddable":true,"href":"https:\/\/transparentgift.com\/pt\/wp-json\/wp\/v2\/comments?post=496141"}],"wp:featuredmedia":[{"embeddable":true,"href":"https:\/\/transparentgift.com\/pt\/wp-json\/wp\/v2\/media\/495760"}],"wp:attachment":[{"href":"https:\/\/transparentgift.com\/pt\/wp-json\/wp\/v2\/media?parent=496141"}],"wp:term":[{"taxonomy":"product_brand","embeddable":true,"href":"https:\/\/transparentgift.com\/pt\/wp-json\/wp\/v2\/product_brand?post=496141"},{"taxonomy":"product_cat","embeddable":true,"href":"https:\/\/transparentgift.com\/pt\/wp-json\/wp\/v2\/product_cat?post=496141"},{"taxonomy":"product_tag","embeddable":true,"href":"https:\/\/transparentgift.com\/pt\/wp-json\/wp\/v2\/product_tag?post=496141"}],"curies":[{"name":"wp","href":"https:\/\/api.w.org\/{rel}","templated":true}]}}