{"id":496146,"date":"2025-11-20T17:16:02","date_gmt":"2025-11-20T17:16:02","guid":{"rendered":"https:\/\/transparentgift.com\/pt\/placa-netflix-personalizada\/"},"modified":"2026-04-29T22:12:14","modified_gmt":"2026-04-29T21:12:14","slug":"placa-netflix-personalizada","status":"publish","type":"product","link":"https:\/\/transparentgift.com\/pt\/placa-netflix-personalizada\/","title":{"rendered":"Placa Netflix personalizada"},"content":{"rendered":"<p><strong>A Placa Netflix personalizada \u00e9 o presente perfeito para os cin\u00e9filos da tua vida<\/strong>. Transforma os teus momentos especiais numa capa \u00fanica ao estilo Netflix.<\/p>\n<p>Com um design totalmente personaliz\u00e1vel, esta placa permite-te exprimir os teus sentimentos de uma forma original e emotiva. Ideal para surpreender em qualquer ocasi\u00e3o.<\/p>\n<p>Este produto foi pensado para os amantes de cinema e s\u00e9ries, e \u00e9 perfeito para oferecer em anivers\u00e1rios, Dia do Pai ou da M\u00e3e, e at\u00e9 no Natal. Personaliza cada detalhe com um t\u00edtulo, subt\u00edtulo, descri\u00e7\u00e3o e quatro fotografias que reflitam os vossos melhores momentos juntos.<\/p>\n<h4><strong>Caracter\u00edsticas:<\/strong><\/h4>\n<ul>\n<li>Tamanho: 29,7 x 21 cm<\/li>\n<li>Material: Metacrilato de alta qualidade.<\/li>\n<li>Inclui: Embalagem com caixa para presente.<\/li>\n<li>Manuten\u00e7\u00e3o: Limpa-se de forma simples com a ajuda da toalhita seca.<\/li>\n<\/ul>\n","protected":false},"excerpt":{"rendered":"<p>A Placa Netflix personalizada \u00e9 o presente perfeito para os cin\u00e9filos da tua vida. Transforma os t [&#8230;]<\/p>\n","protected":false},"featured_media":495581,"comment_status":"open","ping_status":"closed","template":"","meta":{"_acf_changed":false},"product_brand":[],"product_cat":[1676],"product_tag":[1678,1677,1680,1681],"class_list":{"0":"post-496146","1":"product","2":"type-product","3":"status-publish","4":"has-post-thumbnail","6":"product_cat-fotos-em-metacrilato-personalizadas","7":"product_tag-casais","8":"product_tag-generico","9":"product_tag-mulheres","10":"product_tag-pais","12":"first","13":"instock","14":"sale","15":"taxable","16":"shipping-taxable","17":"purchasable","18":"product-type-simple"},"acf":[],"df_price":20.99,"df_sale_price":20.99,"df_regular_price":25.99,"df_image_link":"https:\/\/transparentgift.com\/pt\/wp-content\/uploads\/2025\/11\/placa-netflix_1-300x300.jpg","_links":{"self":[{"href":"https:\/\/transparentgift.com\/pt\/wp-json\/wp\/v2\/product\/496146","targetHints":{"allow":["GET"]}}],"collection":[{"href":"https:\/\/transparentgift.com\/pt\/wp-json\/wp\/v2\/product"}],"about":[{"href":"https:\/\/transparentgift.com\/pt\/wp-json\/wp\/v2\/types\/product"}],"replies":[{"embeddable":true,"href":"https:\/\/transparentgift.com\/pt\/wp-json\/wp\/v2\/comments?post=496146"}],"wp:featuredmedia":[{"embeddable":true,"href":"https:\/\/transparentgift.com\/pt\/wp-json\/wp\/v2\/media\/495581"}],"wp:attachment":[{"href":"https:\/\/transparentgift.com\/pt\/wp-json\/wp\/v2\/media?parent=496146"}],"wp:term":[{"taxonomy":"product_brand","embeddable":true,"href":"https:\/\/transparentgift.com\/pt\/wp-json\/wp\/v2\/product_brand?post=496146"},{"taxonomy":"product_cat","embeddable":true,"href":"https:\/\/transparentgift.com\/pt\/wp-json\/wp\/v2\/product_cat?post=496146"},{"taxonomy":"product_tag","embeddable":true,"href":"https:\/\/transparentgift.com\/pt\/wp-json\/wp\/v2\/product_tag?post=496146"}],"curies":[{"name":"wp","href":"https:\/\/api.w.org\/{rel}","templated":true}]}}