{"id":496150,"date":"2025-11-20T17:16:08","date_gmt":"2025-11-20T17:16:08","guid":{"rendered":"https:\/\/transparentgift.com\/pt\/candeeiro-mascote-com-foto-personalizada\/"},"modified":"2025-12-24T11:42:22","modified_gmt":"2025-12-24T11:42:22","slug":"candeeiro-mascote-com-foto-personalizada","status":"publish","type":"product","link":"https:\/\/transparentgift.com\/pt\/candeeiro-mascote-com-foto-personalizada\/","title":{"rendered":"Candeeiro Mascote com Foto Personalizada"},"content":{"rendered":"<p>Esta <strong>l\u00e2mpada personalizada<\/strong> \u00e9 o presente mais original para <strong>amantes de animais<\/strong>. Vai surpreender os teus <strong>amigos, familiares ou parceiro<\/strong> num <strong>anivers\u00e1rio, no Natal, num anivers\u00e1rio de namoro\/casamento<\/strong> ou em qualquer celebra\u00e7\u00e3o que o mere\u00e7a. Seja como for, a emo\u00e7\u00e3o est\u00e1 garantida!<\/p>\n<p>Esta placa luminosa \u00e9 totalmente personaliz\u00e1vel. S\u00f3 tens de <strong>carregar aquela foto favorita da mascote<\/strong>, para que fique enquadrada na <strong>placa de forma circular<\/strong>, acompanhada de duas patinhas. O resultado vai encant\u00e1-lo! Poder\u00e1 imortalizar a sua mascote atual ou recordar a que j\u00e1 n\u00e3o est\u00e1.<\/p>\n<p>A placa do candeeiro \u00e9 fabricada em <strong>metacrilato de alta qualidade<\/strong>, o que lhe confere resist\u00eancia e durabilidade. A <strong>base<\/strong> sobre a qual assenta \u00e9 feita <strong>de madeira<\/strong>, e poder\u00e1s gravar <strong>outra mensagem adicional<\/strong> por um pequeno extra. Essa pessoa querida poder\u00e1 coloc\u00e1-la sobre qualquer superf\u00edcie para <strong>decorar e iluminar o espa\u00e7o<\/strong>, gra\u00e7as \u00e0 sua luz suave que se aciona com um <strong>interruptor de ligar\/desligar<\/strong>.<\/p>\n<p>N\u00e3o fiques sem o melhor presente para fazer feliz essa pessoa especial e a sua mascote. Personaliza o candeeiro a seu gosto e deixa que o coloque numa <strong>estante, na sua mesa de cabeceira<\/strong> ou onde quiser. Vais faz\u00ea-la sentir-se a pessoa mais afortunada!<\/p>\n<p><strong>Caracter\u00edsticas:<\/strong><\/p>\n<ul>\n<li>Tamanho: 14,5 \u00d7 14 x 4,5 cm<\/li>\n<li>Material:\n<ul>\n<li>Placa: Metacrilato de alta qualidade.<\/li>\n<li>Base: Madeira de alta qualidade.<\/li>\n<\/ul>\n<\/li>\n<li>Inclui: Luz LED quente. Cabo USB. Embalagem com caixa para presente.<\/li>\n<li>Manuten\u00e7\u00e3o: Limpa-se de forma simples com a ajuda da toalhita inclu\u00edda.<\/li>\n<\/ul>\n","protected":false},"excerpt":{"rendered":"<p>Esta l\u00e2mpada personalizada \u00e9 o presente mais original para amantes de animais. Vai surpreender os  [&#8230;]<\/p>\n","protected":false},"featured_media":495757,"comment_status":"open","ping_status":"closed","template":"","meta":{"_acf_changed":false},"product_brand":[],"product_cat":[1682],"product_tag":[1689,1687],"class_list":{"0":"post-496150","1":"product","2":"type-product","3":"status-publish","4":"has-post-thumbnail","6":"product_cat-candeeiros-personalizados","7":"product_tag-animais","8":"product_tag-familia","10":"first","11":"instock","12":"sale","13":"taxable","14":"shipping-taxable","15":"purchasable","16":"product-type-simple"},"acf":[],"df_price":16.99,"df_sale_price":16.99,"df_regular_price":30.99,"df_image_link":"https:\/\/transparentgift.com\/pt\/wp-content\/uploads\/2025\/11\/Lampara-Mascota-con-Foto-personalizada-1-300x300.jpg","_links":{"self":[{"href":"https:\/\/transparentgift.com\/pt\/wp-json\/wp\/v2\/product\/496150","targetHints":{"allow":["GET"]}}],"collection":[{"href":"https:\/\/transparentgift.com\/pt\/wp-json\/wp\/v2\/product"}],"about":[{"href":"https:\/\/transparentgift.com\/pt\/wp-json\/wp\/v2\/types\/product"}],"replies":[{"embeddable":true,"href":"https:\/\/transparentgift.com\/pt\/wp-json\/wp\/v2\/comments?post=496150"}],"wp:featuredmedia":[{"embeddable":true,"href":"https:\/\/transparentgift.com\/pt\/wp-json\/wp\/v2\/media\/495757"}],"wp:attachment":[{"href":"https:\/\/transparentgift.com\/pt\/wp-json\/wp\/v2\/media?parent=496150"}],"wp:term":[{"taxonomy":"product_brand","embeddable":true,"href":"https:\/\/transparentgift.com\/pt\/wp-json\/wp\/v2\/product_brand?post=496150"},{"taxonomy":"product_cat","embeddable":true,"href":"https:\/\/transparentgift.com\/pt\/wp-json\/wp\/v2\/product_cat?post=496150"},{"taxonomy":"product_tag","embeddable":true,"href":"https:\/\/transparentgift.com\/pt\/wp-json\/wp\/v2\/product_tag?post=496150"}],"curies":[{"name":"wp","href":"https:\/\/api.w.org\/{rel}","templated":true}]}}