{"id":496151,"date":"2025-11-20T17:16:09","date_gmt":"2025-11-20T17:16:09","guid":{"rendered":"https:\/\/transparentgift.com\/pt\/candeeiro-infantil-leao-com-inicial-e-nome-personalizado\/"},"modified":"2025-11-27T17:40:17","modified_gmt":"2025-11-27T17:40:17","slug":"candeeiro-infantil-leao-com-inicial-e-nome-personalizado","status":"publish","type":"product","link":"https:\/\/transparentgift.com\/pt\/candeeiro-infantil-leao-com-inicial-e-nome-personalizado\/","title":{"rendered":"Candeeiro Infantil Le\u00e3o com Inicial e Nome personalizado"},"content":{"rendered":"<p><strong>Candeeiro de presen\u00e7a com design de le\u00e3ozinho personalizado<\/strong>. Um presente ternurento e funcional que ilumina as noites dos mais pequenos com do\u00e7ura e seguran\u00e7a.<\/p>\n<p>Com este <strong>candeeiro infantil personalizado<\/strong>, acrescentar\u00e1 um toque \u00fanico e especial ao quarto. Pode personaliz\u00e1-lo facilmente com a <strong>inicial e o nome<\/strong> da crian\u00e7a, que ficar\u00e3o gravados junto ao simp\u00e1tico desenho do le\u00e3o, fazendo com que sinta que o candeeiro foi feito s\u00f3 para ele ou ela.<\/p>\n<p>Perfeito como <strong>presente de anivers\u00e1rio<\/strong>, para o <strong>Natal<\/strong>, <strong>regresso \u00e0s aulas<\/strong>, <strong>batizados<\/strong> ou <strong>nascimentos<\/strong>. A luz LED RGB suave ajuda a <strong>adormecer<\/strong> e funciona como um <strong>candeeiro de presen\u00e7a<\/strong>, ideal para colocar na mesa de cabeceira, na secret\u00e1ria ou numa estante.<\/p>\n<h4><strong>Caracter\u00edsticas:<\/strong><\/h4>\n<ul>\n<li>Tamanho:<br \/>\n&#8211; Com base: 19 \u00d7 14,5 x 4,5 cm<br \/>\n&#8211; Com moldura: 21 x 17 cm<\/li>\n<li>Material:<br \/>\n&#8211; Placa: Metacrilato de alta qualidade<br \/>\n&#8211; Base: Madeira de alta qualidade<\/li>\n<li>Inclui: Luz LED RGB. Cabo USB. Embalagem com caixa para presente<\/li>\n<li>Manuten\u00e7\u00e3o: Limpa-se de forma simples com a toalhita inclu\u00edda<\/li>\n<\/ul>\n","protected":false},"excerpt":{"rendered":"<p>Candeeiro de presen\u00e7a com design de le\u00e3ozinho personalizado. Um presente ternurento e funcional qu [&#8230;]<\/p>\n","protected":false},"featured_media":495792,"comment_status":"open","ping_status":"closed","template":"","meta":{"_acf_changed":false},"product_brand":[],"product_cat":[1683,1682],"product_tag":[1684,1685],"class_list":{"0":"post-496151","1":"product","2":"type-product","3":"status-publish","4":"has-post-thumbnail","6":"product_cat-candeeiros-de-presenca-infantis-personalizados","7":"product_cat-candeeiros-personalizados","8":"product_tag-bebes","9":"product_tag-infantil","11":"first","12":"instock","13":"sale","14":"taxable","15":"shipping-taxable","16":"purchasable","17":"product-type-simple"},"acf":[],"df_price":16.99,"df_sale_price":16.99,"df_regular_price":30.99,"df_image_link":"https:\/\/transparentgift.com\/pt\/wp-content\/uploads\/2025\/11\/Lampara-Inicial-infantil_1_portugal-300x300.jpg","_links":{"self":[{"href":"https:\/\/transparentgift.com\/pt\/wp-json\/wp\/v2\/product\/496151","targetHints":{"allow":["GET"]}}],"collection":[{"href":"https:\/\/transparentgift.com\/pt\/wp-json\/wp\/v2\/product"}],"about":[{"href":"https:\/\/transparentgift.com\/pt\/wp-json\/wp\/v2\/types\/product"}],"replies":[{"embeddable":true,"href":"https:\/\/transparentgift.com\/pt\/wp-json\/wp\/v2\/comments?post=496151"}],"wp:featuredmedia":[{"embeddable":true,"href":"https:\/\/transparentgift.com\/pt\/wp-json\/wp\/v2\/media\/495792"}],"wp:attachment":[{"href":"https:\/\/transparentgift.com\/pt\/wp-json\/wp\/v2\/media?parent=496151"}],"wp:term":[{"taxonomy":"product_brand","embeddable":true,"href":"https:\/\/transparentgift.com\/pt\/wp-json\/wp\/v2\/product_brand?post=496151"},{"taxonomy":"product_cat","embeddable":true,"href":"https:\/\/transparentgift.com\/pt\/wp-json\/wp\/v2\/product_cat?post=496151"},{"taxonomy":"product_tag","embeddable":true,"href":"https:\/\/transparentgift.com\/pt\/wp-json\/wp\/v2\/product_tag?post=496151"}],"curies":[{"name":"wp","href":"https:\/\/api.w.org\/{rel}","templated":true}]}}