{"id":496153,"date":"2025-11-20T17:16:12","date_gmt":"2025-11-20T17:16:12","guid":{"rendered":"https:\/\/transparentgift.com\/pt\/carimbo-infantil-para-roupa-com-nome-e-desenho-personalizado\/"},"modified":"2025-11-27T17:40:18","modified_gmt":"2025-11-27T17:40:18","slug":"carimbo-infantil-para-roupa-com-nome-e-desenho-personalizado","status":"publish","type":"product","link":"https:\/\/transparentgift.com\/pt\/carimbo-infantil-para-roupa-com-nome-e-desenho-personalizado\/","title":{"rendered":"Carimbo Infantil para Roupa com Nome e Desenho Personalizado"},"content":{"rendered":"<p>Adquira este <strong>carimbo marcador de roupa para meninos e meninas personalizado<\/strong> e identifique toda a sua roupa e acess\u00f3rios da forma mais divertida. Na parte de estampagem ficar\u00e1 refletido o <strong>motivo infantil<\/strong> e tamb\u00e9m o <strong>nome e apelido<\/strong> que desejar adicionar. As crian\u00e7as v\u00e3o divertir-se enquanto marcam as suas <strong>pe\u00e7as de roupa, estojo, mochila<\/strong> ou qualquer material t\u00eaxtil com o qual se queiram identificar.<\/p>\n<p>Este acess\u00f3rio para marcar t\u00eaxteis conta com <strong>dez op\u00e7\u00f5es de desenhos infantis \u00e0 escolha<\/strong>, entre os quais encontrar\u00e1 um ursinho, um dinossauro, um unic\u00f3rnio, uma borboleta ou at\u00e9 o pr\u00f3prio nome na tipografia que preferir. Escolha o desenho de que o seu menino ou menina mais gostar e far\u00e1 com que tenha vontade de se preparar para o <strong>regresso \u00e0s aulas<\/strong> com muito entusiasmo.<\/p>\n<p>Trata-se de um carimbo muito simples de utilizar: s\u00f3 ter\u00e1 de <strong>pressionar ligeiramente<\/strong> sobre a zona que deseja etiquetar e ficar\u00e1 gravado em alta qualidade a preto. A tinta utilizada \u00e9 segura para os mais pequenos, pois <strong>n\u00e3o \u00e9 t\u00f3xica<\/strong>. Al\u00e9m disso, poder\u00e1 <strong>lavar e passar a ferro<\/strong> os t\u00eaxteis marcados sem que o nome em tinta se apague.<\/p>\n<p>N\u00e3o deixe de marcar a roupa e os pertences do seu pequeno para que n\u00e3o os confunda na <strong>escola, creche<\/strong>, quando for de <strong>excurs\u00e3o<\/strong> ou para o <strong>campo de f\u00e9rias de ver\u00e3o<\/strong>. Assim, n\u00e3o haver\u00e1 risco de que se percam onde quer que v\u00e1.<\/p>\n<p>Para personalizar o seu carimbo, s\u00f3 ter\u00e1 de <strong>escrever o nome<\/strong> onde se indica, <strong>selecionar o desenho infantil<\/strong> e n\u00f3s tratamos do resto. O seu pequenote vai sentir-se especial com essas pe\u00e7as assinaladas com o seu nome!<\/p>\n<p><strong>Caracter\u00edsticas:<\/strong><\/p>\n<ul>\n<li>Tamanho: 5,1 \u00d7 1,8 cm<\/li>\n<li>Cor da tinta: preta. N\u00e3o t\u00f3xica. Resistente \u00e0 lavagem e ao ferro de engomar.<\/li>\n<\/ul>\n","protected":false},"excerpt":{"rendered":"<p>Adquira este carimbo marcador de roupa para meninos e meninas personalizado e identifique toda a sua [&#8230;]<\/p>\n","protected":false},"featured_media":495572,"comment_status":"open","ping_status":"closed","template":"","meta":{"_acf_changed":false},"product_brand":[],"product_cat":[1691],"product_tag":[1692],"class_list":{"0":"post-496153","1":"product","2":"type-product","3":"status-publish","4":"has-post-thumbnail","6":"product_cat-carimbos-personalizados","7":"product_tag-escola","9":"first","10":"instock","11":"taxable","12":"shipping-taxable","13":"purchasable","14":"product-type-simple"},"acf":[],"df_price":11.95,"df_sale_price":"","df_regular_price":11.95,"df_image_link":"https:\/\/transparentgift.com\/pt\/wp-content\/uploads\/2025\/11\/Sello_Dibujos-rectangular_1_portugal-300x300.jpg","_links":{"self":[{"href":"https:\/\/transparentgift.com\/pt\/wp-json\/wp\/v2\/product\/496153","targetHints":{"allow":["GET"]}}],"collection":[{"href":"https:\/\/transparentgift.com\/pt\/wp-json\/wp\/v2\/product"}],"about":[{"href":"https:\/\/transparentgift.com\/pt\/wp-json\/wp\/v2\/types\/product"}],"replies":[{"embeddable":true,"href":"https:\/\/transparentgift.com\/pt\/wp-json\/wp\/v2\/comments?post=496153"}],"wp:featuredmedia":[{"embeddable":true,"href":"https:\/\/transparentgift.com\/pt\/wp-json\/wp\/v2\/media\/495572"}],"wp:attachment":[{"href":"https:\/\/transparentgift.com\/pt\/wp-json\/wp\/v2\/media?parent=496153"}],"wp:term":[{"taxonomy":"product_brand","embeddable":true,"href":"https:\/\/transparentgift.com\/pt\/wp-json\/wp\/v2\/product_brand?post=496153"},{"taxonomy":"product_cat","embeddable":true,"href":"https:\/\/transparentgift.com\/pt\/wp-json\/wp\/v2\/product_cat?post=496153"},{"taxonomy":"product_tag","embeddable":true,"href":"https:\/\/transparentgift.com\/pt\/wp-json\/wp\/v2\/product_tag?post=496153"}],"curies":[{"name":"wp","href":"https:\/\/api.w.org\/{rel}","templated":true}]}}