{"id":496154,"date":"2025-11-20T17:16:14","date_gmt":"2025-11-20T17:16:14","guid":{"rendered":"https:\/\/transparentgift.com\/pt\/candeeiro-amiga-com-quatro-fotografias-e-texto-personalizado\/"},"modified":"2025-11-27T17:40:18","modified_gmt":"2025-11-27T17:40:18","slug":"candeeiro-amiga-com-quatro-fotografias-e-texto-personalizado","status":"publish","type":"product","link":"https:\/\/transparentgift.com\/pt\/candeeiro-amiga-com-quatro-fotografias-e-texto-personalizado\/","title":{"rendered":"Candeeiro Amiga com Quatro Fotografias e Texto Personalizado"},"content":{"rendered":"<p>Dedica \u00e0 tua <strong>amiga<\/strong> este <strong>candeeiro personalizado<\/strong>, ao qual poder\u00e1s adicionar quatro fotografias e uma mensagem emotiva. Ser\u00e1 perfeito como <strong>presente para o anivers\u00e1rio dela ou para o Natal.<\/strong> Tamb\u00e9m pode ser uma excelente op\u00e7\u00e3o como presente para um <strong>familiar<\/strong> ou at\u00e9 para a tua <strong>cara-metade<\/strong>. S\u00f3 ter\u00e1s de escolher uma data especial, como o Dia do Pai ou o Dia da M\u00e3e, um anivers\u00e1rio, o Dia dos Namorados. Seja como for, a emo\u00e7\u00e3o est\u00e1 garantida!<\/p>\n<p>Esta placa luminosa \u00e9 totalmente personaliz\u00e1vel. Primeiro ter\u00e1s de <strong>escrever um nome ou uma palavra que represente a pessoa<\/strong> a quem ofereces o presente. Depois, poder\u00e1s adicionar uma <strong>mensagem ou dedicat\u00f3ria emotiva<\/strong> para que apare\u00e7a sob o design. E, por fim, s\u00f3 faltar\u00e1 <strong>carregares essas quatro fotografias<\/strong> especiais para eternizar os vossos melhores momentos.<\/p>\n<p>A placa do candeeiro \u00e9 fabricada em <strong>metacrilato de alta qualidade<\/strong>, o que lhe confere resist\u00eancia e durabilidade. A <strong>base<\/strong> sobre a qual assenta \u00e9 feita <strong>de madeira<\/strong>, e poder\u00e1s gravar <strong>outra mensagem adicional<\/strong> por um pequeno extra. Essa pessoa querida poder\u00e1 coloc\u00e1-la sobre qualquer superf\u00edcie para <strong>decorar e iluminar o espa\u00e7o<\/strong>, gra\u00e7as \u00e0 sua luz suave que se acende com um <strong>interruptor de ligar\/desligar<\/strong>.<\/p>\n<p>N\u00e3o fiques sem o melhor <strong>presente para os teus amigos e amigas<\/strong>. Personaliza o candeeiro ao gosto deles e deixa que o coloquem numa <strong>estante<\/strong>, na <strong>mesa de cabeceira<\/strong> ou onde quiserem. V\u00e3o sentir-se os amigos mais sortudos do mundo!<\/p>\n<p><strong>Caracter\u00edsticas:<\/strong><\/p>\n<ul>\n<li>Tamanho: 17 \u00d7 14,5 cm<\/li>\n<li>Material:\n<ul>\n<li>Placa: Metacrilato de alta qualidade.<\/li>\n<li>Base: Madeira de alta qualidade.<\/li>\n<\/ul>\n<\/li>\n<li>Inclui: Luz LED quente. Cabo USB. Embalagem com caixa para presente.<\/li>\n<li>Manuten\u00e7\u00e3o: Limpa-se de forma simples com a ajuda da toalhita inclu\u00edda.<\/li>\n<\/ul>\n","protected":false},"excerpt":{"rendered":"<p>Dedica \u00e0 tua amiga este candeeiro personalizado, ao qual poder\u00e1s adicionar quatro fotografias e um [&#8230;]<\/p>\n","protected":false},"featured_media":495753,"comment_status":"open","ping_status":"closed","template":"","meta":{"_acf_changed":false},"product_brand":[],"product_cat":[1682],"product_tag":[1693],"class_list":{"0":"post-496154","1":"product","2":"type-product","3":"status-publish","4":"has-post-thumbnail","6":"product_cat-candeeiros-personalizados","7":"product_tag-amizade","9":"first","10":"instock","11":"sale","12":"taxable","13":"shipping-taxable","14":"purchasable","15":"product-type-simple"},"acf":[],"df_price":16.99,"df_sale_price":16.99,"df_regular_price":30.99,"df_image_link":"https:\/\/transparentgift.com\/pt\/wp-content\/uploads\/2025\/11\/Lampara-Amiga-con-Cuatro-Fotos-y-Texto-personalizada-1-PORTUGAL-300x300.jpg","_links":{"self":[{"href":"https:\/\/transparentgift.com\/pt\/wp-json\/wp\/v2\/product\/496154","targetHints":{"allow":["GET"]}}],"collection":[{"href":"https:\/\/transparentgift.com\/pt\/wp-json\/wp\/v2\/product"}],"about":[{"href":"https:\/\/transparentgift.com\/pt\/wp-json\/wp\/v2\/types\/product"}],"replies":[{"embeddable":true,"href":"https:\/\/transparentgift.com\/pt\/wp-json\/wp\/v2\/comments?post=496154"}],"wp:featuredmedia":[{"embeddable":true,"href":"https:\/\/transparentgift.com\/pt\/wp-json\/wp\/v2\/media\/495753"}],"wp:attachment":[{"href":"https:\/\/transparentgift.com\/pt\/wp-json\/wp\/v2\/media?parent=496154"}],"wp:term":[{"taxonomy":"product_brand","embeddable":true,"href":"https:\/\/transparentgift.com\/pt\/wp-json\/wp\/v2\/product_brand?post=496154"},{"taxonomy":"product_cat","embeddable":true,"href":"https:\/\/transparentgift.com\/pt\/wp-json\/wp\/v2\/product_cat?post=496154"},{"taxonomy":"product_tag","embeddable":true,"href":"https:\/\/transparentgift.com\/pt\/wp-json\/wp\/v2\/product_tag?post=496154"}],"curies":[{"name":"wp","href":"https:\/\/api.w.org\/{rel}","templated":true}]}}