{"id":496156,"date":"2025-11-20T17:16:17","date_gmt":"2025-11-20T17:16:17","guid":{"rendered":"https:\/\/transparentgift.com\/pt\/porta-chaves-com-foto-e-frase-personalizado\/"},"modified":"2025-11-27T17:40:19","modified_gmt":"2025-11-27T17:40:19","slug":"porta-chaves-com-foto-e-frase-personalizado","status":"publish","type":"product","link":"https:\/\/transparentgift.com\/pt\/porta-chaves-com-foto-e-frase-personalizado\/","title":{"rendered":"Porta-chaves com Foto e Frase personalizado"},"content":{"rendered":"<p>Ofere\u00e7a um <strong>porta-chaves personalizado com foto<\/strong> <strong>e frase<\/strong> a essa pessoa t\u00e3o especial. \u00c9 perfeito para oferecer a <strong>familiares, amigos e parceiro(a)<\/strong> numa ocasi\u00e3o que o mere\u00e7a: <strong>anivers\u00e1rio, Natal, anivers\u00e1rio de casamento, Dia do Pai ou Dia da M\u00e3e, Dia dos Namorados<\/strong>, etc. Seja quando for, vai emocionar essa pessoa querida!<\/p>\n<p>Personalize o seu porta-chaves <strong>escolhendo uma foto<\/strong> que imortalize um momento inesquec\u00edvel e <strong>escrevendo uma frase<\/strong> \u00fanica para a acompanhar. O resultado ser\u00e1 t\u00e3o original que essa pessoa n\u00e3o vai querer separar-se do porta-chaves!<\/p>\n<p>\u00c9 fabricado em <strong>metacrilato de alta qualidade<\/strong>, o que lhe confere resist\u00eancia e durabilidade. Al\u00e9m disso, <strong>inclui uma corrente met\u00e1lica<\/strong> com acabamento prateado para poder pendurar confortavelmente o porta-chaves nas chaves, numa mala, mochila ou onde preferir.<\/p>\n<p>\u00c9 o melhor presente para demonstrar todo o seu carinho a essa pessoa especial. Do que est\u00e1 \u00e0 espera para criar a recorda\u00e7\u00e3o mais emotiva?<\/p>\n<p><strong>Caracter\u00edsticas:<\/strong><\/p>\n<ul>\n<li>Tamanho: 6,5 \u00d7 4,5 cm<\/li>\n<li>Material: Metacrilato de alta qualidade.<\/li>\n<li>Inclui: Corrente met\u00e1lica com acabamento em cor prata. Embalagem premium perfeita para oferecer.<\/li>\n<\/ul>\n","protected":false},"excerpt":{"rendered":"<p>Ofere\u00e7a um porta-chaves personalizado com foto e frase a essa pessoa t\u00e3o especial. \u00c9 perfeito par [&#8230;]<\/p>\n","protected":false},"featured_media":495816,"comment_status":"open","ping_status":"closed","template":"","meta":{"_acf_changed":false},"product_brand":[],"product_cat":[1679],"product_tag":[1678],"class_list":{"0":"post-496156","1":"product","2":"type-product","3":"status-publish","4":"has-post-thumbnail","6":"product_cat-porta-chaves-personalizados","7":"product_tag-casais","9":"first","10":"instock","11":"taxable","12":"shipping-taxable","13":"purchasable","14":"product-type-simple"},"acf":[],"df_price":11.99,"df_sale_price":"","df_regular_price":11.99,"df_image_link":"https:\/\/transparentgift.com\/pt\/wp-content\/uploads\/2025\/11\/Llavero-con-foto_1-300x300.jpg","_links":{"self":[{"href":"https:\/\/transparentgift.com\/pt\/wp-json\/wp\/v2\/product\/496156","targetHints":{"allow":["GET"]}}],"collection":[{"href":"https:\/\/transparentgift.com\/pt\/wp-json\/wp\/v2\/product"}],"about":[{"href":"https:\/\/transparentgift.com\/pt\/wp-json\/wp\/v2\/types\/product"}],"replies":[{"embeddable":true,"href":"https:\/\/transparentgift.com\/pt\/wp-json\/wp\/v2\/comments?post=496156"}],"wp:featuredmedia":[{"embeddable":true,"href":"https:\/\/transparentgift.com\/pt\/wp-json\/wp\/v2\/media\/495816"}],"wp:attachment":[{"href":"https:\/\/transparentgift.com\/pt\/wp-json\/wp\/v2\/media?parent=496156"}],"wp:term":[{"taxonomy":"product_brand","embeddable":true,"href":"https:\/\/transparentgift.com\/pt\/wp-json\/wp\/v2\/product_brand?post=496156"},{"taxonomy":"product_cat","embeddable":true,"href":"https:\/\/transparentgift.com\/pt\/wp-json\/wp\/v2\/product_cat?post=496156"},{"taxonomy":"product_tag","embeddable":true,"href":"https:\/\/transparentgift.com\/pt\/wp-json\/wp\/v2\/product_tag?post=496156"}],"curies":[{"name":"wp","href":"https:\/\/api.w.org\/{rel}","templated":true}]}}