{"id":496157,"date":"2025-11-20T17:16:19","date_gmt":"2025-11-20T17:16:19","guid":{"rendered":"https:\/\/transparentgift.com\/pt\/placa-viajantes-com-marcador-e-textos-personalizada\/"},"modified":"2025-12-15T14:52:46","modified_gmt":"2025-12-15T14:52:46","slug":"placa-viajantes-com-marcador-e-textos-personalizada","status":"publish","type":"product","link":"https:\/\/transparentgift.com\/pt\/placa-viajantes-com-marcador-e-textos-personalizada\/","title":{"rendered":"Placa Viajantes com Marcador e Textos Personalizada"},"content":{"rendered":"<p>Surpreende com esta <strong>placa personalizada<\/strong> para os amantes de viagens. Est\u00e1 desenhada com um <strong>grande mapamundi gravado sobre a placa de metacrilato<\/strong>. Vai tornar-se no presente mais original que podes oferecer aos teus <strong>amigos, parceiro ou familiares mais viajantes<\/strong>. Tamb\u00e9m \u00e9 um detalhe perfeito como <strong>presente de casamento<\/strong> para aquele casal de noivos t\u00e3o especial.<\/p>\n<p>Ter\u00e1s a op\u00e7\u00e3o de personalizar o presente com os <strong>textos mais emotivos<\/strong>, que ficar\u00e3o gravados por cima e por baixo do mapa, de forma a completar o design. Sempre que essa pessoa ou casal especial fizer uma viagem, poder\u00e1 <strong>assinalar o pa\u00eds visitado<\/strong> gra\u00e7as ao <strong>marcador vermelho<\/strong> que se inclui como extra. Deixa que a tua pessoa querida a coloque na sua <strong>secret\u00e1ria, mesa de cabeceira ou estante<\/strong>, onde poder\u00e1 contemplar, com entusiasmo, os seus destinos completados.<\/p>\n<p>\u00c9 um <strong>presente personalizado<\/strong>, pelo que poder\u00e1s escolher o acabamento final: se queres apenas a placa, que esta se mantenha de p\u00e9 com uma <strong>base de metacrilato<\/strong> ou que seja emoldurada dentro de uma bonita <strong>moldura preta<\/strong>. Surpreende os teus com um presente diferente e a recorda\u00e7\u00e3o mais enternecedora!<\/p>\n<p><strong>Caracter\u00edsticas:<\/strong><\/p>\n<ul>\n<li>Tamanho: 29,7 x 21 cm<\/li>\n<li>Material: Metacrilato de alta qualidade.<\/li>\n<li>Inclui: Marcador vermelho para assinalar os pa\u00edses visitados. Embalagem com caixa para presente.<\/li>\n<li>Extras: Base de cristal, base de madeira ou moldura de madeira.<\/li>\n<li>Manuten\u00e7\u00e3o: Limpa-se de forma simples com a ajuda da toalhita seca.<\/li>\n<\/ul>\n","protected":false},"excerpt":{"rendered":"<p>Surpreende com esta placa personalizada para os amantes de viagens. Est\u00e1 desenhada com um grande ma [&#8230;]<\/p>\n","protected":false},"featured_media":495577,"comment_status":"open","ping_status":"closed","template":"","meta":{"_acf_changed":false},"product_brand":[],"product_cat":[1676],"product_tag":[1678,1677],"class_list":{"0":"post-496157","1":"product","2":"type-product","3":"status-publish","4":"has-post-thumbnail","6":"product_cat-fotos-em-metacrilato-personalizadas","7":"product_tag-casais","8":"product_tag-generico","10":"first","11":"instock","12":"sale","13":"taxable","14":"shipping-taxable","15":"purchasable","16":"product-type-simple"},"acf":[],"df_price":20.99,"df_sale_price":20.99,"df_regular_price":25.99,"df_image_link":"https:\/\/transparentgift.com\/pt\/wp-content\/uploads\/2025\/11\/placa-VIAJEROS_1_PORTUGAL-300x300.jpg","_links":{"self":[{"href":"https:\/\/transparentgift.com\/pt\/wp-json\/wp\/v2\/product\/496157","targetHints":{"allow":["GET"]}}],"collection":[{"href":"https:\/\/transparentgift.com\/pt\/wp-json\/wp\/v2\/product"}],"about":[{"href":"https:\/\/transparentgift.com\/pt\/wp-json\/wp\/v2\/types\/product"}],"replies":[{"embeddable":true,"href":"https:\/\/transparentgift.com\/pt\/wp-json\/wp\/v2\/comments?post=496157"}],"wp:featuredmedia":[{"embeddable":true,"href":"https:\/\/transparentgift.com\/pt\/wp-json\/wp\/v2\/media\/495577"}],"wp:attachment":[{"href":"https:\/\/transparentgift.com\/pt\/wp-json\/wp\/v2\/media?parent=496157"}],"wp:term":[{"taxonomy":"product_brand","embeddable":true,"href":"https:\/\/transparentgift.com\/pt\/wp-json\/wp\/v2\/product_brand?post=496157"},{"taxonomy":"product_cat","embeddable":true,"href":"https:\/\/transparentgift.com\/pt\/wp-json\/wp\/v2\/product_cat?post=496157"},{"taxonomy":"product_tag","embeddable":true,"href":"https:\/\/transparentgift.com\/pt\/wp-json\/wp\/v2\/product_tag?post=496157"}],"curies":[{"name":"wp","href":"https:\/\/api.w.org\/{rel}","templated":true}]}}