{"id":496158,"date":"2025-11-20T17:16:20","date_gmt":"2025-11-20T17:16:20","guid":{"rendered":"https:\/\/transparentgift.com\/pt\/placa-hollywood-com-textos-personalizada\/"},"modified":"2025-11-27T17:40:20","modified_gmt":"2025-11-27T17:40:20","slug":"placa-hollywood-com-textos-personalizada","status":"publish","type":"product","link":"https:\/\/transparentgift.com\/pt\/placa-hollywood-com-textos-personalizada\/","title":{"rendered":"Placa Hollywood com Textos personalizada"},"content":{"rendered":"<p>Surpreenda essa pessoa especial com esta <strong>placa Estrela de Hollywood personalizada<\/strong> com uma dedicat\u00f3ria gravada sobre o metacrilato. \u00c9 o presente mais original que poder\u00e1 oferecer a esse <strong>colega de trabalho que se reforma ou que se despede<\/strong>, a esse familiar que faz anos ou ao amigo mais especial. Poder\u00e1 ser uma recorda\u00e7\u00e3o de toda uma trajet\u00f3ria, de uma carreira ou para celebrar qualquer conquista.<\/p>\n<p>Tem um design muito elegante com uma grande estrela da fama, onde poder\u00e1 <strong>colocar o nome<\/strong>, por baixo a <strong>frase ou dedicat\u00f3ria<\/strong> que o represente e complet\u00e1-la com uma <strong>data especial<\/strong>. S\u00f3 ter\u00e1 de preencher os campos necess\u00e1rios e n\u00f3s tratamos de que o resultado surpreenda.<\/p>\n<p>\u00c9 fabricada em <strong>metacrilato de alta qualidade<\/strong>, que lhe confere resist\u00eancia e durabilidade. Al\u00e9m disso, poder\u00e1 escolher o acess\u00f3rio que preferir: uma <strong>base de metacrilato<\/strong> para sustentar a placa ou uma <strong>moldura preta de madeira<\/strong> para a emoldurar. Assim, essa pessoa a quem oferecer o presente poder\u00e1 colocar a l\u00e2mina sobre a <strong>mesa do escrit\u00f3rio, sobre a secret\u00e1ria ou numa estante<\/strong>.<\/p>\n<p>De que est\u00e1 \u00e0 espera para pedir o melhor dos <strong>presentes personalizados<\/strong>? Emocione o seu colega, parceiro, familiar ou amigo\/a com uma recorda\u00e7\u00e3o que reflita o seu orgulho por essa pessoa!<\/p>\n<p><strong>Caracter\u00edsticas:<\/strong><\/p>\n<ul>\n<li>Tamanho: 29,7 x 21 cm<\/li>\n<li>Material: Metacrilato de alta qualidade.<\/li>\n<li>Inclui: Embalagem com caixa para presente.<\/li>\n<li>Extras: Base cristal, base madeira ou moldura de madeira.<\/li>\n<li>Manuten\u00e7\u00e3o: Limpa-se de forma simples com a ajuda de uma toalhita seca.<\/li>\n<\/ul>\n","protected":false},"excerpt":{"rendered":"<p>Surpreenda essa pessoa especial com esta placa Estrela de Hollywood personalizada com uma dedicat\u00f3r [&#8230;]<\/p>\n","protected":false},"featured_media":495606,"comment_status":"open","ping_status":"closed","template":"","meta":{"_acf_changed":false},"product_brand":[],"product_cat":[1676],"product_tag":[1678,1677],"class_list":{"0":"post-496158","1":"product","2":"type-product","3":"status-publish","4":"has-post-thumbnail","6":"product_cat-fotos-em-metacrilato-personalizadas","7":"product_tag-casais","8":"product_tag-generico","10":"first","11":"instock","12":"sale","13":"taxable","14":"shipping-taxable","15":"purchasable","16":"product-type-simple"},"acf":[],"df_price":20.99,"df_sale_price":20.99,"df_regular_price":25.99,"df_image_link":"https:\/\/transparentgift.com\/pt\/wp-content\/uploads\/2025\/11\/Placa-hollywood_1_portugal-300x300.jpg","_links":{"self":[{"href":"https:\/\/transparentgift.com\/pt\/wp-json\/wp\/v2\/product\/496158","targetHints":{"allow":["GET"]}}],"collection":[{"href":"https:\/\/transparentgift.com\/pt\/wp-json\/wp\/v2\/product"}],"about":[{"href":"https:\/\/transparentgift.com\/pt\/wp-json\/wp\/v2\/types\/product"}],"replies":[{"embeddable":true,"href":"https:\/\/transparentgift.com\/pt\/wp-json\/wp\/v2\/comments?post=496158"}],"wp:featuredmedia":[{"embeddable":true,"href":"https:\/\/transparentgift.com\/pt\/wp-json\/wp\/v2\/media\/495606"}],"wp:attachment":[{"href":"https:\/\/transparentgift.com\/pt\/wp-json\/wp\/v2\/media?parent=496158"}],"wp:term":[{"taxonomy":"product_brand","embeddable":true,"href":"https:\/\/transparentgift.com\/pt\/wp-json\/wp\/v2\/product_brand?post=496158"},{"taxonomy":"product_cat","embeddable":true,"href":"https:\/\/transparentgift.com\/pt\/wp-json\/wp\/v2\/product_cat?post=496158"},{"taxonomy":"product_tag","embeddable":true,"href":"https:\/\/transparentgift.com\/pt\/wp-json\/wp\/v2\/product_tag?post=496158"}],"curies":[{"name":"wp","href":"https:\/\/api.w.org\/{rel}","templated":true}]}}