{"id":496164,"date":"2025-11-20T17:16:29","date_gmt":"2025-11-20T17:16:29","guid":{"rendered":"https:\/\/transparentgift.com\/pt\/pack-de-marcadores-de-mesa-com-nome-personalizados\/"},"modified":"2026-03-23T11:02:50","modified_gmt":"2026-03-23T11:02:50","slug":"pack-de-marcadores-de-mesa-com-nome-personalizados","status":"publish","type":"product","link":"https:\/\/transparentgift.com\/pt\/pack-de-marcadores-de-mesa-com-nome-personalizados\/","title":{"rendered":"Pack de Marcadores de Mesa com Nome personalizados"},"content":{"rendered":"<p><strong>Transforma a tua mesa de Natal com este Pack de Marcadores de Mesa com Nome personalizados.<\/strong><\/p>\n<p>Estes marcadores acrescentam um toque \u00fanico e acolhedor \u00e0s tuas celebra\u00e7\u00f5es, permitindo que cada convidado se sinta especial com o seu nome gravado. Com um encantador design de rena, s\u00e3o o detalhe perfeito para se destacar em qualquer reuni\u00e3o.<\/p>\n<p>Ideais para jantares de Consoada, almo\u00e7os de Natal ou qualquer celebra\u00e7\u00e3o especial, estes marcadores s\u00e3o perfeitos para fam\u00edlias, amigos ou at\u00e9 para mesas infantis. Oferece uma recorda\u00e7\u00e3o inesquec\u00edvel que ir\u00e1 encantar todos e dar um toque m\u00e1gico aos teus eventos.<\/p>\n<h4><strong>Caracter\u00edsticas:<\/strong><\/h4>\n<ul>\n<li>Tamanho: 12 x 6 cm<\/li>\n<li>Material: Madeira de alta qualidade.<\/li>\n<li>Manuten\u00e7\u00e3o: Limpar com pano seco.<\/li>\n<\/ul>\n","protected":false},"excerpt":{"rendered":"<p>Transforma a tua mesa de Natal com este Pack de Marcadores de Mesa com Nome personalizados. Estes ma [&#8230;]<\/p>\n","protected":false},"featured_media":495655,"comment_status":"open","ping_status":"closed","template":"","meta":{"_acf_changed":false},"product_brand":[],"product_cat":[1696],"product_tag":[1695],"class_list":{"0":"post-496164","1":"product","2":"type-product","3":"status-publish","4":"has-post-thumbnail","6":"product_cat-enfeites-de-natal-personalizados","7":"product_tag-natal","9":"first","10":"instock","11":"taxable","12":"shipping-taxable","13":"purchasable","14":"product-type-simple"},"acf":[],"df_price":11.99,"df_sale_price":"","df_regular_price":11.99,"df_image_link":"https:\/\/transparentgift.com\/pt\/wp-content\/uploads\/2025\/11\/1_Senalador_Renote-300x300.jpg","_links":{"self":[{"href":"https:\/\/transparentgift.com\/pt\/wp-json\/wp\/v2\/product\/496164","targetHints":{"allow":["GET"]}}],"collection":[{"href":"https:\/\/transparentgift.com\/pt\/wp-json\/wp\/v2\/product"}],"about":[{"href":"https:\/\/transparentgift.com\/pt\/wp-json\/wp\/v2\/types\/product"}],"replies":[{"embeddable":true,"href":"https:\/\/transparentgift.com\/pt\/wp-json\/wp\/v2\/comments?post=496164"}],"wp:featuredmedia":[{"embeddable":true,"href":"https:\/\/transparentgift.com\/pt\/wp-json\/wp\/v2\/media\/495655"}],"wp:attachment":[{"href":"https:\/\/transparentgift.com\/pt\/wp-json\/wp\/v2\/media?parent=496164"}],"wp:term":[{"taxonomy":"product_brand","embeddable":true,"href":"https:\/\/transparentgift.com\/pt\/wp-json\/wp\/v2\/product_brand?post=496164"},{"taxonomy":"product_cat","embeddable":true,"href":"https:\/\/transparentgift.com\/pt\/wp-json\/wp\/v2\/product_cat?post=496164"},{"taxonomy":"product_tag","embeddable":true,"href":"https:\/\/transparentgift.com\/pt\/wp-json\/wp\/v2\/product_tag?post=496164"}],"curies":[{"name":"wp","href":"https:\/\/api.w.org\/{rel}","templated":true}]}}