{"id":496165,"date":"2025-11-20T17:16:31","date_gmt":"2025-11-20T17:16:31","guid":{"rendered":"https:\/\/transparentgift.com\/pt\/placa-spotify-personalizada\/"},"modified":"2026-04-11T17:47:28","modified_gmt":"2026-04-11T16:47:28","slug":"placa-spotify-personalizada","status":"publish","type":"product","link":"https:\/\/transparentgift.com\/pt\/placa-spotify-personalizada\/","title":{"rendered":"Placa Spotify personalizada"},"content":{"rendered":"<p><strong>Placa Spotify personalizada<\/strong>. Uma prenda \u00fanica que capta momentos especiais atrav\u00e9s da m\u00fasica.<\/p>\n<p>Personaliza cada detalhe com esta placa de metacrilato que mostra a tua m\u00fasica favorita e a respetiva capa, acess\u00edvel atrav\u00e9s de um <strong>c\u00f3digo QR<\/strong> que pode ser lido com contas Spotify Premium. Ideal para quem procura uma <strong>prenda original<\/strong> e significativa.<\/p>\n<p>Esta <strong>prenda personalizada<\/strong> \u00e9 perfeita para o <strong>Dia dos Namorados<\/strong>, <strong>Dia do Pai<\/strong>, <strong>Dia da M\u00e3e<\/strong>, <strong>Natal<\/strong>, anivers\u00e1rios, festas de anos ou simplesmente para surpreender aquela pessoa especial com uma m\u00fasica que vos une. Um detalhe inesquec\u00edvel para <strong>casais<\/strong>, <strong>familiares<\/strong> ou <strong>amigos<\/strong> que valorizam a m\u00fasica e as recorda\u00e7\u00f5es.<\/p>\n<h4><strong>Caracter\u00edsticas:<\/strong><\/h4>\n<ul>\n<li>Tamanho: 20 x 15 cm \/ 29,7 x 21 cm<\/li>\n<li>Material: Metacrilato de alta qualidade.<\/li>\n<li>Inclui: Embalagem com caixa para oferta.<\/li>\n<li>Manuten\u00e7\u00e3o: Limpa-se facilmente com a ajuda da toalhita seca.<\/li>\n<\/ul>\n","protected":false},"excerpt":{"rendered":"<p>Placa Spotify personalizada. Uma prenda \u00fanica que capta momentos especiais atrav\u00e9s da m\u00fasica. Per [&#8230;]<\/p>\n","protected":false},"featured_media":495624,"comment_status":"open","ping_status":"closed","template":"","meta":{"_acf_changed":false},"product_brand":[],"product_cat":[1676],"product_tag":[1678,1677,1680,1681,1686],"class_list":{"0":"post-496165","1":"product","2":"type-product","3":"status-publish","4":"has-post-thumbnail","6":"product_cat-fotos-em-metacrilato-personalizadas","7":"product_tag-casais","8":"product_tag-generico","9":"product_tag-mulheres","10":"product_tag-pais","11":"product_tag-spotify","13":"first","14":"instock","15":"sale","16":"taxable","17":"shipping-taxable","18":"purchasable","19":"product-type-simple"},"acf":[],"df_price":10.99,"df_sale_price":10.99,"df_regular_price":20.99,"df_image_link":"https:\/\/transparentgift.com\/pt\/wp-content\/uploads\/2025\/11\/1-Placa-Spotify_2-300x300.jpg","_links":{"self":[{"href":"https:\/\/transparentgift.com\/pt\/wp-json\/wp\/v2\/product\/496165","targetHints":{"allow":["GET"]}}],"collection":[{"href":"https:\/\/transparentgift.com\/pt\/wp-json\/wp\/v2\/product"}],"about":[{"href":"https:\/\/transparentgift.com\/pt\/wp-json\/wp\/v2\/types\/product"}],"replies":[{"embeddable":true,"href":"https:\/\/transparentgift.com\/pt\/wp-json\/wp\/v2\/comments?post=496165"}],"wp:featuredmedia":[{"embeddable":true,"href":"https:\/\/transparentgift.com\/pt\/wp-json\/wp\/v2\/media\/495624"}],"wp:attachment":[{"href":"https:\/\/transparentgift.com\/pt\/wp-json\/wp\/v2\/media?parent=496165"}],"wp:term":[{"taxonomy":"product_brand","embeddable":true,"href":"https:\/\/transparentgift.com\/pt\/wp-json\/wp\/v2\/product_brand?post=496165"},{"taxonomy":"product_cat","embeddable":true,"href":"https:\/\/transparentgift.com\/pt\/wp-json\/wp\/v2\/product_cat?post=496165"},{"taxonomy":"product_tag","embeddable":true,"href":"https:\/\/transparentgift.com\/pt\/wp-json\/wp\/v2\/product_tag?post=496165"}],"curies":[{"name":"wp","href":"https:\/\/api.w.org\/{rel}","templated":true}]}}