{"id":496167,"date":"2025-11-20T17:16:34","date_gmt":"2025-11-20T17:16:34","guid":{"rendered":"https:\/\/transparentgift.com\/pt\/capacho-equipa-de-futebol-familia-personalizado\/"},"modified":"2026-01-12T12:43:19","modified_gmt":"2026-01-12T12:43:19","slug":"capacho-equipa-de-futebol-familia-personalizado","status":"publish","type":"product","link":"https:\/\/transparentgift.com\/pt\/capacho-equipa-de-futebol-familia-personalizado\/","title":{"rendered":"Capacho Equipa de Futebol Fam\u00edlia personalizado"},"content":{"rendered":"<p><strong>Bem-vindo a casa com estilo futebol\u00edstico<\/strong>. O capacho personalizado ideal para os amantes do futebol e da fam\u00edlia.<\/p>\n<p>Este capacho de fibra de coco n\u00e3o s\u00f3 ret\u00e9m a sujidade, como tamb\u00e9m reflete a tua paix\u00e3o pelo desporto rei, com um design que simula um campo de futebol e camisolas personaliz\u00e1veis.<\/p>\n<p>Perfeito para fam\u00edlias apaixonadas por futebol, \u00e9 uma prenda original para novos lares ou celebra\u00e7\u00f5es especiais como anivers\u00e1rios, anivers\u00e1rios de casamento, anivers\u00e1rios de nascimento ou o Natal. Adiciona um toque pessoal e acolhedor \u00e0 entrada da tua casa.<\/p>\n<h4><strong>Caracter\u00edsticas:<\/strong><\/h4>\n<ul>\n<li>Tamanho: 60 x 33 x 1,5 cm \/ 70 x 40 x 1,5 cm<\/li>\n<li>Material: Fibra de coco com base de PVC antiderrapante.<\/li>\n<li>Manuten\u00e7\u00e3o: Limpar com aspirador ou sacudindo. N\u00e3o lavar \u00e0 m\u00e1quina nem a seco utilizando produtos de limpeza. N\u00e3o colocar na m\u00e1quina de secar. Recomendado apenas para uso dom\u00e9stico, em interiores e em locais sem excesso de tr\u00e2nsito di\u00e1rio.<\/li>\n<\/ul>\n","protected":false},"excerpt":{"rendered":"<p>Bem-vindo a casa com estilo futebol\u00edstico. O capacho personalizado ideal para os amantes do futebol [&#8230;]<\/p>\n","protected":false},"featured_media":495841,"comment_status":"open","ping_status":"closed","template":"","meta":{"_acf_changed":false},"product_brand":[],"product_cat":[1694],"product_tag":[1780,1687,1681],"class_list":{"0":"post-496167","1":"product","2":"type-product","3":"status-publish","4":"has-post-thumbnail","6":"product_cat-capachos-personalizados","7":"product_tag-esportes","8":"product_tag-familia","9":"product_tag-pais","11":"first","12":"instock","13":"taxable","14":"shipping-taxable","15":"purchasable","16":"product-type-simple"},"acf":[],"df_price":15.99,"df_sale_price":"","df_regular_price":15.99,"df_image_link":"https:\/\/transparentgift.com\/pt\/wp-content\/uploads\/2025\/11\/Equipo-de-futbol_1-300x300.jpg","_links":{"self":[{"href":"https:\/\/transparentgift.com\/pt\/wp-json\/wp\/v2\/product\/496167","targetHints":{"allow":["GET"]}}],"collection":[{"href":"https:\/\/transparentgift.com\/pt\/wp-json\/wp\/v2\/product"}],"about":[{"href":"https:\/\/transparentgift.com\/pt\/wp-json\/wp\/v2\/types\/product"}],"replies":[{"embeddable":true,"href":"https:\/\/transparentgift.com\/pt\/wp-json\/wp\/v2\/comments?post=496167"}],"wp:featuredmedia":[{"embeddable":true,"href":"https:\/\/transparentgift.com\/pt\/wp-json\/wp\/v2\/media\/495841"}],"wp:attachment":[{"href":"https:\/\/transparentgift.com\/pt\/wp-json\/wp\/v2\/media?parent=496167"}],"wp:term":[{"taxonomy":"product_brand","embeddable":true,"href":"https:\/\/transparentgift.com\/pt\/wp-json\/wp\/v2\/product_brand?post=496167"},{"taxonomy":"product_cat","embeddable":true,"href":"https:\/\/transparentgift.com\/pt\/wp-json\/wp\/v2\/product_cat?post=496167"},{"taxonomy":"product_tag","embeddable":true,"href":"https:\/\/transparentgift.com\/pt\/wp-json\/wp\/v2\/product_tag?post=496167"}],"curies":[{"name":"wp","href":"https:\/\/api.w.org\/{rel}","templated":true}]}}