{"id":496172,"date":"2025-11-20T17:16:41","date_gmt":"2025-11-20T17:16:41","guid":{"rendered":"https:\/\/transparentgift.com\/pt\/placa-colagem-de-fotografias-com-textos-personalizada\/"},"modified":"2025-11-27T17:40:29","modified_gmt":"2025-11-27T17:40:29","slug":"placa-colagem-de-fotografias-com-textos-personalizada","status":"publish","type":"product","link":"https:\/\/transparentgift.com\/pt\/placa-colagem-de-fotografias-com-textos-personalizada\/","title":{"rendered":"Placa Colagem de Fotografias com Textos personalizada"},"content":{"rendered":"<p>Surpreende o teu parceiro com esta rom\u00e2ntica <strong>placa de metacrilato com design de colagem de fotografias<\/strong> e faz a prenda mais original e emotiva. Na placa de metacrilato poder\u00e1s gravar uma fotografia principal na parte de cima e outras tr\u00eas fotografias na parte de baixo. Tamb\u00e9m poder\u00e1s adicionar o nome do teu namorado ou namorada junto com o teu, acompanhados por uma bonita frase. \u00c9 perfeito como <strong>prenda de Dia dos Namorados, para um anivers\u00e1rio<\/strong>, um anivers\u00e1rio de nascimento ou at\u00e9 Natal. Tamb\u00e9m \u00e9 ideal como detalhe para esses noivos no <strong>dia do seu casamento<\/strong>.<\/p>\n<p>Este presente \u00e9 <strong>totalmente personaliz\u00e1vel<\/strong>, s\u00f3 tens de carregar <strong>as fotografias mais especiais<\/strong> e ficar\u00e3o gravadas numa elegante colagem a rodear <strong>os vossos nomes e aquela frase emotiva<\/strong> que escolhas. Al\u00e9m disso, poder\u00e1s escolher se preferes que a placa se mantenha sobre uma <strong>base de metacrilato<\/strong> ou esteja enquadrada por uma simples <strong>moldura preta<\/strong>. Seja como for, o teu parceiro poder\u00e1 <strong>decorar a mesa de cabeceira, a estante ou a secret\u00e1ria<\/strong> da forma mais rom\u00e2ntica.<\/p>\n<p>Os seus materiais de alta qualidade conferem resist\u00eancia e durabilidade \u00e0 l\u00e2mina.<\/p>\n<p>N\u00e3o fiques sem a prenda perfeita para demonstrares o teu amor ao teu parceiro nesse dia t\u00e3o especial. Ter\u00e1s a oportunidade de conservar a vossa recorda\u00e7\u00e3o mais enternecedora.<\/p>\n<p><strong>Caracter\u00edsticas:<\/strong><\/p>\n<ul>\n<li>Tamanho: 29,7 x 21 cm<\/li>\n<li>Material: Metacrilato de alta qualidade.<\/li>\n<li>Inclui: Embalagem com caixa para presente.<\/li>\n<li>Extras: Base de cristal, base de madeira ou moldura de madeira.<\/li>\n<li>Manuten\u00e7\u00e3o: Limpa-se de forma simples com a ajuda de uma toalhita seca.<\/li>\n<\/ul>\n","protected":false},"excerpt":{"rendered":"<p>Surpreende o teu parceiro com esta rom\u00e2ntica placa de metacrilato com design de colagem de fotograf [&#8230;]<\/p>\n","protected":false},"featured_media":495614,"comment_status":"open","ping_status":"closed","template":"","meta":{"_acf_changed":false},"product_brand":[],"product_cat":[1676],"product_tag":[1678,1677,1680],"class_list":{"0":"post-496172","1":"product","2":"type-product","3":"status-publish","4":"has-post-thumbnail","6":"product_cat-fotos-em-metacrilato-personalizadas","7":"product_tag-casais","8":"product_tag-generico","9":"product_tag-mulheres","11":"first","12":"instock","13":"taxable","14":"shipping-taxable","15":"purchasable","16":"product-type-simple"},"acf":[],"df_price":20.99,"df_sale_price":"","df_regular_price":20.99,"df_image_link":"https:\/\/transparentgift.com\/pt\/wp-content\/uploads\/2025\/11\/Placa-Retrato_1_PORTUGAL-300x300.jpg","_links":{"self":[{"href":"https:\/\/transparentgift.com\/pt\/wp-json\/wp\/v2\/product\/496172","targetHints":{"allow":["GET"]}}],"collection":[{"href":"https:\/\/transparentgift.com\/pt\/wp-json\/wp\/v2\/product"}],"about":[{"href":"https:\/\/transparentgift.com\/pt\/wp-json\/wp\/v2\/types\/product"}],"replies":[{"embeddable":true,"href":"https:\/\/transparentgift.com\/pt\/wp-json\/wp\/v2\/comments?post=496172"}],"wp:featuredmedia":[{"embeddable":true,"href":"https:\/\/transparentgift.com\/pt\/wp-json\/wp\/v2\/media\/495614"}],"wp:attachment":[{"href":"https:\/\/transparentgift.com\/pt\/wp-json\/wp\/v2\/media?parent=496172"}],"wp:term":[{"taxonomy":"product_brand","embeddable":true,"href":"https:\/\/transparentgift.com\/pt\/wp-json\/wp\/v2\/product_brand?post=496172"},{"taxonomy":"product_cat","embeddable":true,"href":"https:\/\/transparentgift.com\/pt\/wp-json\/wp\/v2\/product_cat?post=496172"},{"taxonomy":"product_tag","embeddable":true,"href":"https:\/\/transparentgift.com\/pt\/wp-json\/wp\/v2\/product_tag?post=496172"}],"curies":[{"name":"wp","href":"https:\/\/api.w.org\/{rel}","templated":true}]}}