{"id":496173,"date":"2025-11-20T17:16:43","date_gmt":"2025-11-20T17:16:43","guid":{"rendered":"https:\/\/transparentgift.com\/pt\/candeeiro-retratos-personalizado\/"},"modified":"2026-04-19T04:03:55","modified_gmt":"2026-04-19T03:03:55","slug":"candeeiro-retratos-personalizado","status":"publish","type":"product","link":"https:\/\/transparentgift.com\/pt\/candeeiro-retratos-personalizado\/","title":{"rendered":"Candeeiro Retratos personalizado"},"content":{"rendered":"<p><strong>Candeeiro personalizado com colagem de fotos e frase<\/strong>. O detalhe perfeito para captar recorda\u00e7\u00f5es inesquec\u00edveis com um toque de luz e amor.<\/p>\n<p>Este candeeiro personalizado permite gravar uma imagem principal e tr\u00eas fotos adicionais em forma de colagem, acompanhadas pelos vossos nomes e por uma frase emotiva. Uma <strong>colagem personalizada com luz<\/strong> que combina eleg\u00e2ncia, personaliza\u00e7\u00e3o e sentimento, ideal como <strong>detalhe emotivo com fotos<\/strong> para qualquer ocasi\u00e3o.<\/p>\n<p>Perfeito como <strong>presente de Dia dos Namorados<\/strong>, para um <strong>anivers\u00e1rio<\/strong>, <strong>anivers\u00e1rio de nascimento<\/strong>, <strong>Natal<\/strong>, <strong>Dia da M\u00e3e<\/strong> ou <strong>Dia do Pai<\/strong>, ou at\u00e9 para surpreender um casal no dia do seu casamento. Este <strong>candeeiro personalizado<\/strong> \u00e9 ideal para decorar a mesa de cabeceira, estante ou secret\u00e1ria, e manter viva a mem\u00f3ria dos vossos melhores momentos gra\u00e7as \u00e0 sua luz LED quente.<\/p>\n<h4><strong>Caracter\u00edsticas:<\/strong><\/h4>\n<ul>\n<li>Tamanho:- Com base: 19 \u00d7 14,5 x 4,5 cm\n<p>&#8211; Com moldura: 21 x 17 cm<\/li>\n<li>Material:- Placa: Metacrilato de alta qualidade\n<p>&#8211; Base: Madeira de alta qualidade<\/li>\n<li>Inclui: Luz LED quente, cabo USB e embalagem com caixa para presente<\/li>\n<li>Manuten\u00e7\u00e3o: Limpeza simples com a toalhita inclu\u00edda<\/li>\n<\/ul>\n","protected":false},"excerpt":{"rendered":"<p>Candeeiro personalizado com colagem de fotos e frase. O detalhe perfeito para captar recorda\u00e7\u00f5es i [&#8230;]<\/p>\n","protected":false},"featured_media":495801,"comment_status":"open","ping_status":"closed","template":"","meta":{"_acf_changed":false},"product_brand":[],"product_cat":[1682],"product_tag":[1678,1677,1680],"class_list":{"0":"post-496173","1":"product","2":"type-product","3":"status-publish","4":"has-post-thumbnail","6":"product_cat-candeeiros-personalizados","7":"product_tag-casais","8":"product_tag-generico","9":"product_tag-mulheres","11":"first","12":"instock","13":"sale","14":"taxable","15":"shipping-taxable","16":"purchasable","17":"product-type-simple"},"acf":[],"df_price":10.99,"df_sale_price":10.99,"df_regular_price":16.99,"df_image_link":"https:\/\/transparentgift.com\/pt\/wp-content\/uploads\/2025\/11\/1-CAT.-LAMPARA-RETRATO_4-300x300.jpg","_links":{"self":[{"href":"https:\/\/transparentgift.com\/pt\/wp-json\/wp\/v2\/product\/496173","targetHints":{"allow":["GET"]}}],"collection":[{"href":"https:\/\/transparentgift.com\/pt\/wp-json\/wp\/v2\/product"}],"about":[{"href":"https:\/\/transparentgift.com\/pt\/wp-json\/wp\/v2\/types\/product"}],"replies":[{"embeddable":true,"href":"https:\/\/transparentgift.com\/pt\/wp-json\/wp\/v2\/comments?post=496173"}],"wp:featuredmedia":[{"embeddable":true,"href":"https:\/\/transparentgift.com\/pt\/wp-json\/wp\/v2\/media\/495801"}],"wp:attachment":[{"href":"https:\/\/transparentgift.com\/pt\/wp-json\/wp\/v2\/media?parent=496173"}],"wp:term":[{"taxonomy":"product_brand","embeddable":true,"href":"https:\/\/transparentgift.com\/pt\/wp-json\/wp\/v2\/product_brand?post=496173"},{"taxonomy":"product_cat","embeddable":true,"href":"https:\/\/transparentgift.com\/pt\/wp-json\/wp\/v2\/product_cat?post=496173"},{"taxonomy":"product_tag","embeddable":true,"href":"https:\/\/transparentgift.com\/pt\/wp-json\/wp\/v2\/product_tag?post=496173"}],"curies":[{"name":"wp","href":"https:\/\/api.w.org\/{rel}","templated":true}]}}