{"id":496174,"date":"2025-11-20T17:16:44","date_gmt":"2025-11-20T17:16:44","guid":{"rendered":"https:\/\/transparentgift.com\/pt\/candeeiro-mapa-estelar-personalizado\/"},"modified":"2026-04-20T11:34:06","modified_gmt":"2026-04-20T10:34:06","slug":"candeeiro-mapa-estelar-personalizado","status":"publish","type":"product","link":"https:\/\/transparentgift.com\/pt\/candeeiro-mapa-estelar-personalizado\/","title":{"rendered":"Candeeiro Mapa Estelar personalizado"},"content":{"rendered":"<p>Surpreende o teu parceiro com este rom\u00e2ntico <strong>candeeiro com design de mapa estelar com nomes e texto<\/strong> e faz a prenda mais original e emotiva. Na placa de metacrilato poder\u00e1s gravar o nome do teu namorado ou namorada junto ao teu, acompanhados de uma data e de um lugar especial para voc\u00eas. \u00c9 perfeito como <strong>presente para o Dia dos Namorados, para um anivers\u00e1rio<\/strong>, um anivers\u00e1rio de nascimento ou at\u00e9 para o Natal. Tamb\u00e9m \u00e9 ideal como detalhe para esses noivos <strong>no dia do seu casamento<\/strong>.<\/p>\n<p>Este presente \u00e9 <strong>totalmente personaliz\u00e1vel<\/strong>, s\u00f3 tens de escrever os vossos nomes e um texto especial e ficar\u00e1 tudo gravado sob o bonito design de mapa estelar. Al\u00e9m disso, por um pequeno extra, poder\u00e1s <strong>adicionar uma frase na base ou na moldura<\/strong> e tornar a tua prenda personalizada ainda mais especial. Assim, o teu parceiro poder\u00e1 <strong>decorar a mesa de cabeceira, a estante ou a secret\u00e1ria<\/strong> da forma mais rom\u00e2ntica e deixar que a luz de presen\u00e7a ilumine a divis\u00e3o.<\/p>\n<p>Os seus materiais de alta qualidade conferem resist\u00eancia e durabilidade ao candeeiro. Conta tamb\u00e9m com cabo e interruptor para acender o candeeiro sempre que quiseres.<\/p>\n<p>N\u00e3o fiques sem a prenda perfeita para demonstrares o teu amor ao teu parceiro nesse dia t\u00e3o especial. Ter\u00e1s a oportunidade de conservar a vossa recorda\u00e7\u00e3o mais enternecedora.<\/p>\n<p><strong>Caracter\u00edsticas:<\/strong><\/p>\n<ul>\n<li>Tamanho: 15 \u00d7 14,5 x 4,5 cm<\/li>\n<li>Material:\n<ul>\n<li>Placa: Metacrilato de alta qualidade.<\/li>\n<li>Base: Madeira de alta qualidade.<\/li>\n<\/ul>\n<\/li>\n<li>Inclui: Luz LED quente. Cabo USB. Embalagem com caixa para presente.<\/li>\n<li>Manuten\u00e7\u00e3o: Limpa-se de forma simples com a ajuda da toalhita inclu\u00edda.<\/li>\n<\/ul>\n","protected":false},"excerpt":{"rendered":"<p>Surpreende o teu parceiro com este rom\u00e2ntico candeeiro com design de mapa estelar com nomes e texto [&#8230;]<\/p>\n","protected":false},"featured_media":495787,"comment_status":"open","ping_status":"closed","template":"","meta":{"_acf_changed":false},"product_brand":[],"product_cat":[1682],"product_tag":[1678,1677,1688],"class_list":{"0":"post-496174","1":"product","2":"type-product","3":"status-publish","4":"has-post-thumbnail","6":"product_cat-candeeiros-personalizados","7":"product_tag-casais","8":"product_tag-generico","9":"product_tag-maes","11":"first","12":"instock","13":"taxable","14":"shipping-taxable","15":"purchasable","16":"product-type-simple"},"acf":[],"df_price":16.99,"df_sale_price":"","df_regular_price":16.99,"df_image_link":"https:\/\/transparentgift.com\/pt\/wp-content\/uploads\/2025\/11\/CAT.-LAMPARA-mapa-estelar_1_PORTUGAL-300x300.jpg","_links":{"self":[{"href":"https:\/\/transparentgift.com\/pt\/wp-json\/wp\/v2\/product\/496174","targetHints":{"allow":["GET"]}}],"collection":[{"href":"https:\/\/transparentgift.com\/pt\/wp-json\/wp\/v2\/product"}],"about":[{"href":"https:\/\/transparentgift.com\/pt\/wp-json\/wp\/v2\/types\/product"}],"replies":[{"embeddable":true,"href":"https:\/\/transparentgift.com\/pt\/wp-json\/wp\/v2\/comments?post=496174"}],"wp:featuredmedia":[{"embeddable":true,"href":"https:\/\/transparentgift.com\/pt\/wp-json\/wp\/v2\/media\/495787"}],"wp:attachment":[{"href":"https:\/\/transparentgift.com\/pt\/wp-json\/wp\/v2\/media?parent=496174"}],"wp:term":[{"taxonomy":"product_brand","embeddable":true,"href":"https:\/\/transparentgift.com\/pt\/wp-json\/wp\/v2\/product_brand?post=496174"},{"taxonomy":"product_cat","embeddable":true,"href":"https:\/\/transparentgift.com\/pt\/wp-json\/wp\/v2\/product_cat?post=496174"},{"taxonomy":"product_tag","embeddable":true,"href":"https:\/\/transparentgift.com\/pt\/wp-json\/wp\/v2\/product_tag?post=496174"}],"curies":[{"name":"wp","href":"https:\/\/api.w.org\/{rel}","templated":true}]}}