{"id":496180,"date":"2025-11-20T17:16:54","date_gmt":"2025-11-20T17:16:54","guid":{"rendered":"https:\/\/transparentgift.com\/pt\/almofada-coracoes-com-foto-e-data-personalizada\/"},"modified":"2025-11-27T17:40:32","modified_gmt":"2025-11-27T17:40:32","slug":"almofada-coracoes-com-foto-e-data-personalizada","status":"publish","type":"product","link":"https:\/\/transparentgift.com\/pt\/almofada-coracoes-com-foto-e-data-personalizada\/","title":{"rendered":"Almofada Cora\u00e7\u00f5es com Foto e Data personalizada"},"content":{"rendered":"<p>Adquire esta <strong>almofada personalizada<\/strong>, \u00e0 qual podes adicionar a foto e os textos que desejares. \u00c9 o melhor dos <strong>presentes<\/strong> <strong>para familiares, amigos ou casais<\/strong> numa ocasi\u00e3o especial. Pode servir como <strong>presente de anivers\u00e1rio<\/strong>, de Natal, de Anivers\u00e1rio ou Dia dos Namorados, ou Dia da M\u00e3e e Dia do Pai.<\/p>\n<p>Esta almofada \u00e9 <strong>totalmente personaliz\u00e1vel<\/strong>. S\u00f3 ter\u00e1s de <strong>adicionar uma foto<\/strong> com essa pessoa especial e <strong>escrever os textos<\/strong> que queiras ver por baixo. Tudo ficar\u00e1 impresso sobre a capa da almofada, acompanhado por uns bonitos <strong>cora\u00e7\u00f5es em fila<\/strong>. Al\u00e9m disso, poder\u00e1s <strong>escolher a cor das letras<\/strong> entre preto e castanho. O design ficar\u00e1 t\u00e3o \u00fanico que essa pessoa especial n\u00e3o se vai separar da almofada! Este presente original \u00e9 o toque que falta na <strong>decora\u00e7\u00e3o do sof\u00e1, da cama<\/strong> ou de qualquer parte da casa onde queira descansar.<\/p>\n<p>A capa \u00e9 fabricada com <strong>materiais e tecidos de alta qualidade<\/strong> que lhe conferem resist\u00eancia e durabilidade. Al\u00e9m disso, por um extra de 5\u20ac, <strong>poder\u00e1s incluir o enchimento<\/strong> do mesmo tamanho escolhido.<\/p>\n<p>N\u00e3o fiques sem um dos <strong>presentes personalizados com foto<\/strong> mais especiais. \u00c9 ideal para demonstrares o teu carinho a algu\u00e9m querido num dia especial. Vais faz\u00ea-la sentir-se a pessoa mais afortunada do mundo!<\/p>\n<p><strong>Caracter\u00edsticas: <\/strong><\/p>\n<ul>\n<li>Tamanho: 35 x 35 cm \/ 45 x 45 cm<\/li>\n<li>Material: velour com toque de p\u00eassego de alta qualidade.<\/li>\n<li>Manuten\u00e7\u00e3o: capa com sistema amov\u00edvel, adequada para m\u00e1quina de lavar. N\u00e3o \u00e9 recomend\u00e1vel para m\u00e1quina de secar.<\/li>\n<li>Extras: enchimento n\u00e3o inclu\u00eddo.<\/li>\n<\/ul>\n","protected":false},"excerpt":{"rendered":"<p>Adquire esta almofada personalizada, \u00e0 qual podes adicionar a foto e os textos que desejares. \u00c9 o  [&#8230;]<\/p>\n","protected":false},"featured_media":495729,"comment_status":"open","ping_status":"closed","template":"","meta":{"_acf_changed":false},"product_brand":[],"product_cat":[1702],"product_tag":[1688],"class_list":{"0":"post-496180","1":"product","2":"type-product","3":"status-publish","4":"has-post-thumbnail","6":"product_cat-almofadas-personalizadas","7":"product_tag-maes","9":"first","10":"instock","11":"taxable","12":"shipping-taxable","13":"purchasable","14":"product-type-simple"},"acf":[],"df_price":10.99,"df_sale_price":"","df_regular_price":10.99,"df_image_link":"https:\/\/transparentgift.com\/pt\/wp-content\/uploads\/2025\/11\/corazones-con-foto_1-300x300.jpg","_links":{"self":[{"href":"https:\/\/transparentgift.com\/pt\/wp-json\/wp\/v2\/product\/496180","targetHints":{"allow":["GET"]}}],"collection":[{"href":"https:\/\/transparentgift.com\/pt\/wp-json\/wp\/v2\/product"}],"about":[{"href":"https:\/\/transparentgift.com\/pt\/wp-json\/wp\/v2\/types\/product"}],"replies":[{"embeddable":true,"href":"https:\/\/transparentgift.com\/pt\/wp-json\/wp\/v2\/comments?post=496180"}],"wp:featuredmedia":[{"embeddable":true,"href":"https:\/\/transparentgift.com\/pt\/wp-json\/wp\/v2\/media\/495729"}],"wp:attachment":[{"href":"https:\/\/transparentgift.com\/pt\/wp-json\/wp\/v2\/media?parent=496180"}],"wp:term":[{"taxonomy":"product_brand","embeddable":true,"href":"https:\/\/transparentgift.com\/pt\/wp-json\/wp\/v2\/product_brand?post=496180"},{"taxonomy":"product_cat","embeddable":true,"href":"https:\/\/transparentgift.com\/pt\/wp-json\/wp\/v2\/product_cat?post=496180"},{"taxonomy":"product_tag","embeddable":true,"href":"https:\/\/transparentgift.com\/pt\/wp-json\/wp\/v2\/product_tag?post=496180"}],"curies":[{"name":"wp","href":"https:\/\/api.w.org\/{rel}","templated":true}]}}