{"id":496181,"date":"2025-11-20T17:16:55","date_gmt":"2025-11-20T17:16:55","guid":{"rendered":"https:\/\/transparentgift.com\/pt\/almofada-mama-com-seis-fotografias-personalizada\/"},"modified":"2026-05-07T18:49:43","modified_gmt":"2026-05-07T17:49:43","slug":"almofada-mama-com-seis-fotografias-personalizada","status":"publish","type":"product","link":"https:\/\/transparentgift.com\/pt\/almofada-mama-com-seis-fotografias-personalizada\/","title":{"rendered":"Almofada Mam\u00e3 com Seis Fotografias personalizada"},"content":{"rendered":"<p>Adquire esta <strong>almofada personalizada<\/strong>, \u00e0 qual podes adicionar as fotografias e os textos que desejares. \u00c9 o melhor dos <strong>presentes<\/strong> <strong>para familiares, amigos ou casais<\/strong> numa ocasi\u00e3o especial. Ser\u00e1 at\u00e9 um excelente <strong>presente para professores<\/strong>. Pode servir como <strong>presente de anivers\u00e1rio<\/strong>, de Natal, de Anivers\u00e1rio de casamento ou Dia dos Namorados, ou ainda para o Dia da M\u00e3e e o Dia do Pai.<\/p>\n<p>Esta almofada \u00e9 <strong>totalmente personaliz\u00e1vel<\/strong>. S\u00f3 tens de <strong>adicionar essas seis fotografias especiais<\/strong>, que ficar\u00e3o impressas na capa da almofada, a acompanhar a <strong>palavra que decidires adicionar ao centro<\/strong>. O design ficar\u00e1 t\u00e3o \u00fanico que essa pessoa especial n\u00e3o se vai separar da almofada! Este presente original \u00e9 o toque que falta \u00e0 <strong>decora\u00e7\u00e3o do sof\u00e1, da cama<\/strong> ou de qualquer parte da casa onde queira descansar.<\/p>\n<p>A capa \u00e9 fabricada com <strong>materiais e tecidos de alta qualidade<\/strong> que lhe conferem resist\u00eancia e durabilidade. Al\u00e9m disso, por um extra de 5\u20ac, <strong>poder\u00e1s incluir o enchimento<\/strong> do mesmo tamanho escolhido.<\/p>\n<p>N\u00e3o fiques sem um dos <strong>presentes personalizados com fotografia<\/strong> mais especiais. \u00c9 ideal para demonstrares o teu carinho a algu\u00e9m querido num dia especial. Vais faz\u00ea-la sentir-se a pessoa mais sortuda do mundo!<\/p>\n<p><strong>Caracter\u00edsticas: <\/strong><\/p>\n<ul>\n<li>Tamanho: 35 x 35 cm \/ 45 x 45 cm<\/li>\n<li>Material: Velour com toque de p\u00eassego de alta qualidade.<\/li>\n<li>Manuten\u00e7\u00e3o: Capa com sistema amov\u00edvel adequada para m\u00e1quina de lavar. N\u00e3o \u00e9 recomend\u00e1vel para m\u00e1quina de secar.<\/li>\n<li>Extras: Enchimento n\u00e3o inclu\u00eddo.<\/li>\n<\/ul>\n","protected":false},"excerpt":{"rendered":"<p>Adquire esta almofada personalizada, \u00e0 qual podes adicionar as fotografias e os textos que desejare [&#8230;]<\/p>\n","protected":false},"featured_media":495712,"comment_status":"open","ping_status":"closed","template":"","meta":{"_acf_changed":false},"product_brand":[],"product_cat":[1702],"product_tag":[1688],"class_list":{"0":"post-496181","1":"product","2":"type-product","3":"status-publish","4":"has-post-thumbnail","6":"product_cat-almofadas-personalizadas","7":"product_tag-maes","9":"first","10":"instock","11":"taxable","12":"shipping-taxable","13":"purchasable","14":"product-type-simple"},"acf":[],"df_price":10.99,"df_sale_price":"","df_regular_price":10.99,"df_image_link":"https:\/\/transparentgift.com\/pt\/wp-content\/uploads\/2025\/11\/Mama-6-fotos_1-300x300.jpg","_links":{"self":[{"href":"https:\/\/transparentgift.com\/pt\/wp-json\/wp\/v2\/product\/496181","targetHints":{"allow":["GET"]}}],"collection":[{"href":"https:\/\/transparentgift.com\/pt\/wp-json\/wp\/v2\/product"}],"about":[{"href":"https:\/\/transparentgift.com\/pt\/wp-json\/wp\/v2\/types\/product"}],"replies":[{"embeddable":true,"href":"https:\/\/transparentgift.com\/pt\/wp-json\/wp\/v2\/comments?post=496181"}],"wp:featuredmedia":[{"embeddable":true,"href":"https:\/\/transparentgift.com\/pt\/wp-json\/wp\/v2\/media\/495712"}],"wp:attachment":[{"href":"https:\/\/transparentgift.com\/pt\/wp-json\/wp\/v2\/media?parent=496181"}],"wp:term":[{"taxonomy":"product_brand","embeddable":true,"href":"https:\/\/transparentgift.com\/pt\/wp-json\/wp\/v2\/product_brand?post=496181"},{"taxonomy":"product_cat","embeddable":true,"href":"https:\/\/transparentgift.com\/pt\/wp-json\/wp\/v2\/product_cat?post=496181"},{"taxonomy":"product_tag","embeddable":true,"href":"https:\/\/transparentgift.com\/pt\/wp-json\/wp\/v2\/product_tag?post=496181"}],"curies":[{"name":"wp","href":"https:\/\/api.w.org\/{rel}","templated":true}]}}