{"id":496186,"date":"2025-11-20T17:17:03","date_gmt":"2025-11-20T17:17:03","guid":{"rendered":"https:\/\/transparentgift.com\/pt\/placa-com-a-tua-fotografia-personalizada\/"},"modified":"2026-05-14T16:32:32","modified_gmt":"2026-05-14T15:32:32","slug":"placa-com-a-sua-foto-personalizada","status":"publish","type":"product","link":"https:\/\/transparentgift.com\/pt\/placa-com-a-sua-foto-personalizada\/","title":{"rendered":"Placa com a Sua Foto personalizada"},"content":{"rendered":"<p><strong>Capte os seus momentos mais especiais com a nossa placa ou l\u00e2mpada personalizada com foto<\/strong>, um presente \u00fanico que transforma as suas mem\u00f3rias numa pe\u00e7a decorativa cheia de emo\u00e7\u00e3o.<\/p>\n<p>Este design em metacrilato est\u00e1 dispon\u00edvel em duas op\u00e7\u00f5es para se adaptar ao seu estilo: Como placa decorativa sem luz ou como l\u00e2mpada com luz LED quente. Escolha a vers\u00e3o que melhor se adequa ao que procura: uma pe\u00e7a elegante e minimalista ou uma l\u00e2mpada iluminada que real\u00e7a ainda mais a sua fotografia e cria um ambiente acolhedor.<\/p>\n<p>Perfeita para surpreender os seus entes queridos em anivers\u00e1rios, anivers\u00e1rios de casamento, Dia dos Namorados, Natal, Dia do Pai, Dia da M\u00e3e ou qualquer outra ocasi\u00e3o especial. \u00c9 o detalhe ideal para quem deseja decorar a sua casa com um toque pessoal e cheio de significado.<\/p>\n<h4><strong>Caracter\u00edsticas:<\/strong><\/h4>\n<ul>\n<li style=\"list-style-type: none\">\n<ul>\n<li>Tamanho:\n<ul>\n<li>Placa: 15 x 20 cm \/ 29,7 x 21 cm<\/li>\n<li>L\u00e2mpada: 19 x 14,5 x 4,5 cm<\/li>\n<\/ul>\n<\/li>\n<li>Material: Metacrilato de alta qualidade.<\/li>\n<li>Inclui: Embalagem com caixa para presente.<\/li>\n<li>Manuten\u00e7\u00e3o: Limpa-se facilmente com um pano seco.<\/li>\n<\/ul>\n<\/li>\n<\/ul>\n","protected":false},"excerpt":{"rendered":"<p>Capte os seus momentos mais especiais com a nossa placa ou l\u00e2mpada personalizada com foto, um prese [&#8230;]<\/p>\n","protected":false},"featured_media":495591,"comment_status":"open","ping_status":"closed","template":"","meta":{"_acf_changed":false},"product_brand":[],"product_cat":[1676],"product_tag":[1678,1677,1680,1681],"class_list":{"0":"post-496186","1":"product","2":"type-product","3":"status-publish","4":"has-post-thumbnail","6":"product_cat-fotos-em-metacrilato-personalizadas","7":"product_tag-casais","8":"product_tag-generico","9":"product_tag-mulheres","10":"product_tag-pais","12":"first","13":"instock","14":"sale","15":"taxable","16":"shipping-taxable","17":"purchasable","18":"product-type-simple"},"acf":[],"df_price":10.99,"df_sale_price":10.99,"df_regular_price":12.99,"df_image_link":"https:\/\/transparentgift.com\/pt\/wp-content\/uploads\/2025\/11\/placa-tu-foto_1_portugal-300x300.jpg","_links":{"self":[{"href":"https:\/\/transparentgift.com\/pt\/wp-json\/wp\/v2\/product\/496186","targetHints":{"allow":["GET"]}}],"collection":[{"href":"https:\/\/transparentgift.com\/pt\/wp-json\/wp\/v2\/product"}],"about":[{"href":"https:\/\/transparentgift.com\/pt\/wp-json\/wp\/v2\/types\/product"}],"replies":[{"embeddable":true,"href":"https:\/\/transparentgift.com\/pt\/wp-json\/wp\/v2\/comments?post=496186"}],"wp:featuredmedia":[{"embeddable":true,"href":"https:\/\/transparentgift.com\/pt\/wp-json\/wp\/v2\/media\/495591"}],"wp:attachment":[{"href":"https:\/\/transparentgift.com\/pt\/wp-json\/wp\/v2\/media?parent=496186"}],"wp:term":[{"taxonomy":"product_brand","embeddable":true,"href":"https:\/\/transparentgift.com\/pt\/wp-json\/wp\/v2\/product_brand?post=496186"},{"taxonomy":"product_cat","embeddable":true,"href":"https:\/\/transparentgift.com\/pt\/wp-json\/wp\/v2\/product_cat?post=496186"},{"taxonomy":"product_tag","embeddable":true,"href":"https:\/\/transparentgift.com\/pt\/wp-json\/wp\/v2\/product_tag?post=496186"}],"curies":[{"name":"wp","href":"https:\/\/api.w.org\/{rel}","templated":true}]}}