{"id":496203,"date":"2025-11-20T17:17:29","date_gmt":"2025-11-20T17:17:29","guid":{"rendered":"https:\/\/transparentgift.com\/pt\/pijama-o-grinch-com-nome-personalizado\/"},"modified":"2026-04-23T14:54:23","modified_gmt":"2026-04-23T13:54:23","slug":"pijama-o-grinch-com-nome-personalizado","status":"publish","type":"product","link":"https:\/\/transparentgift.com\/pt\/pijama-o-grinch-com-nome-personalizado\/","title":{"rendered":"Pijama O Grinch com Nome personalizado"},"content":{"rendered":"<p>Proporciona um toque \u00fanico \u00e0s noites dessa pessoa especial com este <strong>pijama de Natal do Grinch<\/strong>. Poder\u00e1s personaliz\u00e1-lo com a palavra ou nome que desejares para o tornar ainda mais especial. \u00c9 perfeito como <strong>presente de Natal para familiares, amigos<\/strong> ou para a tua <strong>cara-metade<\/strong>. Seja como for, as emo\u00e7\u00f5es est\u00e3o garantidas!<\/p>\n<p>O pijama de Natal \u00e9 totalmente personaliz\u00e1vel. Primeiro dever\u00e1s<strong> adicionar o nome<\/strong> da pessoa a quem o ofereces ou<strong> uma palavra<\/strong> que a represente. O nome ficar\u00e1 vis\u00edvel na camisola sobre o <strong>desenho do Grinch<\/strong>, acompanhando o texto &#8220;Cuidado! [O Teu Nome] \u00c9 O Grinch&#8221; num chamativo <strong>fundo vermelho<\/strong>.<\/p>\n<p>Depois, s\u00f3 ter\u00e1s de <strong>selecionar o tamanho<\/strong> ideal para essa pessoa, entre quatro op\u00e7\u00f5es: <strong>S, M, L ou XL<\/strong>.<\/p>\n<p>Podes encontrar o Guia de tamanhos na \u00faltima imagem.<\/p>\n<p>Essa pessoa ir\u00e1 us\u00e1-lo com orgulho quando for dormir neste Natal. Vai tornar-se o seu pijama favorito, por estar desenhado exclusivamente para ela ou ele!<\/p>\n<p>\u00c9 fabricado com <strong>tecidos de alta qualidade<\/strong>, que lhe conferem resist\u00eancia e suavidade, gra\u00e7as \u00e0 sua elevada percentagem de <strong>algod\u00e3o<\/strong>. O desenho ser\u00e1 impresso a cores e o toque do tecido far\u00e1 com que o pijama seja extremamente <strong>confort\u00e1vel<\/strong>.<\/p>\n<p>N\u00e3o fiques sem o melhor pijama personalizado para celebrar as <strong>noites de Natal<\/strong> em grande. Ser\u00e1 um dos melhores <strong>presentes personalizados<\/strong> que poder\u00e1s oferecer nestas datas t\u00e3o especiais. Essa pessoa querida vai sentir-se a mais afortunada do mundo!<\/p>\n<p><strong>Caracter\u00edsticas:<\/strong><\/p>\n<ul>\n<li>Tamanhos: S-M-L-XL.<\/li>\n<li>Material:\n<ul>\n<li>Camisola: Algod\u00e3o 100%<\/li>\n<li>Cal\u00e7as: Algod\u00e3o 80% &#8211; Poli\u00e9ster 20%<\/li>\n<\/ul>\n<\/li>\n<li>Cores:\n<ul>\n<li>Camisola: Vermelha.<\/li>\n<li>Cal\u00e7as: Pretas.<\/li>\n<\/ul>\n<\/li>\n<\/ul>\n","protected":false},"excerpt":{"rendered":"<p>Proporciona um toque \u00fanico \u00e0s noites dessa pessoa especial com este pijama de Natal do Grinch. Pod [&#8230;]<\/p>\n","protected":false},"featured_media":495992,"comment_status":"open","ping_status":"closed","template":"","meta":{"_acf_changed":false},"product_brand":[],"product_cat":[1707],"product_tag":[1695],"class_list":{"0":"post-496203","1":"product","2":"type-product","3":"status-publish","4":"has-post-thumbnail","6":"product_cat-pijamas-personalizados","7":"product_tag-natal","9":"first","10":"instock","11":"taxable","12":"shipping-taxable","13":"purchasable","14":"product-type-simple"},"acf":[],"df_price":24.99,"df_sale_price":"","df_regular_price":24.99,"df_image_link":"https:\/\/transparentgift.com\/pt\/wp-content\/uploads\/2025\/11\/pijamagrich-portugues1-300x300.jpg","_links":{"self":[{"href":"https:\/\/transparentgift.com\/pt\/wp-json\/wp\/v2\/product\/496203","targetHints":{"allow":["GET"]}}],"collection":[{"href":"https:\/\/transparentgift.com\/pt\/wp-json\/wp\/v2\/product"}],"about":[{"href":"https:\/\/transparentgift.com\/pt\/wp-json\/wp\/v2\/types\/product"}],"replies":[{"embeddable":true,"href":"https:\/\/transparentgift.com\/pt\/wp-json\/wp\/v2\/comments?post=496203"}],"wp:featuredmedia":[{"embeddable":true,"href":"https:\/\/transparentgift.com\/pt\/wp-json\/wp\/v2\/media\/495992"}],"wp:attachment":[{"href":"https:\/\/transparentgift.com\/pt\/wp-json\/wp\/v2\/media?parent=496203"}],"wp:term":[{"taxonomy":"product_brand","embeddable":true,"href":"https:\/\/transparentgift.com\/pt\/wp-json\/wp\/v2\/product_brand?post=496203"},{"taxonomy":"product_cat","embeddable":true,"href":"https:\/\/transparentgift.com\/pt\/wp-json\/wp\/v2\/product_cat?post=496203"},{"taxonomy":"product_tag","embeddable":true,"href":"https:\/\/transparentgift.com\/pt\/wp-json\/wp\/v2\/product_tag?post=496203"}],"curies":[{"name":"wp","href":"https:\/\/api.w.org\/{rel}","templated":true}]}}