{"id":496204,"date":"2025-11-20T17:17:30","date_gmt":"2025-11-20T17:17:30","guid":{"rendered":"https:\/\/transparentgift.com\/pt\/pijama-ho-ho-ho-com-tres-fotografias-personalizado\/"},"modified":"2026-04-23T14:54:04","modified_gmt":"2026-04-23T13:54:04","slug":"pijama-ho-ho-ho-com-tres-fotografias-personalizado","status":"publish","type":"product","link":"https:\/\/transparentgift.com\/pt\/pijama-ho-ho-ho-com-tres-fotografias-personalizado\/","title":{"rendered":"Pijama HO HO HO com Tr\u00eas Fotografias personalizado"},"content":{"rendered":"<p>D\u00e1 um toque \u00fanico \u00e0s noites dessa pessoa especial com este <strong>pijama de Natal HO HO HO personalizado com tr\u00eas fotografias<\/strong>. \u00c9 isso mesmo, poder\u00e1s personaliz\u00e1-lo com as fotografias que quiseres para o tornar ainda mais especial. \u00c9 perfeito como <strong>presente de Natal para familiares, amigos<\/strong> ou para a tua <strong>cara-metade<\/strong>. Seja como for, as emo\u00e7\u00f5es est\u00e3o garantidas!<\/p>\n<p>O pijama de Natal \u00e9 totalmente personaliz\u00e1vel. Primeiro ter\u00e1s de <strong>adicionar tr\u00eas fotografias<\/strong> que representem momentos inesquec\u00edveis para ti ou para a pessoa a quem o ofereces. Ficar\u00e3o estampadas na t-shirt do pijama, a acompanhar a divertida gargalhada do Pai Natal <strong>\u201cHO HO HO\u201d<\/strong>. Depois, s\u00f3 ter\u00e1s de <strong>selecionar o tamanho<\/strong> ideal para essa pessoa, entre quatro op\u00e7\u00f5es: <strong>S, M, L ou XL<\/strong>.<\/p>\n<p>Podes encontrar o Guia de tamanhos na \u00faltima imagem.<\/p>\n<p>Essa pessoa vai us\u00e1-lo com orgulho quando for dormir neste Natal. Vai tornar-se no seu pijama favorito, por estar desenhado exclusivamente para ela ou para ele!<\/p>\n<p>\u00c9 fabricado com <strong>tecidos de alta qualidade<\/strong>, que lhe conferem resist\u00eancia e suavidade, gra\u00e7as \u00e0 sua elevada percentagem de <strong>algod\u00e3o<\/strong>. O design ser\u00e1 impresso a cores e o toque do tecido far\u00e1 com que o pijama seja extremamente <strong>confort\u00e1vel<\/strong>.<\/p>\n<p>N\u00e3o fiques sem o melhor pijama personalizado para celebrar as <strong>noites de Natal<\/strong> em grande. Ser\u00e1 um dos melhores <strong>presentes personalizados<\/strong> que poder\u00e1s oferecer nestas datas t\u00e3o especiais. Essa pessoa querida vai sentir-se a mais afortunada do mundo!<\/p>\n<p><strong>Caracter\u00edsticas:<\/strong><\/p>\n<ul>\n<li>Tamanhos: S-M-L-XL.<\/li>\n<li>Material:\n<ul>\n<li>T-shirt: Algod\u00e3o 100%<\/li>\n<li>Cal\u00e7as: Algod\u00e3o 80% &#8211; Poli\u00e9ster 20%<\/li>\n<\/ul>\n<\/li>\n<li>Cores:\n<ul>\n<li>T-shirt: Branca.<\/li>\n<li>Cal\u00e7as: Pretas.<\/li>\n<\/ul>\n<\/li>\n<\/ul>\n","protected":false},"excerpt":{"rendered":"<p>D\u00e1 um toque \u00fanico \u00e0s noites dessa pessoa especial com este pijama de Natal HO HO HO personalizado [&#8230;]<\/p>\n","protected":false},"featured_media":496001,"comment_status":"open","ping_status":"closed","template":"","meta":{"_acf_changed":false},"product_brand":[],"product_cat":[1707],"product_tag":[1695],"class_list":{"0":"post-496204","1":"product","2":"type-product","3":"status-publish","4":"has-post-thumbnail","6":"product_cat-pijamas-personalizados","7":"product_tag-natal","9":"first","10":"instock","11":"taxable","12":"shipping-taxable","13":"purchasable","14":"product-type-simple"},"acf":[],"df_price":23.99,"df_sale_price":"","df_regular_price":23.99,"df_image_link":"https:\/\/transparentgift.com\/pt\/wp-content\/uploads\/2025\/11\/Pijama_HOHOHO_1-300x300.jpeg","_links":{"self":[{"href":"https:\/\/transparentgift.com\/pt\/wp-json\/wp\/v2\/product\/496204","targetHints":{"allow":["GET"]}}],"collection":[{"href":"https:\/\/transparentgift.com\/pt\/wp-json\/wp\/v2\/product"}],"about":[{"href":"https:\/\/transparentgift.com\/pt\/wp-json\/wp\/v2\/types\/product"}],"replies":[{"embeddable":true,"href":"https:\/\/transparentgift.com\/pt\/wp-json\/wp\/v2\/comments?post=496204"}],"wp:featuredmedia":[{"embeddable":true,"href":"https:\/\/transparentgift.com\/pt\/wp-json\/wp\/v2\/media\/496001"}],"wp:attachment":[{"href":"https:\/\/transparentgift.com\/pt\/wp-json\/wp\/v2\/media?parent=496204"}],"wp:term":[{"taxonomy":"product_brand","embeddable":true,"href":"https:\/\/transparentgift.com\/pt\/wp-json\/wp\/v2\/product_brand?post=496204"},{"taxonomy":"product_cat","embeddable":true,"href":"https:\/\/transparentgift.com\/pt\/wp-json\/wp\/v2\/product_cat?post=496204"},{"taxonomy":"product_tag","embeddable":true,"href":"https:\/\/transparentgift.com\/pt\/wp-json\/wp\/v2\/product_tag?post=496204"}],"curies":[{"name":"wp","href":"https:\/\/api.w.org\/{rel}","templated":true}]}}