{"id":496205,"date":"2025-11-20T17:17:32","date_gmt":"2025-11-20T17:17:32","guid":{"rendered":"https:\/\/transparentgift.com\/pt\/pijama-renas-com-nomes-personalizado\/"},"modified":"2026-04-23T14:53:45","modified_gmt":"2026-04-23T13:53:45","slug":"pijama-renas-com-nomes-personalizado","status":"publish","type":"product","link":"https:\/\/transparentgift.com\/pt\/pijama-renas-com-nomes-personalizado\/","title":{"rendered":"Pijama Renas com Nomes personalizado"},"content":{"rendered":"<p>Proporciona um toque \u00fanico \u00e0s noites dessa pessoa especial com este <strong>pijama de Natal com renas<\/strong>. Poder\u00e1s personaliz\u00e1-lo com os nomes que desejares para o tornar ainda mais especial. \u00c9 perfeito como <strong>presente de Natal para familiares, amigos<\/strong> ou para a tua <strong>cara-metade<\/strong>. Tamb\u00e9m \u00e9 um <strong>presente para crian\u00e7as<\/strong> que as vai entusiasmar. Seja como for, a magia est\u00e1 garantida!<\/p>\n<p>O pijama de Natal \u00e9 totalmente personaliz\u00e1vel. Primeiro ter\u00e1s de <strong>escolher entre o modelo para adultos ou o modelo para crian\u00e7as<\/strong>. Depois, ter\u00e1s a op\u00e7\u00e3o de <strong>selecionar o n\u00famero de renas<\/strong>, dependendo do modelo escolhido. Para os tamanhos de adulto, poder\u00e1s escolher at\u00e9 um m\u00e1ximo de seis bonecos e, para os tamanhos infantis, apenas um.<\/p>\n<p>O passo seguinte ser\u00e1 adicionar um nome ou texto que os identifique e s\u00f3 faltar\u00e1 <strong>selecionar o tamanho<\/strong> ideal para essa pessoa. Se for adulto, poder\u00e1s escolher entre: <strong>S, M, L ou XL<\/strong>; e se for crian\u00e7a, entre: <strong>3\/4 \u2013 5\/6 \u2013 7\/8 \u2013 9\/10 \u2013 11\/12<\/strong>.<\/p>\n<p>Podes encontrar o Guia de tamanhos na \u00faltima imagem.<\/p>\n<p>Esse adulto ou pequenote ir\u00e1 us\u00e1-lo com orgulho quando for dormir neste Natal. Vai tornar-se no seu pijama favorito, por estar desenhado exclusivamente para ela ou para ele!<\/p>\n<p>\u00c9 fabricado com <strong>tecidos de alta qualidade<\/strong>, que lhe conferem resist\u00eancia e suavidade, gra\u00e7as \u00e0 sua elevada percentagem de <strong>algod\u00e3o<\/strong>. O desenho ser\u00e1 impresso a cores e o toque do tecido far\u00e1 com que o pijama seja extremamente <strong>confort\u00e1vel<\/strong>.<\/p>\n<p>N\u00e3o fiques sem o melhor pijama personalizado para celebrar as <strong>noites de Natal<\/strong> em grande. Ser\u00e1 um dos melhores <strong>presentes personalizados<\/strong> que poder\u00e1s oferecer nestas datas t\u00e3o especiais. Essa pessoa querida vai sentir-se a mais afortunada do mundo!<\/p>\n<p><strong>Caracter\u00edsticas:<\/strong><\/p>\n<ul>\n<li>Tamanhos:\n<ul>\n<li>Adultos: S-M-L-XL.<\/li>\n<li>Crian\u00e7as: 3\/4 &#8211; 5\/6 &#8211; 7\/8 &#8211; 9\/10 &#8211; 11\/12.<\/li>\n<\/ul>\n<\/li>\n<li>Material:\n<ul>\n<li>Camisola: Algod\u00e3o 100%<\/li>\n<li>Cal\u00e7as: Algod\u00e3o 80% &#8211; Poli\u00e9ster 20%<\/li>\n<\/ul>\n<\/li>\n<li>Cores:\n<ul>\n<li>Camisola: Preta.<\/li>\n<li>Cal\u00e7as: Pretas.<\/li>\n<\/ul>\n<\/li>\n<\/ul>\n","protected":false},"excerpt":{"rendered":"<p>Proporciona um toque \u00fanico \u00e0s noites dessa pessoa especial com este pijama de Natal com renas. Pod [&#8230;]<\/p>\n","protected":false},"featured_media":495989,"comment_status":"open","ping_status":"closed","template":"","meta":{"_acf_changed":false},"product_brand":[],"product_cat":[1707],"product_tag":[1687,1685,1695],"class_list":{"0":"post-496205","1":"product","2":"type-product","3":"status-publish","4":"has-post-thumbnail","6":"product_cat-pijamas-personalizados","7":"product_tag-familia","8":"product_tag-infantil","9":"product_tag-natal","11":"first","12":"instock","13":"taxable","14":"shipping-taxable","15":"purchasable","16":"product-type-simple"},"acf":[],"df_price":23.99,"df_sale_price":"","df_regular_price":23.99,"df_image_link":"https:\/\/transparentgift.com\/pt\/wp-content\/uploads\/2025\/11\/pijamarenos-portugues1-300x300.jpg","_links":{"self":[{"href":"https:\/\/transparentgift.com\/pt\/wp-json\/wp\/v2\/product\/496205","targetHints":{"allow":["GET"]}}],"collection":[{"href":"https:\/\/transparentgift.com\/pt\/wp-json\/wp\/v2\/product"}],"about":[{"href":"https:\/\/transparentgift.com\/pt\/wp-json\/wp\/v2\/types\/product"}],"replies":[{"embeddable":true,"href":"https:\/\/transparentgift.com\/pt\/wp-json\/wp\/v2\/comments?post=496205"}],"wp:featuredmedia":[{"embeddable":true,"href":"https:\/\/transparentgift.com\/pt\/wp-json\/wp\/v2\/media\/495989"}],"wp:attachment":[{"href":"https:\/\/transparentgift.com\/pt\/wp-json\/wp\/v2\/media?parent=496205"}],"wp:term":[{"taxonomy":"product_brand","embeddable":true,"href":"https:\/\/transparentgift.com\/pt\/wp-json\/wp\/v2\/product_brand?post=496205"},{"taxonomy":"product_cat","embeddable":true,"href":"https:\/\/transparentgift.com\/pt\/wp-json\/wp\/v2\/product_cat?post=496205"},{"taxonomy":"product_tag","embeddable":true,"href":"https:\/\/transparentgift.com\/pt\/wp-json\/wp\/v2\/product_tag?post=496205"}],"curies":[{"name":"wp","href":"https:\/\/api.w.org\/{rel}","templated":true}]}}