{"id":496206,"date":"2025-11-20T17:17:33","date_gmt":"2025-11-20T17:17:33","guid":{"rendered":"https:\/\/transparentgift.com\/pt\/pijama-funkos-verao-ou-inverno-com-texto-personalizado\/"},"modified":"2026-05-03T22:15:37","modified_gmt":"2026-05-03T21:15:37","slug":"pijama-funkos-verao-ou-inverno-com-texto-personalizado","status":"publish","type":"product","link":"https:\/\/transparentgift.com\/pt\/pijama-funkos-verao-ou-inverno-com-texto-personalizado\/","title":{"rendered":"Pijama Funkos Ver\u00e3o ou Inverno com Texto Personalizado"},"content":{"rendered":"<p><strong>Pijama Funkos com Texto Personalizado<\/strong>. D\u00e1 um toque \u00fanico e especial \u00e0s noites dos teus entes queridos.<\/p>\n<p>Este pijama personaliz\u00e1vel com bonecos Funko Pop \u00e9 o presente perfeito para qualquer ocasi\u00e3o, desde anivers\u00e1rios at\u00e9 ao Natal e Dia dos Namorados. Concebido para adultos e crian\u00e7as, permite escolher o n\u00famero de Funkos e personaliz\u00e1-lo com um nome ou texto especial.<\/p>\n<p>Ideal para familiares, amigos ou casais, este pijama torna-se num presente memor\u00e1vel e \u00fanico. Perfeito para momentos de descanso, far\u00e1 com que quem o receba se sinta especial e querido. Al\u00e9m disso, \u00e9 uma op\u00e7\u00e3o encantadora para surpreender os mais pequenos com um detalhe que v\u00e3o adorar.<\/p>\n<h4><strong>Caracter\u00edsticas:<\/strong><\/h4>\n<ul>\n<li>Tamanhos:\n<ul>\n<li>Adultos: S-M-L-XL.<\/li>\n<li>Crian\u00e7as: 3\/4 &#8211; 5\/6 &#8211; 7\/8 &#8211; 9\/10 &#8211; 11\/12.<\/li>\n<\/ul>\n<\/li>\n<li>Material:\n<ul>\n<li>Camisola: Algod\u00e3o 100%<\/li>\n<li>Cal\u00e7as: Algod\u00e3o 80% &#8211; Poli\u00e9ster 20%<\/li>\n<\/ul>\n<\/li>\n<li>Cores:\n<ul>\n<li>Camisola: Branca.<\/li>\n<li>Cal\u00e7as: Pretas.<\/li>\n<\/ul>\n<\/li>\n<\/ul>\n","protected":false},"excerpt":{"rendered":"<p>Pijama Funkos com Texto Personalizado. D\u00e1 um toque \u00fanico e especial \u00e0s noites dos teus entes quer [&#8230;]<\/p>\n","protected":false},"featured_media":496005,"comment_status":"open","ping_status":"closed","template":"","meta":{"_acf_changed":false},"product_brand":[],"product_cat":[1707],"product_tag":[1678,1687,1705,1677,1685,1688,1681],"class_list":{"0":"post-496206","1":"product","2":"type-product","3":"status-publish","4":"has-post-thumbnail","6":"product_cat-pijamas-personalizados","7":"product_tag-casais","8":"product_tag-familia","9":"product_tag-funkos","10":"product_tag-generico","11":"product_tag-infantil","12":"product_tag-maes","13":"product_tag-pais","15":"first","16":"instock","17":"taxable","18":"shipping-taxable","19":"purchasable","20":"product-type-simple"},"acf":[],"df_price":23.99,"df_sale_price":"","df_regular_price":23.99,"df_image_link":"https:\/\/transparentgift.com\/pt\/wp-content\/uploads\/2025\/11\/funkosflia-portugues1-300x300.jpg","_links":{"self":[{"href":"https:\/\/transparentgift.com\/pt\/wp-json\/wp\/v2\/product\/496206","targetHints":{"allow":["GET"]}}],"collection":[{"href":"https:\/\/transparentgift.com\/pt\/wp-json\/wp\/v2\/product"}],"about":[{"href":"https:\/\/transparentgift.com\/pt\/wp-json\/wp\/v2\/types\/product"}],"replies":[{"embeddable":true,"href":"https:\/\/transparentgift.com\/pt\/wp-json\/wp\/v2\/comments?post=496206"}],"wp:featuredmedia":[{"embeddable":true,"href":"https:\/\/transparentgift.com\/pt\/wp-json\/wp\/v2\/media\/496005"}],"wp:attachment":[{"href":"https:\/\/transparentgift.com\/pt\/wp-json\/wp\/v2\/media?parent=496206"}],"wp:term":[{"taxonomy":"product_brand","embeddable":true,"href":"https:\/\/transparentgift.com\/pt\/wp-json\/wp\/v2\/product_brand?post=496206"},{"taxonomy":"product_cat","embeddable":true,"href":"https:\/\/transparentgift.com\/pt\/wp-json\/wp\/v2\/product_cat?post=496206"},{"taxonomy":"product_tag","embeddable":true,"href":"https:\/\/transparentgift.com\/pt\/wp-json\/wp\/v2\/product_tag?post=496206"}],"curies":[{"name":"wp","href":"https:\/\/api.w.org\/{rel}","templated":true}]}}