{"id":496208,"date":"2025-11-20T17:17:36","date_gmt":"2025-11-20T17:17:36","guid":{"rendered":"https:\/\/transparentgift.com\/pt\/almofada-placa-com-nome-de-animal-de-estimacao-personalizada\/"},"modified":"2025-11-27T17:40:47","modified_gmt":"2025-11-27T17:40:47","slug":"almofada-placa-com-nome-de-animal-de-estimacao-personalizada","status":"publish","type":"product","link":"https:\/\/transparentgift.com\/pt\/almofada-placa-com-nome-de-animal-de-estimacao-personalizada\/","title":{"rendered":"Almofada Placa com Nome de Animal de Estima\u00e7\u00e3o personalizada"},"content":{"rendered":"<p>Consegue esta <strong>almofada personalizada com o nome do teu animal de estima\u00e7\u00e3o<\/strong>, que inclui o encantador texto &#8220;Reservado para&#8221;. \u00c9 o presente perfeito para familiares, amigos ou casais que adoram os seus companheiros peludos. Sem d\u00favida, \u00e9 uma <strong>prenda original ideal para anivers\u00e1rios<\/strong>, Natal, anivers\u00e1rios de namoro ou casamento, Dia dos Namorados, Dia da M\u00e3e ou do Pai.<\/p>\n<p><strong>Esta almofada \u00e9 completamente personaliz\u00e1vel<\/strong> e, em apenas alguns passos, poder\u00e1s criar um <strong>presente com um design \u00fanico do teu amigo de quatro patas<\/strong>. Primeiro, seleciona o tamanho da almofada entre tr\u00eas op\u00e7\u00f5es: 35 x 35 cm, 45 x 45 cm ou 50 x 30 cm. Depois, escolhe se \u00e9 um <strong>c\u00e3o ou um gato<\/strong> para aceder \u00e0 lista de ra\u00e7as. Escolhe a imagem que melhor o represente, prestando aten\u00e7\u00e3o a detalhes \u00fanicos como a forma e a cor das manchas e at\u00e9 ao tom dos olhos. Em seguida, adiciona o nome para que apare\u00e7a na placa de madeira impressa por baixo da imagem.<\/p>\n<p>O resultado ser\u00e1 um <strong>design exclusivo<\/strong> que refletir\u00e1 a apar\u00eancia do teu companheiro, transformando-a na sua almofada de descanso favorita. O design ser\u00e1 t\u00e3o \u00fanico que ele n\u00e3o se vai separar dela! Esta prenda personalizada dar\u00e1 o toque perfeito \u00e0 decora\u00e7\u00e3o do seu cantinho preferido.<\/p>\n<p>\u00c9 fabricada com <strong>materiais e tecidos de alta qualidade<\/strong>, que lhe conferem resist\u00eancia e durabilidade. Al\u00e9m disso, podes escolher se preferes apenas a capa ou a capa mais o enchimento por um pequeno extra. N\u00e3o fiques sem uma das <strong>prendas personalizadas especialmente pensadas para animais de estima\u00e7\u00e3o<\/strong>. \u00c9 ideal para demonstrares o teu carinho a algu\u00e9m especial num dia importante. <strong>Vais faz\u00ea-lo sentir-se a pessoa mais sortuda do mundo!<\/strong><\/p>\n<p><strong>Caracter\u00edsticas: <\/strong><\/p>\n<ul>\n<li>Tamanho: 35 x 35 cm \/ 45 x 45 cm<\/li>\n<li>Material: Velour com toque p\u00eassego de alta qualidade.<\/li>\n<li>Manuten\u00e7\u00e3o: Capa com sistema amov\u00edvel adequada para m\u00e1quina de lavar. N\u00e3o \u00e9 recomend\u00e1vel usar na m\u00e1quina de secar.<\/li>\n<li>Extras: Enchimento n\u00e3o inclu\u00eddo.<\/li>\n<\/ul>\n","protected":false},"excerpt":{"rendered":"<p>Consegue esta almofada personalizada com o nome do teu animal de estima\u00e7\u00e3o, que inclui o encantado [&#8230;]<\/p>\n","protected":false},"featured_media":495718,"comment_status":"open","ping_status":"closed","template":"","meta":{"_acf_changed":false},"product_brand":[],"product_cat":[1702],"product_tag":[1689],"class_list":{"0":"post-496208","1":"product","2":"type-product","3":"status-publish","4":"has-post-thumbnail","6":"product_cat-almofadas-personalizadas","7":"product_tag-animais","9":"first","10":"instock","11":"taxable","12":"shipping-taxable","13":"purchasable","14":"product-type-simple"},"acf":[],"df_price":10.99,"df_sale_price":"","df_regular_price":10.99,"df_image_link":"https:\/\/transparentgift.com\/pt\/wp-content\/uploads\/2025\/11\/Mascotas-cartel-madera_1-300x300.jpg","_links":{"self":[{"href":"https:\/\/transparentgift.com\/pt\/wp-json\/wp\/v2\/product\/496208","targetHints":{"allow":["GET"]}}],"collection":[{"href":"https:\/\/transparentgift.com\/pt\/wp-json\/wp\/v2\/product"}],"about":[{"href":"https:\/\/transparentgift.com\/pt\/wp-json\/wp\/v2\/types\/product"}],"replies":[{"embeddable":true,"href":"https:\/\/transparentgift.com\/pt\/wp-json\/wp\/v2\/comments?post=496208"}],"wp:featuredmedia":[{"embeddable":true,"href":"https:\/\/transparentgift.com\/pt\/wp-json\/wp\/v2\/media\/495718"}],"wp:attachment":[{"href":"https:\/\/transparentgift.com\/pt\/wp-json\/wp\/v2\/media?parent=496208"}],"wp:term":[{"taxonomy":"product_brand","embeddable":true,"href":"https:\/\/transparentgift.com\/pt\/wp-json\/wp\/v2\/product_brand?post=496208"},{"taxonomy":"product_cat","embeddable":true,"href":"https:\/\/transparentgift.com\/pt\/wp-json\/wp\/v2\/product_cat?post=496208"},{"taxonomy":"product_tag","embeddable":true,"href":"https:\/\/transparentgift.com\/pt\/wp-json\/wp\/v2\/product_tag?post=496208"}],"curies":[{"name":"wp","href":"https:\/\/api.w.org\/{rel}","templated":true}]}}