{"id":496217,"date":"2025-11-20T17:17:50","date_gmt":"2025-11-20T17:17:50","guid":{"rendered":"https:\/\/transparentgift.com\/pt\/pijama-a-contar-ovelhas-verao-ou-inverno-com-nome-personalizado\/"},"modified":"2026-04-23T14:52:35","modified_gmt":"2026-04-23T13:52:35","slug":"pijama-a-contar-ovelhas-verao-ou-inverno-com-nome-personalizado","status":"publish","type":"product","link":"https:\/\/transparentgift.com\/pt\/pijama-a-contar-ovelhas-verao-ou-inverno-com-nome-personalizado\/","title":{"rendered":"Pijama A Contar Ovelhas Ver\u00e3o ou Inverno com Nome Personalizado"},"content":{"rendered":"<p>Este <strong>pijama personalizado A Contar Ovelhas<\/strong> \u00e9 o presente perfeito, com um design original e divertido: ovelhas que podes personalizar com o nome que escolheres! \u00c9 uma forma encantadora de demonstrar o teu carinho por essa pessoa especial, seja a tua <strong>cara-metade, um amigo ou um familiar<\/strong>. Seleciona a op\u00e7\u00e3o de mangas que melhor se adapta \u00e0 esta\u00e7\u00e3o ou \u00e0s suas prefer\u00eancias.<\/p>\n<p>Este pijama \u00e9 totalmente personaliz\u00e1vel. S\u00f3 precisas de escrever o nome da pessoa a quem o vais oferecer ou uma palavra especial que a represente. Esse detalhe ficar\u00e1 impresso em cada uma das ovelhas que saltam para o curral, acrescentando um toque \u00fanico e significativo. Assim, d\u00e1 ainda mais sentido \u00e0 frase: <strong>&#8220;Contei 99 ovelhas&#8230; e fiquei a sonhar contigo&#8221;<\/strong>.<\/p>\n<p>Depois, s\u00f3 tens de <strong>escolher o tamanho perfeito<\/strong> para essa pessoa entre as quatro op\u00e7\u00f5es dispon\u00edveis: S, M, L ou XL. Podes consultar o <strong>Guia de Tamanhos na \u00faltima imagem<\/strong> para te certificares de que \u00e9 o ideal.<\/p>\n<p>Este pijama n\u00e3o ser\u00e1 apenas confort\u00e1vel, mas tamb\u00e9m especial, desenhado exclusivamente para ela ou para ele. De certeza que se tornar\u00e1 o seu favorito para ir dormir!<\/p>\n<p>Este pijama \u00e9 confecionado com tecidos de alta qualidade, que oferecem uma combina\u00e7\u00e3o perfeita de resist\u00eancia e suavidade gra\u00e7as ao seu elevado conte\u00fado de algod\u00e3o. O design \u00e9 impresso em cores vibrantes, enquanto a textura do tecido garante um conforto excecional, tornando-o numa pe\u00e7a ideal para descansar.<\/p>\n<p>Adiciona um toque especial \u00e0s tuas noites com este pijama personalizado, ideal para sonhar com quem mais amas. Ser\u00e1 um dos <strong>melhores presentes personalizados<\/strong> que podes oferecer em datas t\u00e3o especiais como o <strong>Dia dos Namorados, anivers\u00e1rio ou anivers\u00e1rio de nascimento<\/strong>. Essa pessoa querida vai sentir-se a mais sortuda do mundo!<\/p>\n<p><strong>Caracter\u00edsticas:<\/strong><\/p>\n<ul>\n<li>Tamanhos: S-M-L-XL.<\/li>\n<li>Material:\n<ul>\n<li>Camisola: Algod\u00e3o 100%<\/li>\n<li>Cal\u00e7as: Algod\u00e3o 80% &#8211; Poli\u00e9ster 20%<\/li>\n<\/ul>\n<\/li>\n<li>Cores:\n<ul>\n<li>Camisola: Branca.<\/li>\n<li>Cal\u00e7as: Pretas.<\/li>\n<\/ul>\n<\/li>\n<\/ul>\n","protected":false},"excerpt":{"rendered":"<p>Este pijama personalizado A Contar Ovelhas \u00e9 o presente perfeito, com um design original e divertid [&#8230;]<\/p>\n","protected":false},"featured_media":496013,"comment_status":"open","ping_status":"closed","template":"","meta":{"_acf_changed":false},"product_brand":[],"product_cat":[1707],"product_tag":[1678],"class_list":{"0":"post-496217","1":"product","2":"type-product","3":"status-publish","4":"has-post-thumbnail","6":"product_cat-pijamas-personalizados","7":"product_tag-casais","9":"first","10":"instock","11":"taxable","12":"shipping-taxable","13":"purchasable","14":"product-type-simple"},"acf":[],"df_price":23.99,"df_sale_price":"","df_regular_price":23.99,"df_image_link":"https:\/\/transparentgift.com\/pt\/wp-content\/uploads\/2025\/11\/ovejas-portugal1-300x300.jpg","_links":{"self":[{"href":"https:\/\/transparentgift.com\/pt\/wp-json\/wp\/v2\/product\/496217","targetHints":{"allow":["GET"]}}],"collection":[{"href":"https:\/\/transparentgift.com\/pt\/wp-json\/wp\/v2\/product"}],"about":[{"href":"https:\/\/transparentgift.com\/pt\/wp-json\/wp\/v2\/types\/product"}],"replies":[{"embeddable":true,"href":"https:\/\/transparentgift.com\/pt\/wp-json\/wp\/v2\/comments?post=496217"}],"wp:featuredmedia":[{"embeddable":true,"href":"https:\/\/transparentgift.com\/pt\/wp-json\/wp\/v2\/media\/496013"}],"wp:attachment":[{"href":"https:\/\/transparentgift.com\/pt\/wp-json\/wp\/v2\/media?parent=496217"}],"wp:term":[{"taxonomy":"product_brand","embeddable":true,"href":"https:\/\/transparentgift.com\/pt\/wp-json\/wp\/v2\/product_brand?post=496217"},{"taxonomy":"product_cat","embeddable":true,"href":"https:\/\/transparentgift.com\/pt\/wp-json\/wp\/v2\/product_cat?post=496217"},{"taxonomy":"product_tag","embeddable":true,"href":"https:\/\/transparentgift.com\/pt\/wp-json\/wp\/v2\/product_tag?post=496217"}],"curies":[{"name":"wp","href":"https:\/\/api.w.org\/{rel}","templated":true}]}}