{"id":496223,"date":"2025-11-20T17:17:59","date_gmt":"2025-11-20T17:17:59","guid":{"rendered":"https:\/\/transparentgift.com\/pt\/placa-funkos-com-nomes-personalizada\/"},"modified":"2025-11-27T17:40:54","modified_gmt":"2025-11-27T17:40:54","slug":"placa-funkos-com-nomes-personalizada","status":"publish","type":"product","link":"https:\/\/transparentgift.com\/pt\/placa-funkos-com-nomes-personalizada\/","title":{"rendered":"Placa Funkos com Nomes personalizada"},"content":{"rendered":"<p><strong>Placa Funkos com Nomes personalizada<\/strong>. Uma prenda \u00fanica que capta a ess\u00eancia dos teus entes queridos num design encantador.<\/p>\n<p>Transforma os teus momentos especiais em recorda\u00e7\u00f5es duradouras com esta placa personaliz\u00e1vel, ideal para anivers\u00e1rios, festas de anos ou simplesmente para dar um toque pessoal \u00e0 tua casa.<\/p>\n<p>Perfeita para quem procura uma prenda original e significativa, esta placa \u00e9 o detalhe ideal para casais, amigos ou familiares. Imagina o sorriso dessa pessoa especial ao ver a sua figura Funko personalizada com o seu nome e detalhes \u00fanicos. Seja para o Dia dos Namorados, Dia da M\u00e3e ou do Pai ou para decorar uma estante, esta placa adapta-se a qualquer ocasi\u00e3o.<\/p>\n<h4><strong>Caracter\u00edsticas:<\/strong><\/h4>\n<ul>\n<li>Tamanho: 15 x 20 cm \/ 29,7 x 21 cm<\/li>\n<li>Material: Metacrilato de alta qualidade.<\/li>\n<li>Inclui: Embalagem com caixa para prenda.<\/li>\n<li>Manuten\u00e7\u00e3o: Limpa-se de forma simples com a ajuda de uma toalhita seca.<\/li>\n<\/ul>\n","protected":false},"excerpt":{"rendered":"<p>Placa Funkos com Nomes personalizada. Uma prenda \u00fanica que capta a ess\u00eancia dos teus entes querido [&#8230;]<\/p>\n","protected":false},"featured_media":495619,"comment_status":"open","ping_status":"closed","template":"","meta":{"_acf_changed":false},"product_brand":[],"product_cat":[1676],"product_tag":[1678,1705,1706,1677,1688,1681],"class_list":{"0":"post-496223","1":"product","2":"type-product","3":"status-publish","4":"has-post-thumbnail","6":"product_cat-fotos-em-metacrilato-personalizadas","7":"product_tag-casais","8":"product_tag-funkos","9":"product_tag-funkos_customizable_product","10":"product_tag-generico","11":"product_tag-maes","12":"product_tag-pais","14":"first","15":"instock","16":"taxable","17":"shipping-taxable","18":"purchasable","19":"product-type-simple"},"acf":[],"df_price":17.99,"df_sale_price":"","df_regular_price":17.99,"df_image_link":"https:\/\/transparentgift.com\/pt\/wp-content\/uploads\/2025\/11\/Placa-FunkosBasico-1-portugal-300x300.jpg","_links":{"self":[{"href":"https:\/\/transparentgift.com\/pt\/wp-json\/wp\/v2\/product\/496223","targetHints":{"allow":["GET"]}}],"collection":[{"href":"https:\/\/transparentgift.com\/pt\/wp-json\/wp\/v2\/product"}],"about":[{"href":"https:\/\/transparentgift.com\/pt\/wp-json\/wp\/v2\/types\/product"}],"replies":[{"embeddable":true,"href":"https:\/\/transparentgift.com\/pt\/wp-json\/wp\/v2\/comments?post=496223"}],"wp:featuredmedia":[{"embeddable":true,"href":"https:\/\/transparentgift.com\/pt\/wp-json\/wp\/v2\/media\/495619"}],"wp:attachment":[{"href":"https:\/\/transparentgift.com\/pt\/wp-json\/wp\/v2\/media?parent=496223"}],"wp:term":[{"taxonomy":"product_brand","embeddable":true,"href":"https:\/\/transparentgift.com\/pt\/wp-json\/wp\/v2\/product_brand?post=496223"},{"taxonomy":"product_cat","embeddable":true,"href":"https:\/\/transparentgift.com\/pt\/wp-json\/wp\/v2\/product_cat?post=496223"},{"taxonomy":"product_tag","embeddable":true,"href":"https:\/\/transparentgift.com\/pt\/wp-json\/wp\/v2\/product_tag?post=496223"}],"curies":[{"name":"wp","href":"https:\/\/api.w.org\/{rel}","templated":true}]}}