{"id":496226,"date":"2025-11-20T17:18:04","date_gmt":"2025-11-20T17:18:04","guid":{"rendered":"https:\/\/transparentgift.com\/pt\/almofada-bonecos-com-texto-personalizado\/"},"modified":"2025-11-27T17:40:56","modified_gmt":"2025-11-27T17:40:56","slug":"almofada-bonecos-com-texto-personalizado","status":"publish","type":"product","link":"https:\/\/transparentgift.com\/pt\/almofada-bonecos-com-texto-personalizado\/","title":{"rendered":"Almofada Bonecos com Texto Personalizado"},"content":{"rendered":"<p><strong>Almofada Bonecos com Texto Personalizado<\/strong>. Uma prenda \u00fanica que capta os seus entes queridos em divertidos desenhos.<\/p>\n<p>Esta almofada oferece a possibilidade de personalizar entre 1 a 5 bonecos com um nome cada um e textos, tornando-a num detalhe inesquec\u00edvel. Ideal para anivers\u00e1rios, Natal, Dia da M\u00e3e ou Dia do Pai, \u00e9 o presente perfeito para quem deseja expressar o seu amor de forma original.<\/p>\n<p>\u00c9 ideal para quem valoriza os detalhes personalizados e deseja acrescentar um toque especial \u00e0 decora\u00e7\u00e3o da sua casa.<\/p>\n<h4><strong>Caracter\u00edsticas:<\/strong><\/h4>\n<ul>\n<li>Tamanho: 35 x 35 cm \/ 45 x 45 cm<\/li>\n<li>Material: Velour com toque de p\u00eassego de alta qualidade.<\/li>\n<li>Manuten\u00e7\u00e3o: Capa com sistema amov\u00edvel, adequada para m\u00e1quina de lavar. N\u00e3o \u00e9 recomend\u00e1vel utilizar na m\u00e1quina de secar.<\/li>\n<li>Extras: Enchimento n\u00e3o inclu\u00eddo.<\/li>\n<\/ul>\n","protected":false},"excerpt":{"rendered":"<p>Almofada Bonecos com Texto Personalizado. Uma prenda \u00fanica que capta os seus entes queridos em dive [&#8230;]<\/p>\n","protected":false},"featured_media":495733,"comment_status":"open","ping_status":"closed","template":"","meta":{"_acf_changed":false},"product_brand":[],"product_cat":[1702],"product_tag":[1687,1680,1681],"class_list":{"0":"post-496226","1":"product","2":"type-product","3":"status-publish","4":"has-post-thumbnail","6":"product_cat-almofadas-personalizadas","7":"product_tag-familia","8":"product_tag-mulheres","9":"product_tag-pais","11":"first","12":"instock","13":"taxable","14":"shipping-taxable","15":"purchasable","16":"product-type-simple"},"acf":[],"df_price":10.99,"df_sale_price":"","df_regular_price":10.99,"df_image_link":"https:\/\/transparentgift.com\/pt\/wp-content\/uploads\/2025\/11\/Munecos_1-300x300.jpg","_links":{"self":[{"href":"https:\/\/transparentgift.com\/pt\/wp-json\/wp\/v2\/product\/496226","targetHints":{"allow":["GET"]}}],"collection":[{"href":"https:\/\/transparentgift.com\/pt\/wp-json\/wp\/v2\/product"}],"about":[{"href":"https:\/\/transparentgift.com\/pt\/wp-json\/wp\/v2\/types\/product"}],"replies":[{"embeddable":true,"href":"https:\/\/transparentgift.com\/pt\/wp-json\/wp\/v2\/comments?post=496226"}],"wp:featuredmedia":[{"embeddable":true,"href":"https:\/\/transparentgift.com\/pt\/wp-json\/wp\/v2\/media\/495733"}],"wp:attachment":[{"href":"https:\/\/transparentgift.com\/pt\/wp-json\/wp\/v2\/media?parent=496226"}],"wp:term":[{"taxonomy":"product_brand","embeddable":true,"href":"https:\/\/transparentgift.com\/pt\/wp-json\/wp\/v2\/product_brand?post=496226"},{"taxonomy":"product_cat","embeddable":true,"href":"https:\/\/transparentgift.com\/pt\/wp-json\/wp\/v2\/product_cat?post=496226"},{"taxonomy":"product_tag","embeddable":true,"href":"https:\/\/transparentgift.com\/pt\/wp-json\/wp\/v2\/product_tag?post=496226"}],"curies":[{"name":"wp","href":"https:\/\/api.w.org\/{rel}","templated":true}]}}