{"id":496228,"date":"2025-11-20T17:18:07","date_gmt":"2025-11-20T17:18:07","guid":{"rendered":"https:\/\/transparentgift.com\/pt\/t-shirt-bonecos-com-texto-personalizada\/"},"modified":"2026-04-30T03:12:55","modified_gmt":"2026-04-30T02:12:55","slug":"t-shirt-bonecos-com-texto-personalizada","status":"publish","type":"product","link":"https:\/\/transparentgift.com\/pt\/t-shirt-bonecos-com-texto-personalizada\/","title":{"rendered":"T-shirt Bonecos com Texto personalizada"},"content":{"rendered":"<p><strong>Descobre a <span data-sheets-root=\"1\">T-shirt Bonecos com Texto personalizada<\/span><\/strong>. Uma pe\u00e7a \u00fanica que transforma as tuas recorda\u00e7\u00f5es mais preciosas em arte.<\/p>\n<p>Esta t-shirt oferece a possibilidade de personalizar entre 1 a 5 bonecos com um nome cada um e textos, tornando-a num detalhe inesquec\u00edvel. Ideal para anivers\u00e1rios, Natal, Dia da M\u00e3e ou Dia do Pai, \u00e9 o presente perfeito para quem deseja expressar o seu amor de forma original a casais, amigos ou familiares.<\/p>\n<p>Imagina a surpresa e a emo\u00e7\u00e3o de receber um detalhe t\u00e3o pessoal e significativo.<\/p>\n<h4><strong>Caracter\u00edsticas:<\/strong><\/h4>\n<ul>\n<li>Tamanhos: S-M-L-XL. Guia de Tamanhos na \u00faltima imagem.<\/li>\n<li>Material: 100% algod\u00e3o<\/li>\n<li>Cores: Branco<\/li>\n<li>Variantes: Manga curta ou manga comprida.<\/li>\n<\/ul>\n","protected":false},"excerpt":{"rendered":"<p>Descobre a T-shirt Bonecos com Texto personalizada. Uma pe\u00e7a \u00fanica que transforma as tuas recorda? [&#8230;]<\/p>\n","protected":false},"featured_media":495928,"comment_status":"open","ping_status":"closed","template":"","meta":{"_acf_changed":false},"product_brand":[],"product_cat":[1709],"product_tag":[1687,1680,1681],"class_list":{"0":"post-496228","1":"product","2":"type-product","3":"status-publish","4":"has-post-thumbnail","6":"product_cat-t-shirts-personalizadas","7":"product_tag-familia","8":"product_tag-mulheres","9":"product_tag-pais","11":"first","12":"instock","13":"taxable","14":"shipping-taxable","15":"purchasable","16":"product-type-simple"},"acf":[],"df_price":23.99,"df_sale_price":"","df_regular_price":23.99,"df_image_link":"https:\/\/transparentgift.com\/pt\/wp-content\/uploads\/2025\/11\/CAMISETAS_MUNECOS_1-300x300.jpg","_links":{"self":[{"href":"https:\/\/transparentgift.com\/pt\/wp-json\/wp\/v2\/product\/496228","targetHints":{"allow":["GET"]}}],"collection":[{"href":"https:\/\/transparentgift.com\/pt\/wp-json\/wp\/v2\/product"}],"about":[{"href":"https:\/\/transparentgift.com\/pt\/wp-json\/wp\/v2\/types\/product"}],"replies":[{"embeddable":true,"href":"https:\/\/transparentgift.com\/pt\/wp-json\/wp\/v2\/comments?post=496228"}],"wp:featuredmedia":[{"embeddable":true,"href":"https:\/\/transparentgift.com\/pt\/wp-json\/wp\/v2\/media\/495928"}],"wp:attachment":[{"href":"https:\/\/transparentgift.com\/pt\/wp-json\/wp\/v2\/media?parent=496228"}],"wp:term":[{"taxonomy":"product_brand","embeddable":true,"href":"https:\/\/transparentgift.com\/pt\/wp-json\/wp\/v2\/product_brand?post=496228"},{"taxonomy":"product_cat","embeddable":true,"href":"https:\/\/transparentgift.com\/pt\/wp-json\/wp\/v2\/product_cat?post=496228"},{"taxonomy":"product_tag","embeddable":true,"href":"https:\/\/transparentgift.com\/pt\/wp-json\/wp\/v2\/product_tag?post=496228"}],"curies":[{"name":"wp","href":"https:\/\/api.w.org\/{rel}","templated":true}]}}