{"id":496236,"date":"2025-11-20T17:18:19","date_gmt":"2025-11-20T17:18:19","guid":{"rendered":"https:\/\/transparentgift.com\/pt\/carimbo-personalizado-para-professores-com-desenho-e-nome\/"},"modified":"2026-03-23T11:02:58","modified_gmt":"2026-03-23T11:02:58","slug":"carimbo-personalizado-para-professores-com-desenho-e-nome","status":"publish","type":"product","link":"https:\/\/transparentgift.com\/pt\/carimbo-personalizado-para-professores-com-desenho-e-nome\/","title":{"rendered":"Carimbo personalizado para Professores com Desenho e Nome"},"content":{"rendered":"<p><strong>Torna cada corre\u00e7\u00e3o especial com um carimbo \u00fanico e divertido!<\/strong>. Este carimbo personalizado para professores \u00e9 a ferramenta perfeita para motivar e reconhecer o esfor\u00e7o dos alunos de forma original e pr\u00f3xima.<\/p>\n<p>Gra\u00e7as ao seu design personalizado e tinta resistente, poder\u00e1s deixar mensagens como \u201cBom trabalho!\u201d ou \u201cGenial!\u201d acompanhadas do teu nome ou de uma caricatura. Ideal para marcar tanto em papel como em tecido.<\/p>\n<p>Este carimbo foi pensado para docentes de Educa\u00e7\u00e3o Pr\u00e9-escolar, 1.\u00ba, 2.\u00ba e 3.\u00ba Ciclos que procuram refor\u00e7ar positivamente os seus alunos de forma visual. Perfeito para usar em avalia\u00e7\u00f5es, cadernos, trabalhos de casa ou at\u00e9 para marcar roupa e objetos escolares. Tamb\u00e9m \u00e9 uma prenda original para professoras e professores no final do ano letivo ou em celebra\u00e7\u00f5es especiais.<\/p>\n<h4><strong>Caracter\u00edsticas:<\/strong><\/h4>\n<ul>\n<li>Tamanho: 4 x 1,5 cm<\/li>\n<li>Tinta n\u00e3o t\u00f3xica e resistente \u00e0 lavagem e ao desgaste<\/li>\n<\/ul>\n","protected":false},"excerpt":{"rendered":"<p>Torna cada corre\u00e7\u00e3o especial com um carimbo \u00fanico e divertido!. Este carimbo personalizado para p [&#8230;]<\/p>\n","protected":false},"featured_media":495567,"comment_status":"open","ping_status":"closed","template":"","meta":{"_acf_changed":false},"product_brand":[],"product_cat":[1691],"product_tag":[1703],"class_list":{"0":"post-496236","1":"product","2":"type-product","3":"status-publish","4":"has-post-thumbnail","6":"product_cat-carimbos-personalizados","7":"product_tag-professores","9":"first","10":"instock","11":"taxable","12":"shipping-taxable","13":"purchasable","14":"product-type-simple"},"acf":[],"df_price":11.95,"df_sale_price":"","df_regular_price":11.95,"df_image_link":"https:\/\/transparentgift.com\/pt\/wp-content\/uploads\/2025\/11\/Sello-profes_1-300x300.jpg","_links":{"self":[{"href":"https:\/\/transparentgift.com\/pt\/wp-json\/wp\/v2\/product\/496236","targetHints":{"allow":["GET"]}}],"collection":[{"href":"https:\/\/transparentgift.com\/pt\/wp-json\/wp\/v2\/product"}],"about":[{"href":"https:\/\/transparentgift.com\/pt\/wp-json\/wp\/v2\/types\/product"}],"replies":[{"embeddable":true,"href":"https:\/\/transparentgift.com\/pt\/wp-json\/wp\/v2\/comments?post=496236"}],"wp:featuredmedia":[{"embeddable":true,"href":"https:\/\/transparentgift.com\/pt\/wp-json\/wp\/v2\/media\/495567"}],"wp:attachment":[{"href":"https:\/\/transparentgift.com\/pt\/wp-json\/wp\/v2\/media?parent=496236"}],"wp:term":[{"taxonomy":"product_brand","embeddable":true,"href":"https:\/\/transparentgift.com\/pt\/wp-json\/wp\/v2\/product_brand?post=496236"},{"taxonomy":"product_cat","embeddable":true,"href":"https:\/\/transparentgift.com\/pt\/wp-json\/wp\/v2\/product_cat?post=496236"},{"taxonomy":"product_tag","embeddable":true,"href":"https:\/\/transparentgift.com\/pt\/wp-json\/wp\/v2\/product_tag?post=496236"}],"curies":[{"name":"wp","href":"https:\/\/api.w.org\/{rel}","templated":true}]}}