{"id":496456,"date":"2025-11-24T20:07:15","date_gmt":"2025-11-24T20:07:15","guid":{"rendered":"https:\/\/transparentgift.com\/pt\/saco-de-natal-com-inicial-e-nome-personalizado\/"},"modified":"2026-01-29T14:02:33","modified_gmt":"2026-01-29T14:02:33","slug":"saco-de-natal-com-inicial-e-nome-personalizado","status":"publish","type":"product","link":"https:\/\/transparentgift.com\/pt\/saco-de-natal-com-inicial-e-nome-personalizado\/","title":{"rendered":"Saco de Natal com Inicial e Nome personalizado"},"content":{"rendered":"<p>Este <strong>saco de Natal personalizado<\/strong> com inicial e nome \u00e9 a melhor op\u00e7\u00e3o para emocionar os seus entes queridos neste inverno. Poder\u00e1 <strong>encher o saco com presentes, doces<\/strong> ou aquilo de que mais gostar. Os mais pequenos l\u00e1 de casa v\u00e3o adorar!<\/p>\n<p>Cada crian\u00e7a ou membro da fam\u00edlia poder\u00e1 ter o seu saco personalizado onde encontrar\u00e1 os seus presentes de Natal. Pode <strong>personalizar numa face<\/strong> este bonito saco com <strong>o nome e a inicial<\/strong> dessa pessoa especial, que ficar\u00e3o gravados no tecido do saco sobre um <strong>fundo bege<\/strong>. Com este adorno t\u00e3o original poder\u00e1 arrancar sorrisos aos seus familiares e dar um toque \u00fanico \u00e0 sua <strong>decora\u00e7\u00e3o de Natal<\/strong>.<\/p>\n<p>Este saco do Pai Natal conta com <strong>materiais e tecidos de alta qualidade<\/strong> que proporcionam resist\u00eancia e durabilidade. Al\u00e9m disso, <strong>inclui um cord\u00e3o<\/strong> de cor vermelha na parte superior com o qual poder\u00e1 <strong>transportar e fechar o saco<\/strong> com total facilidade.<\/p>\n<p>Com este saco \u00fanico e especial ir\u00e1 completar a decora\u00e7\u00e3o natal\u00edcia do lar, podendo coloc\u00e1-lo junto \u00e0 \u00e1rvore. O Pai Natal e os Reis Magos ter\u00e3o um lugar onde deixar os presentes. Personalize um saco para cada membro da fam\u00edlia e surpreenda nestas festas.<\/p>\n<p><strong>Caracter\u00edsticas:<\/strong><\/p>\n<ul>\n<li>Tamanho: 87 x 51 cm<\/li>\n<li>Materiais: Linho de alta qualidade.<\/li>\n<li>Inclui: Cord\u00e3o vermelho para fechar na parte superior.<\/li>\n<\/ul>\n","protected":false},"excerpt":{"rendered":"<p>Este saco de Natal personalizado com inicial e nome \u00e9 a melhor op\u00e7\u00e3o para emocionar os seus entes [&#8230;]<\/p>\n","protected":false},"featured_media":496510,"comment_status":"open","ping_status":"closed","template":"","meta":{"_acf_changed":false},"product_brand":[],"product_cat":[1722],"product_tag":[1687,1695],"class_list":{"0":"post-496456","1":"product","2":"type-product","3":"status-publish","4":"has-post-thumbnail","6":"product_cat-sacos-de-natal-personalizados","7":"product_tag-familia","8":"product_tag-natal","10":"first","11":"instock","12":"taxable","13":"shipping-taxable","14":"purchasable","15":"product-type-simple"},"acf":[],"df_price":15.99,"df_sale_price":"","df_regular_price":15.99,"df_image_link":"https:\/\/transparentgift.com\/pt\/wp-content\/uploads\/2025\/11\/saco-navidad-1-300x300.jpg","_links":{"self":[{"href":"https:\/\/transparentgift.com\/pt\/wp-json\/wp\/v2\/product\/496456","targetHints":{"allow":["GET"]}}],"collection":[{"href":"https:\/\/transparentgift.com\/pt\/wp-json\/wp\/v2\/product"}],"about":[{"href":"https:\/\/transparentgift.com\/pt\/wp-json\/wp\/v2\/types\/product"}],"replies":[{"embeddable":true,"href":"https:\/\/transparentgift.com\/pt\/wp-json\/wp\/v2\/comments?post=496456"}],"wp:featuredmedia":[{"embeddable":true,"href":"https:\/\/transparentgift.com\/pt\/wp-json\/wp\/v2\/media\/496510"}],"wp:attachment":[{"href":"https:\/\/transparentgift.com\/pt\/wp-json\/wp\/v2\/media?parent=496456"}],"wp:term":[{"taxonomy":"product_brand","embeddable":true,"href":"https:\/\/transparentgift.com\/pt\/wp-json\/wp\/v2\/product_brand?post=496456"},{"taxonomy":"product_cat","embeddable":true,"href":"https:\/\/transparentgift.com\/pt\/wp-json\/wp\/v2\/product_cat?post=496456"},{"taxonomy":"product_tag","embeddable":true,"href":"https:\/\/transparentgift.com\/pt\/wp-json\/wp\/v2\/product_tag?post=496456"}],"curies":[{"name":"wp","href":"https:\/\/api.w.org\/{rel}","templated":true}]}}