{"id":497530,"date":"2026-01-02T11:27:31","date_gmt":"2026-01-02T11:27:31","guid":{"rendered":"https:\/\/transparentgift.com\/pt\/candeeiro-coracao-com-baloes-personalizado-com-nome-e-data\/"},"modified":"2026-01-29T14:02:07","modified_gmt":"2026-01-29T14:02:07","slug":"candeeiro-coracao-com-baloes-personalizado-com-nome-e-data","status":"publish","type":"product","link":"https:\/\/transparentgift.com\/pt\/candeeiro-coracao-com-baloes-personalizado-com-nome-e-data\/","title":{"rendered":"Candeeiro Cora\u00e7\u00e3o com Bal\u00f5es personalizado com Nome e Data"},"content":{"rendered":"<p>Emocione com este <strong>candeeiro personalizado<\/strong>, com o qual poder\u00e1 demonstrar todo o seu amor \u00e0 sua <strong>cara-metade<\/strong> ou a outra pessoa especial. \u00c9 perfeito como <strong>presente de Dia dos Namorados, de anivers\u00e1rio, de anivers\u00e1rio de namoro<\/strong> ou at\u00e9 de Natal. Seja como for, vai acertar em cheio!<\/p>\n<p>Esta placa luminosa \u00e9 totalmente personaliz\u00e1vel. S\u00f3 ter\u00e1 de <strong>escrever os vossos nomes<\/strong> e uma <strong>data especial<\/strong>, para que fique tudo gravado dentro do bonito <strong>design de cora\u00e7\u00e3o<\/strong>, acompanhado por bal\u00f5es. Poder\u00e3o criar a recorda\u00e7\u00e3o mais rom\u00e2ntica. O resultado vai encant\u00e1-la!<\/p>\n<p>A placa do candeeiro \u00e9 fabricada em <strong>metacrilato de alta qualidade<\/strong>, o que lhe confere resist\u00eancia e durabilidade. Ter\u00e1 a op\u00e7\u00e3o de escolher se quer que a placa se sustente atrav\u00e9s de uma <strong>base de madeira<\/strong> ou que fique enquadrada numa <strong>moldura<\/strong>, tamb\u00e9m de madeira. Caso escolha a base, poder\u00e1 gravar uma <strong>mensagem adicional<\/strong> por um pequeno extra. Essa pessoa especial poder\u00e1 coloc\u00e1-la sobre qualquer superf\u00edcie para <strong>decorar e iluminar<\/strong> o espa\u00e7o, gra\u00e7as \u00e0 sua luz LED que se aciona com um <strong>interruptor de ligar\/desligar<\/strong>.<\/p>\n<p>N\u00e3o fique sem o melhor presente para fazer feliz a sua cara-metade ou um ente querido. Personalize o candeeiro ao gosto dessa pessoa e deixe-a coloc\u00e1-lo numa <strong>prateleira<\/strong>, na sua <strong>mesa de cabeceira<\/strong> ou onde quiser. Vai fazer com que essa pessoa se sinta a mais sortuda!<\/p>\n<p><strong>Caracter\u00edsticas:<\/strong><\/p>\n<ul>\n<li>Tamanho:\n<ul>\n<li>Com base: 16,5 \u00d7 14,5 x 4,5 cm<\/li>\n<li>Com moldura: 21 x 17 cm<\/li>\n<\/ul>\n<\/li>\n<li>Material:\n<ul>\n<li>Placa: Metacrilato de alta qualidade.<\/li>\n<li>Base: Madeira de alta qualidade.<\/li>\n<\/ul>\n<\/li>\n<li>Inclui: Luz LED quente. Cabo USB. Packaging com caixa para oferta.<\/li>\n<li>Manuten\u00e7\u00e3o: Limpa-se facilmente com a ajuda da toalhita inclu\u00edda.<\/li>\n<\/ul>\n","protected":false},"excerpt":{"rendered":"<p>Emocione com este candeeiro personalizado, com o qual poder\u00e1 demonstrar todo o seu amor \u00e0 sua cara [&#8230;]<\/p>\n","protected":false},"featured_media":497636,"comment_status":"open","ping_status":"closed","template":"","meta":{"_acf_changed":false},"product_brand":[],"product_cat":[1682],"product_tag":[1678],"class_list":{"0":"post-497530","1":"product","2":"type-product","3":"status-publish","4":"has-post-thumbnail","6":"product_cat-candeeiros-personalizados","7":"product_tag-casais","9":"first","10":"instock","11":"sale","12":"taxable","13":"shipping-taxable","14":"purchasable","15":"product-type-simple"},"acf":[],"df_price":16.99,"df_sale_price":16.99,"df_regular_price":30.99,"df_image_link":"https:\/\/transparentgift.com\/pt\/wp-content\/uploads\/2026\/01\/Mesa-de-trabajo-1-copia-3-300x300.jpg","_links":{"self":[{"href":"https:\/\/transparentgift.com\/pt\/wp-json\/wp\/v2\/product\/497530","targetHints":{"allow":["GET"]}}],"collection":[{"href":"https:\/\/transparentgift.com\/pt\/wp-json\/wp\/v2\/product"}],"about":[{"href":"https:\/\/transparentgift.com\/pt\/wp-json\/wp\/v2\/types\/product"}],"replies":[{"embeddable":true,"href":"https:\/\/transparentgift.com\/pt\/wp-json\/wp\/v2\/comments?post=497530"}],"wp:featuredmedia":[{"embeddable":true,"href":"https:\/\/transparentgift.com\/pt\/wp-json\/wp\/v2\/media\/497636"}],"wp:attachment":[{"href":"https:\/\/transparentgift.com\/pt\/wp-json\/wp\/v2\/media?parent=497530"}],"wp:term":[{"taxonomy":"product_brand","embeddable":true,"href":"https:\/\/transparentgift.com\/pt\/wp-json\/wp\/v2\/product_brand?post=497530"},{"taxonomy":"product_cat","embeddable":true,"href":"https:\/\/transparentgift.com\/pt\/wp-json\/wp\/v2\/product_cat?post=497530"},{"taxonomy":"product_tag","embeddable":true,"href":"https:\/\/transparentgift.com\/pt\/wp-json\/wp\/v2\/product_tag?post=497530"}],"curies":[{"name":"wp","href":"https:\/\/api.w.org\/{rel}","templated":true}]}}