{"id":497533,"date":"2026-01-02T11:27:34","date_gmt":"2026-01-02T11:27:34","guid":{"rendered":"https:\/\/transparentgift.com\/pt\/candeeiro-mapa-do-amor-personalizado-com-localizacao-e-textos\/"},"modified":"2026-01-29T14:02:25","modified_gmt":"2026-01-29T14:02:25","slug":"candeeiro-mapa-do-amor-personalizado-com-localizacao-e-textos","status":"publish","type":"product","link":"https:\/\/transparentgift.com\/pt\/candeeiro-mapa-do-amor-personalizado-com-localizacao-e-textos\/","title":{"rendered":"Candeeiro Mapa do Amor personalizado com Localiza\u00e7\u00e3o e Textos"},"content":{"rendered":"<p>Emocione com este<strong> candeeiro personalizado<\/strong>, com o qual poder\u00e1 demonstrar todo o seu amor \u00e0 sua cara-metade ou a outra pessoa especial. \u00c9 perfeito como presente de Dia dos Namorados, de anivers\u00e1rio, de anivers\u00e1rio de nascimento ou at\u00e9 de Natal. Seja como for, vai acertar em cheio!<\/p>\n<p>Esta placa luminosa \u00e9 totalmente personaliz\u00e1vel. Para a personalizar, primeiro ter\u00e1 de procurar e selecionar a localiza\u00e7\u00e3o que quer gravar e que seja muito especial para voc\u00eas. Tenha em conta que a vista da localiza\u00e7\u00e3o ser\u00e1 sempre aproximada e n\u00e3o exata. Depois, dever\u00e1 escolher a forma ideal para o mapa (cora\u00e7\u00e3o, c\u00edrculo ou quadrado) e a cor entre branco, preto ou vermelho. Por fim, adicione uma data, uma dedicat\u00f3ria ou os vossos nomes. Vai criar a recorda\u00e7\u00e3o mais ternurenta.\u00a0O resultado vai encant\u00e1-la!<\/p>\n<p>A placa do candeeiro \u00e9 fabricada em metacrilato de alta qualidade, o que lhe confere resist\u00eancia e durabilidade. Ter\u00e1 a op\u00e7\u00e3o de escolher se quer que a placa seja suportada por uma base de madeira ou que fique enquadrada numa moldura, tamb\u00e9m de madeira. Caso escolha a base, poder\u00e1 gravar uma mensagem adicional por um pequeno extra. Essa pessoa especial poder\u00e1 coloc\u00e1-la sobre qualquer superf\u00edcie para decorar e iluminar o espa\u00e7o, gra\u00e7as \u00e0 sua luz LED que \u00e9 acionada com um interruptor de ligar\/desligar.<\/p>\n<p>N\u00e3o fique sem o melhor presente para fazer feliz a sua cara-metade ou um ente querido. Personalize o candeeiro ao gosto dela(e) e deixe que o coloque numa prateleira, na sua mesa de cabeceira ou onde quiser. Vai fazer essa pessoa sentir-se a mais afortunada!<\/p>\n<p><strong>Caracter\u00edsticas:<\/strong><\/p>\n<ul>\n<li>Tamanho: 19 \u00d7 14,5 x 4,5 cm<\/li>\n<li>Material:\n<ul>\n<li>Placa: Metacrilato de alta qualidade.<\/li>\n<li>Base: Madeira de alta qualidade.<\/li>\n<\/ul>\n<\/li>\n<li>Inclui: Luz LED quente. Cabo USB.\u00a0Packaging com caixa para oferta.<\/li>\n<li>Manuten\u00e7\u00e3o: Limpa-se facilmente com a ajuda da toalhita inclu\u00edda.<\/li>\n<\/ul>\n","protected":false},"excerpt":{"rendered":"<p>Emocione com este candeeiro personalizado, com o qual poder\u00e1 demonstrar todo o seu amor \u00e0 sua cara [&#8230;]<\/p>\n","protected":false},"featured_media":497595,"comment_status":"open","ping_status":"closed","template":"","meta":{"_acf_changed":false},"product_brand":[],"product_cat":[1682],"product_tag":[1678,1677],"class_list":{"0":"post-497533","1":"product","2":"type-product","3":"status-publish","4":"has-post-thumbnail","6":"product_cat-candeeiros-personalizados","7":"product_tag-casais","8":"product_tag-generico","10":"first","11":"instock","12":"taxable","13":"shipping-taxable","14":"purchasable","15":"product-type-simple"},"acf":[],"df_price":16.99,"df_sale_price":"","df_regular_price":16.99,"df_image_link":"https:\/\/transparentgift.com\/pt\/wp-content\/uploads\/2026\/01\/1-3-300x300.jpg","_links":{"self":[{"href":"https:\/\/transparentgift.com\/pt\/wp-json\/wp\/v2\/product\/497533","targetHints":{"allow":["GET"]}}],"collection":[{"href":"https:\/\/transparentgift.com\/pt\/wp-json\/wp\/v2\/product"}],"about":[{"href":"https:\/\/transparentgift.com\/pt\/wp-json\/wp\/v2\/types\/product"}],"replies":[{"embeddable":true,"href":"https:\/\/transparentgift.com\/pt\/wp-json\/wp\/v2\/comments?post=497533"}],"wp:featuredmedia":[{"embeddable":true,"href":"https:\/\/transparentgift.com\/pt\/wp-json\/wp\/v2\/media\/497595"}],"wp:attachment":[{"href":"https:\/\/transparentgift.com\/pt\/wp-json\/wp\/v2\/media?parent=497533"}],"wp:term":[{"taxonomy":"product_brand","embeddable":true,"href":"https:\/\/transparentgift.com\/pt\/wp-json\/wp\/v2\/product_brand?post=497533"},{"taxonomy":"product_cat","embeddable":true,"href":"https:\/\/transparentgift.com\/pt\/wp-json\/wp\/v2\/product_cat?post=497533"},{"taxonomy":"product_tag","embeddable":true,"href":"https:\/\/transparentgift.com\/pt\/wp-json\/wp\/v2\/product_tag?post=497533"}],"curies":[{"name":"wp","href":"https:\/\/api.w.org\/{rel}","templated":true}]}}