{"id":497535,"date":"2026-01-02T11:27:36","date_gmt":"2026-01-02T11:27:36","guid":{"rendered":"https:\/\/transparentgift.com\/pt\/caneca-maos-unidas-com-nomes-personalizada\/"},"modified":"2026-01-29T14:02:08","modified_gmt":"2026-01-29T14:02:08","slug":"caneca-maos-unidas-com-nomes-personalizada","status":"publish","type":"product","link":"https:\/\/transparentgift.com\/pt\/caneca-maos-unidas-com-nomes-personalizada\/","title":{"rendered":"Caneca M\u00e3os Unidas com Nomes personalizada"},"content":{"rendered":"<p>Mostra todo o teu amor \u00e0 tua cara-metade com esta <strong>caneca personalizada com os vossos nomes<\/strong> e oferece o presente mais original no Dia dos Namorados, no vosso anivers\u00e1rio ou no seu anivers\u00e1rio. O teu amor n\u00e3o vai querer tomar o pequeno-almo\u00e7o com outra caneca! Tamb\u00e9m ser\u00e1 perfeita como presente para os noivos no dia do seu casamento.<\/p>\n<p>Como personalizar? \u00c9 muito simples! S\u00f3 tens de escrever o teu nome juntamente com o do teu namorado ou namorada no campo correspondente, e ficar\u00e3o gravados junto ao rom\u00e2ntico design de duas m\u00e3os unidas. Vai ficar completamente emocionado\/a!<\/p>\n<p>\u00c9 fabricada em cer\u00e2mica de alta qualidade, adequada para micro-ondas e m\u00e1quina de lavar loi\u00e7a. Tem asa para a segurar com seguran\u00e7a. Al\u00e9m disso, podes encher a caneca com chocolates Kinder por um extra de 6 euros. S\u00f3 tens de escolher esta op\u00e7\u00e3o no momento da personaliza\u00e7\u00e3o. \u00c9 o presente original perfeito para que a tua cara-metade desfrute do pequeno-almo\u00e7o ou da hora do caf\u00e9 com a melhor caneca.<\/p>\n<p>\u00c9 um presente \u00fanico por ter sido pensado exclusivamente para a tua cara-metade. N\u00e3o hesites em oferecer esta caneca e tornar os pequenos-almo\u00e7os e lanches ainda mais especiais.<\/p>\n<p>Caracter\u00edsticas:<\/p>\n<ul>\n<li>Tamanho: 9,5 x 8 cm<\/li>\n<li>Material: Cer\u00e2mica.<\/li>\n<li>Capacidade: 333 ml<\/li>\n<li>Manuten\u00e7\u00e3o: Adequada para micro-ondas e m\u00e1quina de lavar loi\u00e7a.<\/li>\n<li>Extras: Saco com Kinder.<\/li>\n<\/ul>\n","protected":false},"excerpt":{"rendered":"<p>Mostra todo o teu amor \u00e0 tua cara-metade com esta caneca personalizada com os vossos nomes e oferec [&#8230;]<\/p>\n","protected":false},"featured_media":497608,"comment_status":"open","ping_status":"closed","template":"","meta":{"_acf_changed":false},"product_brand":[],"product_cat":[1816],"product_tag":[1678],"ai-category":[1821],"class_list":{"0":"post-497535","1":"product","2":"type-product","3":"status-publish","4":"has-post-thumbnail","6":"product_cat-canecas-personalizadas","7":"product_tag-casais","8":"ai-category-tazas-personalizadas","10":"first","11":"instock","12":"taxable","13":"shipping-taxable","14":"purchasable","15":"product-type-simple"},"acf":[],"df_price":10.99,"df_sale_price":"","df_regular_price":10.99,"df_image_link":"https:\/\/transparentgift.com\/pt\/wp-content\/uploads\/2026\/01\/1-300x300.png","_links":{"self":[{"href":"https:\/\/transparentgift.com\/pt\/wp-json\/wp\/v2\/product\/497535","targetHints":{"allow":["GET"]}}],"collection":[{"href":"https:\/\/transparentgift.com\/pt\/wp-json\/wp\/v2\/product"}],"about":[{"href":"https:\/\/transparentgift.com\/pt\/wp-json\/wp\/v2\/types\/product"}],"replies":[{"embeddable":true,"href":"https:\/\/transparentgift.com\/pt\/wp-json\/wp\/v2\/comments?post=497535"}],"wp:featuredmedia":[{"embeddable":true,"href":"https:\/\/transparentgift.com\/pt\/wp-json\/wp\/v2\/media\/497608"}],"wp:attachment":[{"href":"https:\/\/transparentgift.com\/pt\/wp-json\/wp\/v2\/media?parent=497535"}],"wp:term":[{"taxonomy":"product_brand","embeddable":true,"href":"https:\/\/transparentgift.com\/pt\/wp-json\/wp\/v2\/product_brand?post=497535"},{"taxonomy":"product_cat","embeddable":true,"href":"https:\/\/transparentgift.com\/pt\/wp-json\/wp\/v2\/product_cat?post=497535"},{"taxonomy":"product_tag","embeddable":true,"href":"https:\/\/transparentgift.com\/pt\/wp-json\/wp\/v2\/product_tag?post=497535"},{"taxonomy":"ai-category","embeddable":true,"href":"https:\/\/transparentgift.com\/pt\/wp-json\/wp\/v2\/ai-category?post=497535"}],"curies":[{"name":"wp","href":"https:\/\/api.w.org\/{rel}","templated":true}]}}