{"id":497536,"date":"2026-01-02T11:27:37","date_gmt":"2026-01-02T11:27:37","guid":{"rendered":"https:\/\/transparentgift.com\/pt\/caneca-calendario-personalizada\/"},"modified":"2026-01-29T14:02:30","modified_gmt":"2026-01-29T14:02:30","slug":"caneca-calendario-personalizada","status":"publish","type":"product","link":"https:\/\/transparentgift.com\/pt\/caneca-calendario-personalizada\/","title":{"rendered":"Caneca Calend\u00e1rio personalizada"},"content":{"rendered":"<p>Mostra todo o teu amor \u00e0 tua cara-metade com esta <strong>caneca personalizada<\/strong> com a tua foto mais rom\u00e2ntica e os vossos nomes. \u00c9 o <strong>presente mais original para o Dia dos Namorados, o vosso Anivers\u00e1rio<\/strong> ou para o anivers\u00e1rio dela\/dele. O teu amor n\u00e3o vai querer tomar o pequeno-almo\u00e7o com outra caneca!<\/p>\n<p>Como personalizar? \u00c9 muito simples! S\u00f3 tens de <strong>escolher aquela data<\/strong> especial para voc\u00eas, <strong>a vossa foto<\/strong> favorita e <strong>escrever os vossos nomes<\/strong>. A foto ficar\u00e1 emoldurada num cora\u00e7\u00e3o sobre o <strong>design de calend\u00e1rio<\/strong>, e os nomes ficar\u00e3o gravados na vertical na parte frontal da caneca. A tua cara-metade vai ficar totalmente emocionada!<\/p>\n<p>\u00c9 fabricada em cer\u00e2mica de alta qualidade, <strong>adequada para micro-ondas e m\u00e1quina de lavar loi\u00e7a<\/strong>. <strong>Tem asa<\/strong> para a segurar com seguran\u00e7a. Al\u00e9m disso, podes <strong>encher a caneca com chocolates Kinder<\/strong> por um extra de 6 euros. S\u00f3 tens de escolher esta op\u00e7\u00e3o no momento de a personalizares. \u00c9 o presente perfeito para a tua cara-metade desfrutar do <strong>pequeno-almo\u00e7o<\/strong> ou da <strong>hora do caf\u00e9<\/strong> com a melhor caneca.<\/p>\n<p>\u00c9 um presente \u00fanico por ter sido pensado exclusivamente para a tua cara-metade. N\u00e3o hesites em oferecer esta caneca e torna os pequenos-almo\u00e7os e lanches ainda mais especiais<\/p>\n<p><strong>Caracter\u00edsticas:<\/strong><\/p>\n<ul>\n<li>Tamanho: 9,5 x 8 cm<\/li>\n<li>Material: Cer\u00e2mica.<\/li>\n<li>Capacidade: 333 ml.<\/li>\n<li>Manuten\u00e7\u00e3o: Adequada para micro-ondas e m\u00e1quina de lavar loi\u00e7a.<\/li>\n<li>Extras: Saco com Kinder.<\/li>\n<\/ul>\n","protected":false},"excerpt":{"rendered":"<p>Mostra todo o teu amor \u00e0 tua cara-metade com esta caneca personalizada com a tua foto mais rom\u00e2nti [&#8230;]<\/p>\n","protected":false},"featured_media":497879,"comment_status":"open","ping_status":"closed","template":"","meta":{"_acf_changed":false},"product_brand":[],"product_cat":[1816],"product_tag":[1678],"ai-category":[1821],"class_list":{"0":"post-497536","1":"product","2":"type-product","3":"status-publish","4":"has-post-thumbnail","6":"product_cat-canecas-personalizadas","7":"product_tag-casais","8":"ai-category-tazas-personalizadas","10":"first","11":"instock","12":"taxable","13":"shipping-taxable","14":"purchasable","15":"product-type-simple"},"acf":[],"df_price":10.99,"df_sale_price":"","df_regular_price":10.99,"df_image_link":"https:\/\/transparentgift.com\/pt\/wp-content\/uploads\/2026\/01\/1-portada-300x300.jpg","_links":{"self":[{"href":"https:\/\/transparentgift.com\/pt\/wp-json\/wp\/v2\/product\/497536","targetHints":{"allow":["GET"]}}],"collection":[{"href":"https:\/\/transparentgift.com\/pt\/wp-json\/wp\/v2\/product"}],"about":[{"href":"https:\/\/transparentgift.com\/pt\/wp-json\/wp\/v2\/types\/product"}],"replies":[{"embeddable":true,"href":"https:\/\/transparentgift.com\/pt\/wp-json\/wp\/v2\/comments?post=497536"}],"wp:featuredmedia":[{"embeddable":true,"href":"https:\/\/transparentgift.com\/pt\/wp-json\/wp\/v2\/media\/497879"}],"wp:attachment":[{"href":"https:\/\/transparentgift.com\/pt\/wp-json\/wp\/v2\/media?parent=497536"}],"wp:term":[{"taxonomy":"product_brand","embeddable":true,"href":"https:\/\/transparentgift.com\/pt\/wp-json\/wp\/v2\/product_brand?post=497536"},{"taxonomy":"product_cat","embeddable":true,"href":"https:\/\/transparentgift.com\/pt\/wp-json\/wp\/v2\/product_cat?post=497536"},{"taxonomy":"product_tag","embeddable":true,"href":"https:\/\/transparentgift.com\/pt\/wp-json\/wp\/v2\/product_tag?post=497536"},{"taxonomy":"ai-category","embeddable":true,"href":"https:\/\/transparentgift.com\/pt\/wp-json\/wp\/v2\/ai-category?post=497536"}],"curies":[{"name":"wp","href":"https:\/\/api.w.org\/{rel}","templated":true}]}}